{"id":41850,"date":"2025-05-23T09:28:00","date_gmt":"2025-05-23T08:28:00","guid":{"rendered":"https:\/\/excont.hu\/?post_type=product&#038;p=41850"},"modified":"2025-05-23T09:35:29","modified_gmt":"2025-05-23T08:35:29","slug":"3x8-meter-insulated-container-with-bathroom-and-sleeping-area","status":"publish","type":"product","link":"https:\/\/excont.hu\/en\/stock\/3x8-meter-insulated-container-with-bathroom-and-sleeping-area\/","title":{"rendered":"3&#215;8 meter insulated container with bathroom and sleeping area"},"content":{"rendered":"<p><strong>V\u00e9tel\u00e1r tartalmazza:<\/strong><\/p>\n<ul>\n<li>Hext: 2590mm\/Hint: 2350mm<\/li>\n<li>RAL 7016 keret (fel\u00e1r n\u00e9lk\u00fcl m\u00f3dos\u00edthat\u00f3 tetsz\u0151leges RAL sz\u00ednre)<\/li>\n<li>RAL 7035 oldalfal sz\u00edn (fel\u00e1r ellen\u00e9ben m\u00f3dos\u00edthat\u00f3, k\u00fcl\u00f6nb\u00f6z\u0151 RAL sz\u00ednekre)<\/li>\n<li>18mm feh\u00e9r sz\u00edn\u0171 b\u00fatorlap bels\u0151 bor\u00edt\u00e1s (juhar dekorra cser\u00e9lhet\u0151, fel\u00e1rra nincsen)<\/li>\n<li>2db 900\/1200mm buk\u00f3-ny\u00edl\u00f3 thermo ablakokat, red\u0151nnyel<\/li>\n<li>220V-os aljzatokat<\/li>\n<li>1db 900\/2050mm-es panor\u00e1ma \u00fcveges bej\u00e1rati ajt\u00f3t (thermo \u00fcveggel)<\/li>\n<li>V\u00edzt\u0171r\u0151 TEGO padl\u00f3: V\u00edzt\u0171r\u0151 r\u00e9tegelt kiv\u00e1l\u00f3 tart\u00f3ss\u00e1g (250kg\/nm) + PVC bor\u00edt\u00e1s<\/li>\n<li>elektromos kialak\u00edt\u00e1s: 32A 5 p\u00f3lus\u00fa bet\u00e1p, bels\u0151 eloszt\u00f3 doboz \u00c9V rel\u00e9vel \u00e9s kismegszak\u00edt\u00f3kkal, led armat\u00far\u00e1k<\/li>\n<li>f\u00fcrd\u0151: ker\u00e1mia WC, meleg vizes ker\u00e1mia k\u00e9zmos\u00f3 kis szekr\u00e9nyre \u00fcltetve, akril zuhanya\u00f3kabin, 80l-es bojler, vil\u00e1g\u00edt\u00e1s, f\u0171t\u00e9s, 550\/550mm-es szaniter ablak<\/li>\n<li>lev\u00e1lasztott h\u00e1l\u00f3szoba r\u00e9sz<\/li>\n<\/ul>\n<p>&nbsp;<\/p>\n<p><strong><em>V\u00e1laszthat\u00f3 extr\u00e1k\/fel\u00e1rak:<\/em><\/strong><\/p>\n<p>+ 2kW-os f\u0171t\u0151test<\/p>\n<p>+ Magas\u00edtott kivitel: 2800mm k\u00fcls\u0151\/2540mm bels\u0151 magass\u00e1g<\/p>\n<p>+ <u>\u00c1ltalunk szerelt kl\u00edma:<\/u> (RAL 7016-os sz\u00ednben, r\u00f6vid oldalon ker\u00fcl felszerel\u00e9sre) (a sz\u00e1ll\u00edt\u00e1si hat\u00e1rid\u0151 hosszabbodhat!!)<\/p>\n<ul>\n<li>Syen Charm 2,5kW-os inverteres h\u0171t\u0151 f\u0171t\u0151 split kl\u00edma<\/li>\n<li>Syen Charm 3,5kW-os inverteres h\u0171t\u0151 f\u0171t\u0151 split kl\u00edma<\/li>\n<li>Syen Muse 3,5kW-os (f\u0171t\u00e9sre optimaliz\u00e1lt) kl\u00edma<\/li>\n<li>Gree Comfort Pro 3,5kW-os (f\u0171t\u00e9sre optimaliz\u00e1lt) kl\u00edma<\/li>\n<\/ul>\n<p><strong><em>A kl\u00edm\u00e1kra adott aj\u00e1nlatunk a k\u00e9szlet erej\u00e9ig \u00e9rv\u00e9nyes!!<\/em><\/strong><\/p>\n<p>+ ablak \/ ajt\u00f3<\/p>\n<p><u>Ajt\u00f3 v\u00e1laszt\u00e9k:<\/u><\/p>\n<ul>\n<li>900\/2050mm-es lemez ajt\u00f3<\/li>\n<li>1000\/2050mm-es lemez ajt\u00f3<\/li>\n<li>1200\/2050mm-es lemez ajt\u00f3<\/li>\n<li>900\/2050mm-es f\u00e9lig \u00fcveges PVC ajt\u00f3<\/li>\n<li>900\/2050mm-es teli panor\u00e1ma \u00fcveges ajt\u00f3<\/li>\n<li>1800\/2050mm-es dupla sz\u00e1rny\u00fa lemez ajt\u00f3<\/li>\n<li>1800\/2050mm-es dupla sz\u00e1rny\u00fa teli panor\u00e1ma \u00fcveges ajt\u00f3<\/li>\n<\/ul>\n<p>+ minikonyha: cs\u00f6p\u00f6gtet\u0151t\u00e1lc\u00e1s mosogat\u00f3, k\u00e9t r\u00f3zs\u00e1s f\u0151z\u0151lap, als\u00f3 szekr\u00e9ny, pult, 10l-es bojler<\/p>\n<p>+ meger\u0151s\u00edtett padl\u00f3 400Kg\/nm egyenletes terhel\u00e9sig<\/p>\n<p>+ ac\u00e9llemez padl\u00f3 &#8211; 500kg\/nm padozati terhelhet\u0151s\u00e9ggel<\/p>\n<p>&nbsp;<\/p>\n<p><strong>M\u0171szaki le\u00edr\u00e1s:<\/strong><\/p>\n<ul>\n<li>ISO szabv\u00e1nynak megfelel\u0151 sarok kialak\u00edt\u00e1s\u00fa, 3 mm szerkezeti vastags\u00e1g\u00fa hengerelt profilb\u00f3l k\u00e9sz\u00fclt \u00f6nhord\u00f3 ac\u00e9lszerkezet.<\/li>\n<li>A tet\u0151szerkezet csapad\u00e9kv\u00edz elvezet\u00e9s\u00e9t szolg\u00e1l\u00f3 csatorn\u00e1kkal van ell\u00e1tva, amelyek a vizet oszlopokba vezetik.<\/li>\n<\/ul>\n<p>M\u00c9RETEK<\/p>\n<ul>\n<li>Hossz: 8000 mm Sz\u00e9less\u00e9g: 3000 mm Magass\u00e1g : 2590 mm Bels\u0151 magass\u00e1g: 2350 mm<\/li>\n<\/ul>\n<p>A PADL\u00d3SZERKEZET R\u00c9TEGEI ALULR\u00d3L FELFEL\u00c9<\/p>\n<ul>\n<li>0,5 mm vastag horganyzott lemez<\/li>\n<li>80 mm vastag h\u0151szigetel\u0151 polisztirol<\/li>\n<li>Anti-kondenz f\u00f3lia<\/li>\n<li>18 mm vastag v\u00edz\u00e1ll\u00f3 pr\u00e9selt faforg\u00e1cslemez<\/li>\n<li>PVC sz\u0151nyeg<\/li>\n<\/ul>\n<p>A OLDALFALAK R\u00c9TEGEI K\u00cdV\u00dcLR\u0150L BEFEL\u00c9<\/p>\n<ul>\n<li>elektrosztatikus mez\u0151ben festett, horganyzott trap\u00e9zlemez<\/li>\n<li>100mm vastag h\u0151szigetel\u0151 \u00e1sv\u00e1nygyapot 70mm-re pr\u00e9selve<\/li>\n<li>Anti-kondenz f\u00f3lia -k\u00fcl\u00f6nb\u00f6z\u0151 sz\u00edn\u0171 lamin\u00e1lt faforg\u00e1cslap<\/li>\n<\/ul>\n<p>A TET\u0150SZERKEZET R\u00c9TEGEI ALULR\u00d3L FELFEL\u00c9<\/p>\n<ul>\n<li>feh\u00e9r lamin\u00e1lt faforg\u00e1cslap<\/li>\n<li>anti-kondenz f\u00f3lia<\/li>\n<li>100 mm vastag h\u0151szigetel\u0151 \u00e1sv\u00e1nygyapot<\/li>\n<\/ul>\n","protected":false},"excerpt":{"rendered":"<p>V\u00e9tel\u00e1r tartalmazza: Hext: 2590mm\/Hint: 2350mm RAL 7016 keret (fel\u00e1r n\u00e9lk\u00fcl m\u00f3dos\u00edthat\u00f3 tetsz\u0151leges RAL sz\u00ednre) RAL 7035 oldalfal sz\u00edn (fel\u00e1r ellen\u00e9ben m\u00f3dos\u00edthat\u00f3, k\u00fcl\u00f6nb\u00f6z\u0151 RAL sz\u00ednekre) 18mm feh\u00e9r sz\u00edn\u0171 b\u00fatorlap bels\u0151 bor\u00edt\u00e1s (juhar dekorra cser\u00e9lhet\u0151, fel\u00e1rra nincsen) 2db 900\/1200mm buk\u00f3-ny\u00edl\u00f3 thermo ablakokat,<span class=\"excerpt-hellip\"> [\u2026]<\/span><\/p>\n","protected":false},"featured_media":41776,"template":"","meta":[],"product_brand":[],"product_cat":[85],"product_tag":[],"class_list":{"0":"post-41850","1":"product","2":"type-product","3":"status-publish","4":"has-post-thumbnail","6":"product_cat-office-container","8":"first","9":"instock","10":"shipping-taxable","11":"purchasable","12":"product-type-simple"},"yoast_head":"<!-- This site is optimized with the Yoast SEO plugin v26.1.1 - https:\/\/yoast.com\/wordpress\/plugins\/seo\/ -->\n<title>3x8 meter insulated container with bathroom and sleeping area | EXcont Container<\/title>\n<meta name=\"robots\" content=\"index, follow, max-snippet:-1, max-image-preview:large, max-video-preview:-1\" \/>\n<link rel=\"canonical\" href=\"https:\/\/excont.hu\/en\/stock\/3x8-meter-insulated-container-with-bathroom-and-sleeping-area\/\" \/>\n<meta property=\"og:locale\" content=\"en_US\" \/>\n<meta property=\"og:type\" content=\"article\" \/>\n<meta property=\"og:title\" content=\"3x8 meter insulated container with bathroom and sleeping area | EXcont Container\" \/>\n<meta property=\"og:description\" content=\"V\u00e9tel\u00e1r tartalmazza: Hext: 2590mm\/Hint: 2350mm RAL 7016 keret (fel\u00e1r n\u00e9lk\u00fcl m\u00f3dos\u00edthat\u00f3 tetsz\u0151leges RAL sz\u00ednre) RAL 7035 oldalfal sz\u00edn (fel\u00e1r ellen\u00e9ben m\u00f3dos\u00edthat\u00f3, k\u00fcl\u00f6nb\u00f6z\u0151 RAL sz\u00ednekre) 18mm feh\u00e9r sz\u00edn\u0171 b\u00fatorlap bels\u0151 bor\u00edt\u00e1s (juhar dekorra cser\u00e9lhet\u0151, fel\u00e1rra nincsen) 2db 900\/1200mm buk\u00f3-ny\u00edl\u00f3 thermo ablakokat, [\u2026]\" \/>\n<meta property=\"og:url\" content=\"https:\/\/excont.hu\/en\/stock\/3x8-meter-insulated-container-with-bathroom-and-sleeping-area\/\" \/>\n<meta property=\"og:site_name\" content=\"EXcont Container\" \/>\n<meta property=\"article:modified_time\" content=\"2025-05-23T08:35:29+00:00\" \/>\n<meta property=\"og:image\" content=\"https:\/\/excont.hu\/wp-content\/uploads\/3x8-furdovel-haloval-1.jpg\" \/>\n\t<meta property=\"og:image:width\" content=\"1600\" \/>\n\t<meta property=\"og:image:height\" content=\"1200\" \/>\n\t<meta property=\"og:image:type\" content=\"image\/jpeg\" \/>\n<meta name=\"twitter:card\" content=\"summary_large_image\" \/>\n<meta name=\"twitter:label1\" content=\"Est. reading time\" \/>\n\t<meta name=\"twitter:data1\" content=\"2 minutes\" \/>\n<script type=\"application\/ld+json\" class=\"yoast-schema-graph\">{\"@context\":\"https:\/\/schema.org\",\"@graph\":[{\"@type\":\"WebPage\",\"@id\":\"https:\/\/excont.hu\/en\/stock\/3x8-meter-insulated-container-with-bathroom-and-sleeping-area\/\",\"url\":\"https:\/\/excont.hu\/en\/stock\/3x8-meter-insulated-container-with-bathroom-and-sleeping-area\/\",\"name\":\"3x8 meter insulated container with bathroom and sleeping area | EXcont Container\",\"isPartOf\":{\"@id\":\"https:\/\/excont.hu\/en\/#website\"},\"primaryImageOfPage\":{\"@id\":\"https:\/\/excont.hu\/en\/stock\/3x8-meter-insulated-container-with-bathroom-and-sleeping-area\/#primaryimage\"},\"image\":{\"@id\":\"https:\/\/excont.hu\/en\/stock\/3x8-meter-insulated-container-with-bathroom-and-sleeping-area\/#primaryimage\"},\"thumbnailUrl\":\"https:\/\/excont.hu\/wp-content\/uploads\/3x8-furdovel-haloval-1.jpg\",\"datePublished\":\"2025-05-23T08:28:00+00:00\",\"dateModified\":\"2025-05-23T08:35:29+00:00\",\"breadcrumb\":{\"@id\":\"https:\/\/excont.hu\/en\/stock\/3x8-meter-insulated-container-with-bathroom-and-sleeping-area\/#breadcrumb\"},\"inLanguage\":\"en-US\",\"potentialAction\":[{\"@type\":\"ReadAction\",\"target\":[\"https:\/\/excont.hu\/en\/stock\/3x8-meter-insulated-container-with-bathroom-and-sleeping-area\/\"]}]},{\"@type\":\"ImageObject\",\"inLanguage\":\"en-US\",\"@id\":\"https:\/\/excont.hu\/en\/stock\/3x8-meter-insulated-container-with-bathroom-and-sleeping-area\/#primaryimage\",\"url\":\"https:\/\/excont.hu\/wp-content\/uploads\/3x8-furdovel-haloval-1.jpg\",\"contentUrl\":\"https:\/\/excont.hu\/wp-content\/uploads\/3x8-furdovel-haloval-1.jpg\",\"width\":1600,\"height\":1200},{\"@type\":\"BreadcrumbList\",\"@id\":\"https:\/\/excont.hu\/en\/stock\/3x8-meter-insulated-container-with-bathroom-and-sleeping-area\/#breadcrumb\",\"itemListElement\":[{\"@type\":\"ListItem\",\"position\":1,\"name\":\"Home\",\"item\":\"https:\/\/excont.hu\/en\/\"},{\"@type\":\"ListItem\",\"position\":2,\"name\":\"Stock\",\"item\":\"https:\/\/excont.hu\/en\/stock\/\"},{\"@type\":\"ListItem\",\"position\":3,\"name\":\"3&#215;8 meter insulated container with bathroom and sleeping area\"}]},{\"@type\":\"WebSite\",\"@id\":\"https:\/\/excont.hu\/en\/#website\",\"url\":\"https:\/\/excont.hu\/en\/\",\"name\":\"EXcont Container Kft.\",\"description\":\"Solving your space shortage\",\"publisher\":{\"@id\":\"https:\/\/excont.hu\/en\/#organization\"},\"potentialAction\":[{\"@type\":\"SearchAction\",\"target\":{\"@type\":\"EntryPoint\",\"urlTemplate\":\"https:\/\/excont.hu\/en\/?s={search_term_string}\"},\"query-input\":{\"@type\":\"PropertyValueSpecification\",\"valueRequired\":true,\"valueName\":\"search_term_string\"}}],\"inLanguage\":\"en-US\"},{\"@type\":\"Organization\",\"@id\":\"https:\/\/excont.hu\/en\/#organization\",\"name\":\"EXcont Container Ltd.\",\"url\":\"https:\/\/excont.hu\/en\/\",\"logo\":{\"@type\":\"ImageObject\",\"inLanguage\":\"en-US\",\"@id\":\"https:\/\/excont.hu\/en\/#\/schema\/logo\/image\/\",\"url\":\"https:\/\/excont.hu\/wp-content\/uploads\/favicon.png\",\"contentUrl\":\"https:\/\/excont.hu\/wp-content\/uploads\/favicon.png\",\"width\":150,\"height\":150,\"caption\":\"EXcont Container Ltd.\"},\"image\":{\"@id\":\"https:\/\/excont.hu\/en\/#\/schema\/logo\/image\/\"}}]}<\/script>\n<!-- \/ Yoast SEO plugin. -->","yoast_head_json":{"title":"3x8 meter insulated container with bathroom and sleeping area | EXcont Container","robots":{"index":"index","follow":"follow","max-snippet":"max-snippet:-1","max-image-preview":"max-image-preview:large","max-video-preview":"max-video-preview:-1"},"canonical":"https:\/\/excont.hu\/en\/stock\/3x8-meter-insulated-container-with-bathroom-and-sleeping-area\/","og_locale":"en_US","og_type":"article","og_title":"3x8 meter insulated container with bathroom and sleeping area | EXcont Container","og_description":"V\u00e9tel\u00e1r tartalmazza: Hext: 2590mm\/Hint: 2350mm RAL 7016 keret (fel\u00e1r n\u00e9lk\u00fcl m\u00f3dos\u00edthat\u00f3 tetsz\u0151leges RAL sz\u00ednre) RAL 7035 oldalfal sz\u00edn (fel\u00e1r ellen\u00e9ben m\u00f3dos\u00edthat\u00f3, k\u00fcl\u00f6nb\u00f6z\u0151 RAL sz\u00ednekre) 18mm feh\u00e9r sz\u00edn\u0171 b\u00fatorlap bels\u0151 bor\u00edt\u00e1s (juhar dekorra cser\u00e9lhet\u0151, fel\u00e1rra nincsen) 2db 900\/1200mm buk\u00f3-ny\u00edl\u00f3 thermo ablakokat, [\u2026]","og_url":"https:\/\/excont.hu\/en\/stock\/3x8-meter-insulated-container-with-bathroom-and-sleeping-area\/","og_site_name":"EXcont Container","article_modified_time":"2025-05-23T08:35:29+00:00","og_image":[{"width":1600,"height":1200,"url":"https:\/\/excont.hu\/wp-content\/uploads\/3x8-furdovel-haloval-1.jpg","type":"image\/jpeg"}],"twitter_card":"summary_large_image","twitter_misc":{"Est. reading time":"2 minutes"},"schema":{"@context":"https:\/\/schema.org","@graph":[{"@type":"WebPage","@id":"https:\/\/excont.hu\/en\/stock\/3x8-meter-insulated-container-with-bathroom-and-sleeping-area\/","url":"https:\/\/excont.hu\/en\/stock\/3x8-meter-insulated-container-with-bathroom-and-sleeping-area\/","name":"3x8 meter insulated container with bathroom and sleeping area | EXcont Container","isPartOf":{"@id":"https:\/\/excont.hu\/en\/#website"},"primaryImageOfPage":{"@id":"https:\/\/excont.hu\/en\/stock\/3x8-meter-insulated-container-with-bathroom-and-sleeping-area\/#primaryimage"},"image":{"@id":"https:\/\/excont.hu\/en\/stock\/3x8-meter-insulated-container-with-bathroom-and-sleeping-area\/#primaryimage"},"thumbnailUrl":"https:\/\/excont.hu\/wp-content\/uploads\/3x8-furdovel-haloval-1.jpg","datePublished":"2025-05-23T08:28:00+00:00","dateModified":"2025-05-23T08:35:29+00:00","breadcrumb":{"@id":"https:\/\/excont.hu\/en\/stock\/3x8-meter-insulated-container-with-bathroom-and-sleeping-area\/#breadcrumb"},"inLanguage":"en-US","potentialAction":[{"@type":"ReadAction","target":["https:\/\/excont.hu\/en\/stock\/3x8-meter-insulated-container-with-bathroom-and-sleeping-area\/"]}]},{"@type":"ImageObject","inLanguage":"en-US","@id":"https:\/\/excont.hu\/en\/stock\/3x8-meter-insulated-container-with-bathroom-and-sleeping-area\/#primaryimage","url":"https:\/\/excont.hu\/wp-content\/uploads\/3x8-furdovel-haloval-1.jpg","contentUrl":"https:\/\/excont.hu\/wp-content\/uploads\/3x8-furdovel-haloval-1.jpg","width":1600,"height":1200},{"@type":"BreadcrumbList","@id":"https:\/\/excont.hu\/en\/stock\/3x8-meter-insulated-container-with-bathroom-and-sleeping-area\/#breadcrumb","itemListElement":[{"@type":"ListItem","position":1,"name":"Home","item":"https:\/\/excont.hu\/en\/"},{"@type":"ListItem","position":2,"name":"Stock","item":"https:\/\/excont.hu\/en\/stock\/"},{"@type":"ListItem","position":3,"name":"3&#215;8 meter insulated container with bathroom and sleeping area"}]},{"@type":"WebSite","@id":"https:\/\/excont.hu\/en\/#website","url":"https:\/\/excont.hu\/en\/","name":"EXcont Container Kft.","description":"Solving your space shortage","publisher":{"@id":"https:\/\/excont.hu\/en\/#organization"},"potentialAction":[{"@type":"SearchAction","target":{"@type":"EntryPoint","urlTemplate":"https:\/\/excont.hu\/en\/?s={search_term_string}"},"query-input":{"@type":"PropertyValueSpecification","valueRequired":true,"valueName":"search_term_string"}}],"inLanguage":"en-US"},{"@type":"Organization","@id":"https:\/\/excont.hu\/en\/#organization","name":"EXcont Container Ltd.","url":"https:\/\/excont.hu\/en\/","logo":{"@type":"ImageObject","inLanguage":"en-US","@id":"https:\/\/excont.hu\/en\/#\/schema\/logo\/image\/","url":"https:\/\/excont.hu\/wp-content\/uploads\/favicon.png","contentUrl":"https:\/\/excont.hu\/wp-content\/uploads\/favicon.png","width":150,"height":150,"caption":"EXcont Container Ltd."},"image":{"@id":"https:\/\/excont.hu\/en\/#\/schema\/logo\/image\/"}}]}},"_links":{"self":[{"href":"https:\/\/excont.hu\/en\/wp-json\/wp\/v2\/product\/41850","targetHints":{"allow":["GET"]}}],"collection":[{"href":"https:\/\/excont.hu\/en\/wp-json\/wp\/v2\/product"}],"about":[{"href":"https:\/\/excont.hu\/en\/wp-json\/wp\/v2\/types\/product"}],"wp:featuredmedia":[{"embeddable":true,"href":"https:\/\/excont.hu\/en\/wp-json\/wp\/v2\/media\/41776"}],"wp:attachment":[{"href":"https:\/\/excont.hu\/en\/wp-json\/wp\/v2\/media?parent=41850"}],"wp:term":[{"taxonomy":"product_brand","embeddable":true,"href":"https:\/\/excont.hu\/en\/wp-json\/wp\/v2\/product_brand?post=41850"},{"taxonomy":"product_cat","embeddable":true,"href":"https:\/\/excont.hu\/en\/wp-json\/wp\/v2\/product_cat?post=41850"},{"taxonomy":"product_tag","embeddable":true,"href":"https:\/\/excont.hu\/en\/wp-json\/wp\/v2\/product_tag?post=41850"}],"curies":[{"name":"wp","href":"https:\/\/api.w.org\/{rel}","templated":true}]}}