{"id":41749,"date":"2025-05-23T05:40:54","date_gmt":"2025-05-23T04:42:57","guid":{"rendered":"https:\/\/excont.hu\/?post_type=product&#038;p=41749"},"modified":"2025-05-23T09:43:52","modified_gmt":"2025-05-23T08:43:52","slug":"new-10-lightweight-office-container-002","status":"publish","type":"product","link":"https:\/\/excont.hu\/en\/stock\/new-10-lightweight-office-container-002\/","title":{"rendered":"New 10&#8242; lightweight office container 002"},"content":{"rendered":"<p>Keret sz\u00edne: RAL7016<\/p>\n<p>Panel sz\u00edne: RAL 9002<\/p>\n<p>Alapter\u00fclet: 3&#215;2,4m, Magass\u00e1g: 2,6m<\/p>\n<p>Villazsebbel rendelkezik, kis targonc\u00e1val is k\u00f6nnyen mozgathat\u00f3<\/p>\n<p>&nbsp;<\/p>\n<p><strong>Felszerelts\u00e9g:<\/strong><\/p>\n<ul>\n<li>50mm PUR oldalfal szigetel\u00e9s<\/li>\n<li>100mm rockwool padl\u00f3<\/li>\n<li>40mm PUR tet\u0151 szigetel\u00e9s<\/li>\n<li>3db 100x120cm-es ablak red\u0151ny n\u00e9lk\u00fcl, melynek az egyik fele nyithat\u00f3 (tol\u00f3ablak)<\/li>\n<li>PVC ajt\u00f3<\/li>\n<li>5 p\u00f3lus\u00fa 32A bet\u00e1p (ig\u00e9ny eset\u00e9n 220\u2019 bek\u00f6t\u0151 dobozos)<\/li>\n<li>Cementk\u00f6t\u00e9s\u0171 padl\u00f3lap + PVC bor\u00edt\u00e1s<\/li>\n<li>3 konnektor + vil\u00e1g\u00edt\u00e1s, kismegszak\u00edt\u00f3k \u00c9V rel\u00e9<\/li>\n<\/ul>\n<p>&nbsp;<\/p>\n<p><strong>Extr\u00e1k \u00e9s kieg\u00e9sz\u00edt\u0151k:<\/strong><\/p>\n<ul>\n<li>F\u0171t\u0151test: (Thermoval m\u00e1rka), mely tartalmazza a hozz\u00e1 sz\u00fcks\u00e9ges plusz aljzat kialak\u00edt\u00e1s\u00e1t<\/li>\n<li>\u00c1ltalunk szerelt kl\u00edma (RAL 7016-os sz\u00ednben, r\u00f6vid oldalon ker\u00fcl felszerel\u00e9sre) (a sz\u00e1ll\u00edt\u00e1si hat\u00e1rid\u0151 hosszabodhat!!)\n<ul>\n<li>Syen Charm 2,5kW-os inverteres h\u0171t\u0151 f\u0171t\u0151 split kl\u00edma<\/li>\n<li>Syen Charm 3,5kW-os inverteres h\u0171t\u0151 f\u0171t\u0151 split kl\u00edma<\/li>\n<li>Syen Muse 3,5kW-os (f\u0171t\u00e9sre optimaliz\u00e1lt) kl\u00edma<\/li>\n<li>Gree Comfort Pro 3,5kW-os (f\u0171t\u00e9sre optimaliz\u00e1lt) kl\u00edma<br \/>\n<strong><em>A kl\u00edm\u00e1kra adott aj\u00e1nlatunk a k\u00e9szlet erej\u00e9ig \u00e9rv\u00e9nyes!!<\/em><\/strong><\/li>\n<\/ul>\n<\/li>\n<li>Red\u0151ny\u00f6s ablakra cser\u00e9l\u00e9s<\/li>\n<li>\u00dcvegbet\u00e9tes ajt\u00f3ra cser\u00e9l\u00e9s<\/li>\n<li>Mosd\u00f3: ker\u00e1mia WC, meleg vizes ker\u00e1mia k\u00e9zmos\u00f3, szaniterablak, vil\u00e1g\u00edt\u00e1s, f\u0171t\u00e9s<\/li>\n<\/ul>\n","protected":false},"excerpt":{"rendered":"<p>Keret sz\u00edne: RAL7016 Panel sz\u00edne: RAL 9002 Alapter\u00fclet: 3&#215;2,4m, Magass\u00e1g: 2,6m Villazsebbel rendelkezik, kis targonc\u00e1val is k\u00f6nnyen mozgathat\u00f3 &nbsp; Felszerelts\u00e9g: 50mm PUR oldalfal szigetel\u00e9s 100mm rockwool padl\u00f3 40mm PUR tet\u0151 szigetel\u00e9s 3db 100x120cm-es ablak red\u0151ny n\u00e9lk\u00fcl, melynek az egyik fele<span class=\"excerpt-hellip\"> [\u2026]<\/span><\/p>\n","protected":false},"featured_media":41711,"template":"","meta":[],"product_brand":[],"product_cat":[85],"product_tag":[],"class_list":{"0":"post-41749","1":"product","2":"type-product","3":"status-publish","4":"has-post-thumbnail","6":"product_cat-office-container","8":"first","9":"instock","10":"shipping-taxable","11":"purchasable","12":"product-type-simple"},"yoast_head":"<!-- This site is optimized with the Yoast SEO plugin v26.1.1 - https:\/\/yoast.com\/wordpress\/plugins\/seo\/ -->\n<title>New 10&#039; lightweight office container 002 | EXcont Container<\/title>\n<meta name=\"robots\" content=\"index, follow, max-snippet:-1, max-image-preview:large, max-video-preview:-1\" \/>\n<link rel=\"canonical\" href=\"https:\/\/excont.hu\/en\/stock\/new-10-lightweight-office-container-002\/\" \/>\n<meta property=\"og:locale\" content=\"en_US\" \/>\n<meta property=\"og:type\" content=\"article\" \/>\n<meta property=\"og:title\" content=\"New 10&#039; lightweight office container 002 | EXcont Container\" \/>\n<meta property=\"og:description\" content=\"Keret sz\u00edne: RAL7016 Panel sz\u00edne: RAL 9002 Alapter\u00fclet: 3&#215;2,4m, Magass\u00e1g: 2,6m Villazsebbel rendelkezik, kis targonc\u00e1val is k\u00f6nnyen mozgathat\u00f3 &nbsp; Felszerelts\u00e9g: 50mm PUR oldalfal szigetel\u00e9s 100mm rockwool padl\u00f3 40mm PUR tet\u0151 szigetel\u00e9s 3db 100x120cm-es ablak red\u0151ny n\u00e9lk\u00fcl, melynek az egyik fele [\u2026]\" \/>\n<meta property=\"og:url\" content=\"https:\/\/excont.hu\/en\/stock\/new-10-lightweight-office-container-002\/\" \/>\n<meta property=\"og:site_name\" content=\"EXcont Container\" \/>\n<meta property=\"article:modified_time\" content=\"2025-05-23T08:43:52+00:00\" \/>\n<meta property=\"og:image\" content=\"https:\/\/excont.hu\/wp-content\/uploads\/3-ablakos-1.jpg\" \/>\n\t<meta property=\"og:image:width\" content=\"1500\" \/>\n\t<meta property=\"og:image:height\" content=\"2000\" \/>\n\t<meta property=\"og:image:type\" content=\"image\/jpeg\" \/>\n<meta name=\"twitter:card\" content=\"summary_large_image\" \/>\n<meta name=\"twitter:label1\" content=\"Est. reading time\" \/>\n\t<meta name=\"twitter:data1\" content=\"1 minute\" \/>\n<script type=\"application\/ld+json\" class=\"yoast-schema-graph\">{\"@context\":\"https:\/\/schema.org\",\"@graph\":[{\"@type\":\"WebPage\",\"@id\":\"https:\/\/excont.hu\/en\/stock\/new-10-lightweight-office-container-002\/\",\"url\":\"https:\/\/excont.hu\/en\/stock\/new-10-lightweight-office-container-002\/\",\"name\":\"New 10' lightweight office container 002 | EXcont Container\",\"isPartOf\":{\"@id\":\"https:\/\/excont.hu\/en\/#website\"},\"primaryImageOfPage\":{\"@id\":\"https:\/\/excont.hu\/en\/stock\/new-10-lightweight-office-container-002\/#primaryimage\"},\"image\":{\"@id\":\"https:\/\/excont.hu\/en\/stock\/new-10-lightweight-office-container-002\/#primaryimage\"},\"thumbnailUrl\":\"https:\/\/excont.hu\/wp-content\/uploads\/3-ablakos-1.jpg\",\"datePublished\":\"2025-05-23T04:42:57+00:00\",\"dateModified\":\"2025-05-23T08:43:52+00:00\",\"breadcrumb\":{\"@id\":\"https:\/\/excont.hu\/en\/stock\/new-10-lightweight-office-container-002\/#breadcrumb\"},\"inLanguage\":\"en-US\",\"potentialAction\":[{\"@type\":\"ReadAction\",\"target\":[\"https:\/\/excont.hu\/en\/stock\/new-10-lightweight-office-container-002\/\"]}]},{\"@type\":\"ImageObject\",\"inLanguage\":\"en-US\",\"@id\":\"https:\/\/excont.hu\/en\/stock\/new-10-lightweight-office-container-002\/#primaryimage\",\"url\":\"https:\/\/excont.hu\/wp-content\/uploads\/3-ablakos-1.jpg\",\"contentUrl\":\"https:\/\/excont.hu\/wp-content\/uploads\/3-ablakos-1.jpg\",\"width\":1500,\"height\":2000},{\"@type\":\"BreadcrumbList\",\"@id\":\"https:\/\/excont.hu\/en\/stock\/new-10-lightweight-office-container-002\/#breadcrumb\",\"itemListElement\":[{\"@type\":\"ListItem\",\"position\":1,\"name\":\"Home\",\"item\":\"https:\/\/excont.hu\/en\/\"},{\"@type\":\"ListItem\",\"position\":2,\"name\":\"Stock\",\"item\":\"https:\/\/excont.hu\/en\/stock\/\"},{\"@type\":\"ListItem\",\"position\":3,\"name\":\"New 10&#8242; lightweight office container 002\"}]},{\"@type\":\"WebSite\",\"@id\":\"https:\/\/excont.hu\/en\/#website\",\"url\":\"https:\/\/excont.hu\/en\/\",\"name\":\"EXcont Container Kft.\",\"description\":\"Solving your space shortage\",\"publisher\":{\"@id\":\"https:\/\/excont.hu\/en\/#organization\"},\"potentialAction\":[{\"@type\":\"SearchAction\",\"target\":{\"@type\":\"EntryPoint\",\"urlTemplate\":\"https:\/\/excont.hu\/en\/?s={search_term_string}\"},\"query-input\":{\"@type\":\"PropertyValueSpecification\",\"valueRequired\":true,\"valueName\":\"search_term_string\"}}],\"inLanguage\":\"en-US\"},{\"@type\":\"Organization\",\"@id\":\"https:\/\/excont.hu\/en\/#organization\",\"name\":\"EXcont Container Ltd.\",\"url\":\"https:\/\/excont.hu\/en\/\",\"logo\":{\"@type\":\"ImageObject\",\"inLanguage\":\"en-US\",\"@id\":\"https:\/\/excont.hu\/en\/#\/schema\/logo\/image\/\",\"url\":\"https:\/\/excont.hu\/wp-content\/uploads\/favicon.png\",\"contentUrl\":\"https:\/\/excont.hu\/wp-content\/uploads\/favicon.png\",\"width\":150,\"height\":150,\"caption\":\"EXcont Container Ltd.\"},\"image\":{\"@id\":\"https:\/\/excont.hu\/en\/#\/schema\/logo\/image\/\"}}]}<\/script>\n<!-- \/ Yoast SEO plugin. -->","yoast_head_json":{"title":"New 10' lightweight office container 002 | EXcont Container","robots":{"index":"index","follow":"follow","max-snippet":"max-snippet:-1","max-image-preview":"max-image-preview:large","max-video-preview":"max-video-preview:-1"},"canonical":"https:\/\/excont.hu\/en\/stock\/new-10-lightweight-office-container-002\/","og_locale":"en_US","og_type":"article","og_title":"New 10' lightweight office container 002 | EXcont Container","og_description":"Keret sz\u00edne: RAL7016 Panel sz\u00edne: RAL 9002 Alapter\u00fclet: 3&#215;2,4m, Magass\u00e1g: 2,6m Villazsebbel rendelkezik, kis targonc\u00e1val is k\u00f6nnyen mozgathat\u00f3 &nbsp; Felszerelts\u00e9g: 50mm PUR oldalfal szigetel\u00e9s 100mm rockwool padl\u00f3 40mm PUR tet\u0151 szigetel\u00e9s 3db 100x120cm-es ablak red\u0151ny n\u00e9lk\u00fcl, melynek az egyik fele [\u2026]","og_url":"https:\/\/excont.hu\/en\/stock\/new-10-lightweight-office-container-002\/","og_site_name":"EXcont Container","article_modified_time":"2025-05-23T08:43:52+00:00","og_image":[{"width":1500,"height":2000,"url":"https:\/\/excont.hu\/wp-content\/uploads\/3-ablakos-1.jpg","type":"image\/jpeg"}],"twitter_card":"summary_large_image","twitter_misc":{"Est. reading time":"1 minute"},"schema":{"@context":"https:\/\/schema.org","@graph":[{"@type":"WebPage","@id":"https:\/\/excont.hu\/en\/stock\/new-10-lightweight-office-container-002\/","url":"https:\/\/excont.hu\/en\/stock\/new-10-lightweight-office-container-002\/","name":"New 10' lightweight office container 002 | EXcont Container","isPartOf":{"@id":"https:\/\/excont.hu\/en\/#website"},"primaryImageOfPage":{"@id":"https:\/\/excont.hu\/en\/stock\/new-10-lightweight-office-container-002\/#primaryimage"},"image":{"@id":"https:\/\/excont.hu\/en\/stock\/new-10-lightweight-office-container-002\/#primaryimage"},"thumbnailUrl":"https:\/\/excont.hu\/wp-content\/uploads\/3-ablakos-1.jpg","datePublished":"2025-05-23T04:42:57+00:00","dateModified":"2025-05-23T08:43:52+00:00","breadcrumb":{"@id":"https:\/\/excont.hu\/en\/stock\/new-10-lightweight-office-container-002\/#breadcrumb"},"inLanguage":"en-US","potentialAction":[{"@type":"ReadAction","target":["https:\/\/excont.hu\/en\/stock\/new-10-lightweight-office-container-002\/"]}]},{"@type":"ImageObject","inLanguage":"en-US","@id":"https:\/\/excont.hu\/en\/stock\/new-10-lightweight-office-container-002\/#primaryimage","url":"https:\/\/excont.hu\/wp-content\/uploads\/3-ablakos-1.jpg","contentUrl":"https:\/\/excont.hu\/wp-content\/uploads\/3-ablakos-1.jpg","width":1500,"height":2000},{"@type":"BreadcrumbList","@id":"https:\/\/excont.hu\/en\/stock\/new-10-lightweight-office-container-002\/#breadcrumb","itemListElement":[{"@type":"ListItem","position":1,"name":"Home","item":"https:\/\/excont.hu\/en\/"},{"@type":"ListItem","position":2,"name":"Stock","item":"https:\/\/excont.hu\/en\/stock\/"},{"@type":"ListItem","position":3,"name":"New 10&#8242; lightweight office container 002"}]},{"@type":"WebSite","@id":"https:\/\/excont.hu\/en\/#website","url":"https:\/\/excont.hu\/en\/","name":"EXcont Container Kft.","description":"Solving your space shortage","publisher":{"@id":"https:\/\/excont.hu\/en\/#organization"},"potentialAction":[{"@type":"SearchAction","target":{"@type":"EntryPoint","urlTemplate":"https:\/\/excont.hu\/en\/?s={search_term_string}"},"query-input":{"@type":"PropertyValueSpecification","valueRequired":true,"valueName":"search_term_string"}}],"inLanguage":"en-US"},{"@type":"Organization","@id":"https:\/\/excont.hu\/en\/#organization","name":"EXcont Container Ltd.","url":"https:\/\/excont.hu\/en\/","logo":{"@type":"ImageObject","inLanguage":"en-US","@id":"https:\/\/excont.hu\/en\/#\/schema\/logo\/image\/","url":"https:\/\/excont.hu\/wp-content\/uploads\/favicon.png","contentUrl":"https:\/\/excont.hu\/wp-content\/uploads\/favicon.png","width":150,"height":150,"caption":"EXcont Container Ltd."},"image":{"@id":"https:\/\/excont.hu\/en\/#\/schema\/logo\/image\/"}}]}},"_links":{"self":[{"href":"https:\/\/excont.hu\/en\/wp-json\/wp\/v2\/product\/41749","targetHints":{"allow":["GET"]}}],"collection":[{"href":"https:\/\/excont.hu\/en\/wp-json\/wp\/v2\/product"}],"about":[{"href":"https:\/\/excont.hu\/en\/wp-json\/wp\/v2\/types\/product"}],"wp:featuredmedia":[{"embeddable":true,"href":"https:\/\/excont.hu\/en\/wp-json\/wp\/v2\/media\/41711"}],"wp:attachment":[{"href":"https:\/\/excont.hu\/en\/wp-json\/wp\/v2\/media?parent=41749"}],"wp:term":[{"taxonomy":"product_brand","embeddable":true,"href":"https:\/\/excont.hu\/en\/wp-json\/wp\/v2\/product_brand?post=41749"},{"taxonomy":"product_cat","embeddable":true,"href":"https:\/\/excont.hu\/en\/wp-json\/wp\/v2\/product_cat?post=41749"},{"taxonomy":"product_tag","embeddable":true,"href":"https:\/\/excont.hu\/en\/wp-json\/wp\/v2\/product_tag?post=41749"}],"curies":[{"name":"wp","href":"https:\/\/api.w.org\/{rel}","templated":true}]}}