{"id":41353,"date":"2024-03-28T08:28:12","date_gmt":"2024-03-28T07:28:12","guid":{"rendered":"https:\/\/excont.hu\/?post_type=product&#038;p=41353"},"modified":"2024-04-15T13:16:21","modified_gmt":"2024-04-15T12:16:21","slug":"used-iso-40-hc-shipping-container-005","status":"publish","type":"product","link":"https:\/\/excont.hu\/en\/stock\/used-iso-40-hc-shipping-container-005\/","title":{"rendered":"Used ISO 40&#8242; HC shipping container 005"},"content":{"rendered":"<p>T\u00e1rsas\u00e1gunk elad\u00e1sra k\u00edn\u00e1lja haszn\u00e1lt, \u00e1tlagos \u00e1llapot\u00fa ISO 40\u2032 HC tengeri rakt\u00e1rkont\u00e9ner\u00e9t.<\/p>\n<p><strong>M\u00e9retek:<\/strong><\/p>\n<table class=\"size-table\">\n<tbody>\n<tr>\n<td><strong>K\u00fcls\u0151<\/strong><\/td>\n<td>Hossz\u00fas\u00e1g<br \/>\nSz\u00e9less\u00e9g<br \/>\nMagass\u00e1g<\/td>\n<td>12192 mm<br \/>\n2438 mm<br \/>\n2896 mm<\/td>\n<\/tr>\n<tr>\n<td><strong>Bels\u0151<\/strong><\/td>\n<td>Hossz\u00fas\u00e1g<br \/>\nSz\u00e9less\u00e9g<br \/>\nMagass\u00e1g<\/td>\n<td>12032 mm<br \/>\n2352 mm<br \/>\n2690 mm<\/td>\n<\/tr>\n<\/tbody>\n<\/table>\n<p>&nbsp;<\/p>\n<p><strong>A kont\u00e9ner \u00e1llapotle\u00edr\u00e1sa:<\/strong><\/p>\n<ul>\n<li>ajt\u00f3 gumizat \u00e1llapota megfelel\u0151<\/li>\n<li>tet\u0151: szakszer\u0171 jav\u00edt\u00e1s lehet rajta<\/li>\n<li>padl\u00f3: szakszer\u0171 jav\u00edt\u00e1s el\u0151fordul rajta<\/li>\n<li>oldalfalak: apr\u00f3 horpad\u00e1sok, fel\u00fcleti rozsda<\/li>\n<\/ul>\n<p>Z\u00e1rhat\u00f3, be\u00e1z\u00e1smentes<\/p>\n<p>A kont\u00e9ner kedvezm\u00e9nyes kisz\u00e1ll\u00edt\u00e1s\u00e1t v\u00e1llaljuk az orsz\u00e1g eg\u00e9sz ter\u00fclet\u00e9n!<\/p>\n","protected":false},"excerpt":{"rendered":"<p>T\u00e1rsas\u00e1gunk elad\u00e1sra k\u00edn\u00e1lja haszn\u00e1lt, \u00e1tlagos \u00e1llapot\u00fa ISO 40\u2032 HC tengeri rakt\u00e1rkont\u00e9ner\u00e9t. M\u00e9retek: K\u00fcls\u0151 Hossz\u00fas\u00e1g Sz\u00e9less\u00e9g Magass\u00e1g 12192 mm 2438 mm 2896 mm Bels\u0151 Hossz\u00fas\u00e1g Sz\u00e9less\u00e9g Magass\u00e1g 12032 mm 2352 mm 2690 mm &nbsp; A kont\u00e9ner \u00e1llapotle\u00edr\u00e1sa: ajt\u00f3 gumizat \u00e1llapota megfelel\u0151<span class=\"excerpt-hellip\"> [\u2026]<\/span><\/p>\n","protected":false},"featured_media":41924,"template":"","meta":[],"product_brand":[],"product_cat":[84],"product_tag":[],"class_list":{"0":"post-41353","1":"product","2":"type-product","3":"status-publish","4":"has-post-thumbnail","6":"product_cat-storage-container","8":"first","9":"instock","10":"sale","11":"shipping-taxable","12":"purchasable","13":"product-type-simple"},"yoast_head":"<!-- This site is optimized with the Yoast SEO plugin v26.1.1 - https:\/\/yoast.com\/wordpress\/plugins\/seo\/ -->\n<title>Used ISO 40&#039; HC shipping container 005 | EXcont Container<\/title>\n<meta name=\"robots\" content=\"index, follow, max-snippet:-1, max-image-preview:large, max-video-preview:-1\" \/>\n<link rel=\"canonical\" href=\"https:\/\/excont.hu\/en\/stock\/used-iso-40-hc-shipping-container-005\/\" \/>\n<meta property=\"og:locale\" content=\"en_US\" \/>\n<meta property=\"og:type\" content=\"article\" \/>\n<meta property=\"og:title\" content=\"Used ISO 40&#039; HC shipping container 005 | EXcont Container\" \/>\n<meta property=\"og:description\" content=\"T\u00e1rsas\u00e1gunk elad\u00e1sra k\u00edn\u00e1lja haszn\u00e1lt, \u00e1tlagos \u00e1llapot\u00fa ISO 40\u2032 HC tengeri rakt\u00e1rkont\u00e9ner\u00e9t. M\u00e9retek: K\u00fcls\u0151 Hossz\u00fas\u00e1g Sz\u00e9less\u00e9g Magass\u00e1g 12192 mm 2438 mm 2896 mm Bels\u0151 Hossz\u00fas\u00e1g Sz\u00e9less\u00e9g Magass\u00e1g 12032 mm 2352 mm 2690 mm &nbsp; A kont\u00e9ner \u00e1llapotle\u00edr\u00e1sa: ajt\u00f3 gumizat \u00e1llapota megfelel\u0151 [\u2026]\" \/>\n<meta property=\"og:url\" content=\"https:\/\/excont.hu\/en\/stock\/used-iso-40-hc-shipping-container-005\/\" \/>\n<meta property=\"og:site_name\" content=\"EXcont Container\" \/>\n<meta property=\"article:modified_time\" content=\"2024-04-15T12:16:21+00:00\" \/>\n<meta property=\"og:image\" content=\"https:\/\/excont.hu\/wp-content\/uploads\/ISO-40-labas-HC-hasznalt-tengeri-raktarkontener-005-02.jpg\" \/>\n\t<meta property=\"og:image:width\" content=\"750\" \/>\n\t<meta property=\"og:image:height\" content=\"1000\" \/>\n\t<meta property=\"og:image:type\" content=\"image\/jpeg\" \/>\n<meta name=\"twitter:card\" content=\"summary_large_image\" \/>\n<meta name=\"twitter:label1\" content=\"Est. reading time\" \/>\n\t<meta name=\"twitter:data1\" content=\"1 minute\" \/>\n<script type=\"application\/ld+json\" class=\"yoast-schema-graph\">{\"@context\":\"https:\/\/schema.org\",\"@graph\":[{\"@type\":\"WebPage\",\"@id\":\"https:\/\/excont.hu\/en\/stock\/used-iso-40-hc-shipping-container-005\/\",\"url\":\"https:\/\/excont.hu\/en\/stock\/used-iso-40-hc-shipping-container-005\/\",\"name\":\"Used ISO 40' HC shipping container 005 | EXcont Container\",\"isPartOf\":{\"@id\":\"https:\/\/excont.hu\/en\/#website\"},\"primaryImageOfPage\":{\"@id\":\"https:\/\/excont.hu\/en\/stock\/used-iso-40-hc-shipping-container-005\/#primaryimage\"},\"image\":{\"@id\":\"https:\/\/excont.hu\/en\/stock\/used-iso-40-hc-shipping-container-005\/#primaryimage\"},\"thumbnailUrl\":\"https:\/\/excont.hu\/wp-content\/uploads\/iso-40-labas-hc-hasznalt-raktarkontener-005-4-rotated.jpg\",\"datePublished\":\"2024-03-28T07:28:12+00:00\",\"dateModified\":\"2024-04-15T12:16:21+00:00\",\"breadcrumb\":{\"@id\":\"https:\/\/excont.hu\/en\/stock\/used-iso-40-hc-shipping-container-005\/#breadcrumb\"},\"inLanguage\":\"en-US\",\"potentialAction\":[{\"@type\":\"ReadAction\",\"target\":[\"https:\/\/excont.hu\/en\/stock\/used-iso-40-hc-shipping-container-005\/\"]}]},{\"@type\":\"ImageObject\",\"inLanguage\":\"en-US\",\"@id\":\"https:\/\/excont.hu\/en\/stock\/used-iso-40-hc-shipping-container-005\/#primaryimage\",\"url\":\"https:\/\/excont.hu\/wp-content\/uploads\/iso-40-labas-hc-hasznalt-raktarkontener-005-4-rotated.jpg\",\"contentUrl\":\"https:\/\/excont.hu\/wp-content\/uploads\/iso-40-labas-hc-hasznalt-raktarkontener-005-4-rotated.jpg\",\"width\":1530,\"height\":2040},{\"@type\":\"BreadcrumbList\",\"@id\":\"https:\/\/excont.hu\/en\/stock\/used-iso-40-hc-shipping-container-005\/#breadcrumb\",\"itemListElement\":[{\"@type\":\"ListItem\",\"position\":1,\"name\":\"Home\",\"item\":\"https:\/\/excont.hu\/en\/\"},{\"@type\":\"ListItem\",\"position\":2,\"name\":\"Stock\",\"item\":\"https:\/\/excont.hu\/en\/stock\/\"},{\"@type\":\"ListItem\",\"position\":3,\"name\":\"Used ISO 40&#8242; HC shipping container 005\"}]},{\"@type\":\"WebSite\",\"@id\":\"https:\/\/excont.hu\/en\/#website\",\"url\":\"https:\/\/excont.hu\/en\/\",\"name\":\"EXcont Container Kft.\",\"description\":\"Solving your space shortage\",\"publisher\":{\"@id\":\"https:\/\/excont.hu\/en\/#organization\"},\"potentialAction\":[{\"@type\":\"SearchAction\",\"target\":{\"@type\":\"EntryPoint\",\"urlTemplate\":\"https:\/\/excont.hu\/en\/?s={search_term_string}\"},\"query-input\":{\"@type\":\"PropertyValueSpecification\",\"valueRequired\":true,\"valueName\":\"search_term_string\"}}],\"inLanguage\":\"en-US\"},{\"@type\":\"Organization\",\"@id\":\"https:\/\/excont.hu\/en\/#organization\",\"name\":\"EXcont Container Ltd.\",\"url\":\"https:\/\/excont.hu\/en\/\",\"logo\":{\"@type\":\"ImageObject\",\"inLanguage\":\"en-US\",\"@id\":\"https:\/\/excont.hu\/en\/#\/schema\/logo\/image\/\",\"url\":\"https:\/\/excont.hu\/wp-content\/uploads\/favicon.png\",\"contentUrl\":\"https:\/\/excont.hu\/wp-content\/uploads\/favicon.png\",\"width\":150,\"height\":150,\"caption\":\"EXcont Container Ltd.\"},\"image\":{\"@id\":\"https:\/\/excont.hu\/en\/#\/schema\/logo\/image\/\"}}]}<\/script>\n<!-- \/ Yoast SEO plugin. -->","yoast_head_json":{"title":"Used ISO 40' HC shipping container 005 | EXcont Container","robots":{"index":"index","follow":"follow","max-snippet":"max-snippet:-1","max-image-preview":"max-image-preview:large","max-video-preview":"max-video-preview:-1"},"canonical":"https:\/\/excont.hu\/en\/stock\/used-iso-40-hc-shipping-container-005\/","og_locale":"en_US","og_type":"article","og_title":"Used ISO 40' HC shipping container 005 | EXcont Container","og_description":"T\u00e1rsas\u00e1gunk elad\u00e1sra k\u00edn\u00e1lja haszn\u00e1lt, \u00e1tlagos \u00e1llapot\u00fa ISO 40\u2032 HC tengeri rakt\u00e1rkont\u00e9ner\u00e9t. M\u00e9retek: K\u00fcls\u0151 Hossz\u00fas\u00e1g Sz\u00e9less\u00e9g Magass\u00e1g 12192 mm 2438 mm 2896 mm Bels\u0151 Hossz\u00fas\u00e1g Sz\u00e9less\u00e9g Magass\u00e1g 12032 mm 2352 mm 2690 mm &nbsp; A kont\u00e9ner \u00e1llapotle\u00edr\u00e1sa: ajt\u00f3 gumizat \u00e1llapota megfelel\u0151 [\u2026]","og_url":"https:\/\/excont.hu\/en\/stock\/used-iso-40-hc-shipping-container-005\/","og_site_name":"EXcont Container","article_modified_time":"2024-04-15T12:16:21+00:00","og_image":[{"width":750,"height":1000,"url":"https:\/\/excont.hu\/wp-content\/uploads\/ISO-40-labas-HC-hasznalt-tengeri-raktarkontener-005-02.jpg","type":"image\/jpeg"}],"twitter_card":"summary_large_image","twitter_misc":{"Est. reading time":"1 minute"},"schema":{"@context":"https:\/\/schema.org","@graph":[{"@type":"WebPage","@id":"https:\/\/excont.hu\/en\/stock\/used-iso-40-hc-shipping-container-005\/","url":"https:\/\/excont.hu\/en\/stock\/used-iso-40-hc-shipping-container-005\/","name":"Used ISO 40' HC shipping container 005 | EXcont Container","isPartOf":{"@id":"https:\/\/excont.hu\/en\/#website"},"primaryImageOfPage":{"@id":"https:\/\/excont.hu\/en\/stock\/used-iso-40-hc-shipping-container-005\/#primaryimage"},"image":{"@id":"https:\/\/excont.hu\/en\/stock\/used-iso-40-hc-shipping-container-005\/#primaryimage"},"thumbnailUrl":"https:\/\/excont.hu\/wp-content\/uploads\/iso-40-labas-hc-hasznalt-raktarkontener-005-4-rotated.jpg","datePublished":"2024-03-28T07:28:12+00:00","dateModified":"2024-04-15T12:16:21+00:00","breadcrumb":{"@id":"https:\/\/excont.hu\/en\/stock\/used-iso-40-hc-shipping-container-005\/#breadcrumb"},"inLanguage":"en-US","potentialAction":[{"@type":"ReadAction","target":["https:\/\/excont.hu\/en\/stock\/used-iso-40-hc-shipping-container-005\/"]}]},{"@type":"ImageObject","inLanguage":"en-US","@id":"https:\/\/excont.hu\/en\/stock\/used-iso-40-hc-shipping-container-005\/#primaryimage","url":"https:\/\/excont.hu\/wp-content\/uploads\/iso-40-labas-hc-hasznalt-raktarkontener-005-4-rotated.jpg","contentUrl":"https:\/\/excont.hu\/wp-content\/uploads\/iso-40-labas-hc-hasznalt-raktarkontener-005-4-rotated.jpg","width":1530,"height":2040},{"@type":"BreadcrumbList","@id":"https:\/\/excont.hu\/en\/stock\/used-iso-40-hc-shipping-container-005\/#breadcrumb","itemListElement":[{"@type":"ListItem","position":1,"name":"Home","item":"https:\/\/excont.hu\/en\/"},{"@type":"ListItem","position":2,"name":"Stock","item":"https:\/\/excont.hu\/en\/stock\/"},{"@type":"ListItem","position":3,"name":"Used ISO 40&#8242; HC shipping container 005"}]},{"@type":"WebSite","@id":"https:\/\/excont.hu\/en\/#website","url":"https:\/\/excont.hu\/en\/","name":"EXcont Container Kft.","description":"Solving your space shortage","publisher":{"@id":"https:\/\/excont.hu\/en\/#organization"},"potentialAction":[{"@type":"SearchAction","target":{"@type":"EntryPoint","urlTemplate":"https:\/\/excont.hu\/en\/?s={search_term_string}"},"query-input":{"@type":"PropertyValueSpecification","valueRequired":true,"valueName":"search_term_string"}}],"inLanguage":"en-US"},{"@type":"Organization","@id":"https:\/\/excont.hu\/en\/#organization","name":"EXcont Container Ltd.","url":"https:\/\/excont.hu\/en\/","logo":{"@type":"ImageObject","inLanguage":"en-US","@id":"https:\/\/excont.hu\/en\/#\/schema\/logo\/image\/","url":"https:\/\/excont.hu\/wp-content\/uploads\/favicon.png","contentUrl":"https:\/\/excont.hu\/wp-content\/uploads\/favicon.png","width":150,"height":150,"caption":"EXcont Container Ltd."},"image":{"@id":"https:\/\/excont.hu\/en\/#\/schema\/logo\/image\/"}}]}},"_links":{"self":[{"href":"https:\/\/excont.hu\/en\/wp-json\/wp\/v2\/product\/41353","targetHints":{"allow":["GET"]}}],"collection":[{"href":"https:\/\/excont.hu\/en\/wp-json\/wp\/v2\/product"}],"about":[{"href":"https:\/\/excont.hu\/en\/wp-json\/wp\/v2\/types\/product"}],"wp:featuredmedia":[{"embeddable":true,"href":"https:\/\/excont.hu\/en\/wp-json\/wp\/v2\/media\/41924"}],"wp:attachment":[{"href":"https:\/\/excont.hu\/en\/wp-json\/wp\/v2\/media?parent=41353"}],"wp:term":[{"taxonomy":"product_brand","embeddable":true,"href":"https:\/\/excont.hu\/en\/wp-json\/wp\/v2\/product_brand?post=41353"},{"taxonomy":"product_cat","embeddable":true,"href":"https:\/\/excont.hu\/en\/wp-json\/wp\/v2\/product_cat?post=41353"},{"taxonomy":"product_tag","embeddable":true,"href":"https:\/\/excont.hu\/en\/wp-json\/wp\/v2\/product_tag?post=41353"}],"curies":[{"name":"wp","href":"https:\/\/api.w.org\/{rel}","templated":true}]}}