{"id":41279,"date":"2024-03-17T21:25:59","date_gmt":"2024-03-20T19:42:36","guid":{"rendered":"https:\/\/excont.hu\/?post_type=product&#038;p=41279"},"modified":"2024-03-20T22:36:14","modified_gmt":"2024-03-20T21:36:14","slug":"doubledoor-20-shipping-container","status":"publish","type":"product","link":"https:\/\/excont.hu\/en\/stock\/doubledoor-20-shipping-container\/","title":{"rendered":"Doubledoor 20&#8242; shipping container"},"content":{"rendered":"<p>Elad\u00e1sra k\u00edn\u00e1ljuk \u00faj\/egyutas ISO 20\u2032 tengeri rakt\u00e1rkont\u00e9nereinket, k\u00fcl\u00f6nb\u00f6z\u0151 sz\u00ednekben.<\/p>\n<p>A kont\u00e9nerek mindk\u00e9t v\u00e9g\u00e9n gy\u00e1ri ajt\u00f3<\/p>\n<p>A sz\u00ednv\u00e1laszt\u00e9k mindig az aktu\u00e1lis el\u00e9rhet\u0151s\u00e9gt\u0151l f\u00fcgg.<\/p>\n<p><strong>M\u00e9retek:<\/strong><\/p>\n<table class=\"size-table\">\n<tbody>\n<tr>\n<td><strong>K\u00fcls\u0151<\/strong><\/td>\n<td>Hossz\u00fas\u00e1g<br \/>\nSz\u00e9less\u00e9g<br \/>\nMagass\u00e1g<\/td>\n<td>6058 mm<br \/>\n2438 mm<br \/>\n2591 mm<\/td>\n<\/tr>\n<tr>\n<td><strong>Bels\u0151<\/strong><\/td>\n<td>Hossz\u00fas\u00e1g<br \/>\nSz\u00e9less\u00e9g<br \/>\nMagass\u00e1g<\/td>\n<td>5844 mm<br \/>\n2352 mm<br \/>\n2393 mm<\/td>\n<\/tr>\n<tr>\n<td><strong>Bej\u00e1rat<\/strong><\/td>\n<td>Sz\u00e9less\u00e9g<br \/>\nMagass\u00e1g<\/td>\n<td>2340 mm<br \/>\n2280 mm<\/td>\n<\/tr>\n<\/tbody>\n<\/table>\n<p>&nbsp;<\/p>\n<p>Rendel\u00e9sre sokf\u00e9le sz\u00ednb\u0151l lehet v\u00e1lasztani, az azonnal sz\u00e1ll\u00edthat\u00f3 k\u00e9szlet mindig v\u00e1ltozik sz\u00edneket tekintve, k\u00e9rje aktu\u00e1lis \u00e1rlist\u00e1nkat tov\u00e1bbi inform\u00e1ci\u00f3\u00e9rt!<\/p>\n<p>K\u00e9szletr\u0151l mindig sz\u00e1ll\u00edthat\u00f3 azonnal t\u00f6bb darab: RAL 5010\/5013\/6028\/7035\/1015\/7016 sz\u00ednben (a sz\u00ednv\u00e1laszt\u00e9k aktu\u00e1lisan v\u00e1ltozhat)<\/p>\n<p>K\u00e9rje \u00e1raj\u00e1nlatunkat, ak\u00e1r egy darab, vagy esetleg nagyobb mennyis\u00e9g eset\u00e9n is!<\/p>\n<p>A kont\u00e9nerek kedvezm\u00e9nyes kisz\u00e1ll\u00edt\u00e1s\u00e1t v\u00e1llaljuk az orsz\u00e1g eg\u00e9sz ter\u00fclet\u00e9n.<\/p>\n","protected":false},"excerpt":{"rendered":"<p>Elad\u00e1sra k\u00edn\u00e1ljuk \u00faj\/egyutas ISO 20\u2032 tengeri rakt\u00e1rkont\u00e9nereinket, k\u00fcl\u00f6nb\u00f6z\u0151 sz\u00ednekben. A kont\u00e9nerek mindk\u00e9t v\u00e9g\u00e9n gy\u00e1ri ajt\u00f3 A sz\u00ednv\u00e1laszt\u00e9k mindig az aktu\u00e1lis el\u00e9rhet\u0151s\u00e9gt\u0151l f\u00fcgg. M\u00e9retek: K\u00fcls\u0151 Hossz\u00fas\u00e1g Sz\u00e9less\u00e9g Magass\u00e1g 6058 mm 2438 mm 2591 mm Bels\u0151 Hossz\u00fas\u00e1g Sz\u00e9less\u00e9g Magass\u00e1g 5844 mm 2352<span class=\"excerpt-hellip\"> [\u2026]<\/span><\/p>\n","protected":false},"featured_media":41132,"template":"","meta":[],"product_brand":[],"product_cat":[84],"product_tag":[],"class_list":{"0":"post-41279","1":"product","2":"type-product","3":"status-publish","4":"has-post-thumbnail","6":"product_cat-storage-container","8":"first","9":"instock","10":"shipping-taxable","11":"purchasable","12":"product-type-simple"},"yoast_head":"<!-- This site is optimized with the Yoast SEO plugin v26.1.1 - https:\/\/yoast.com\/wordpress\/plugins\/seo\/ -->\n<title>Doubledoor 20&#039; shipping container | EXcont Container<\/title>\n<meta name=\"robots\" content=\"index, follow, max-snippet:-1, max-image-preview:large, max-video-preview:-1\" \/>\n<link rel=\"canonical\" href=\"https:\/\/excont.hu\/en\/stock\/doubledoor-20-shipping-container\/\" \/>\n<meta property=\"og:locale\" content=\"en_US\" \/>\n<meta property=\"og:type\" content=\"article\" \/>\n<meta property=\"og:title\" content=\"Doubledoor 20&#039; shipping container | EXcont Container\" \/>\n<meta property=\"og:description\" content=\"Elad\u00e1sra k\u00edn\u00e1ljuk \u00faj\/egyutas ISO 20\u2032 tengeri rakt\u00e1rkont\u00e9nereinket, k\u00fcl\u00f6nb\u00f6z\u0151 sz\u00ednekben. A kont\u00e9nerek mindk\u00e9t v\u00e9g\u00e9n gy\u00e1ri ajt\u00f3 A sz\u00ednv\u00e1laszt\u00e9k mindig az aktu\u00e1lis el\u00e9rhet\u0151s\u00e9gt\u0151l f\u00fcgg. M\u00e9retek: K\u00fcls\u0151 Hossz\u00fas\u00e1g Sz\u00e9less\u00e9g Magass\u00e1g 6058 mm 2438 mm 2591 mm Bels\u0151 Hossz\u00fas\u00e1g Sz\u00e9less\u00e9g Magass\u00e1g 5844 mm 2352 [\u2026]\" \/>\n<meta property=\"og:url\" content=\"https:\/\/excont.hu\/en\/stock\/doubledoor-20-shipping-container\/\" \/>\n<meta property=\"og:site_name\" content=\"EXcont Container\" \/>\n<meta property=\"article:modified_time\" content=\"2024-03-20T21:36:14+00:00\" \/>\n<meta property=\"og:image\" content=\"https:\/\/excont.hu\/wp-content\/uploads\/dupla-vegajtos-20-tengeri-raktarkontener-04.jpg\" \/>\n\t<meta property=\"og:image:width\" content=\"1800\" \/>\n\t<meta property=\"og:image:height\" content=\"1350\" \/>\n\t<meta property=\"og:image:type\" content=\"image\/jpeg\" \/>\n<meta name=\"twitter:card\" content=\"summary_large_image\" \/>\n<meta name=\"twitter:label1\" content=\"Est. reading time\" \/>\n\t<meta name=\"twitter:data1\" content=\"1 minute\" \/>\n<script type=\"application\/ld+json\" class=\"yoast-schema-graph\">{\"@context\":\"https:\/\/schema.org\",\"@graph\":[{\"@type\":\"WebPage\",\"@id\":\"https:\/\/excont.hu\/en\/stock\/doubledoor-20-shipping-container\/\",\"url\":\"https:\/\/excont.hu\/en\/stock\/doubledoor-20-shipping-container\/\",\"name\":\"Doubledoor 20' shipping container | EXcont Container\",\"isPartOf\":{\"@id\":\"https:\/\/excont.hu\/en\/#website\"},\"primaryImageOfPage\":{\"@id\":\"https:\/\/excont.hu\/en\/stock\/doubledoor-20-shipping-container\/#primaryimage\"},\"image\":{\"@id\":\"https:\/\/excont.hu\/en\/stock\/doubledoor-20-shipping-container\/#primaryimage\"},\"thumbnailUrl\":\"https:\/\/excont.hu\/wp-content\/uploads\/dupla-vegajtos-20-tengeri-raktarkontener-04.jpg\",\"datePublished\":\"2024-03-20T19:42:36+00:00\",\"dateModified\":\"2024-03-20T21:36:14+00:00\",\"breadcrumb\":{\"@id\":\"https:\/\/excont.hu\/en\/stock\/doubledoor-20-shipping-container\/#breadcrumb\"},\"inLanguage\":\"en-US\",\"potentialAction\":[{\"@type\":\"ReadAction\",\"target\":[\"https:\/\/excont.hu\/en\/stock\/doubledoor-20-shipping-container\/\"]}]},{\"@type\":\"ImageObject\",\"inLanguage\":\"en-US\",\"@id\":\"https:\/\/excont.hu\/en\/stock\/doubledoor-20-shipping-container\/#primaryimage\",\"url\":\"https:\/\/excont.hu\/wp-content\/uploads\/dupla-vegajtos-20-tengeri-raktarkontener-04.jpg\",\"contentUrl\":\"https:\/\/excont.hu\/wp-content\/uploads\/dupla-vegajtos-20-tengeri-raktarkontener-04.jpg\",\"width\":1800,\"height\":1350},{\"@type\":\"BreadcrumbList\",\"@id\":\"https:\/\/excont.hu\/en\/stock\/doubledoor-20-shipping-container\/#breadcrumb\",\"itemListElement\":[{\"@type\":\"ListItem\",\"position\":1,\"name\":\"Home\",\"item\":\"https:\/\/excont.hu\/en\/\"},{\"@type\":\"ListItem\",\"position\":2,\"name\":\"Stock\",\"item\":\"https:\/\/excont.hu\/en\/stock\/\"},{\"@type\":\"ListItem\",\"position\":3,\"name\":\"Doubledoor 20&#8242; shipping container\"}]},{\"@type\":\"WebSite\",\"@id\":\"https:\/\/excont.hu\/en\/#website\",\"url\":\"https:\/\/excont.hu\/en\/\",\"name\":\"EXcont Container Kft.\",\"description\":\"Solving your space shortage\",\"publisher\":{\"@id\":\"https:\/\/excont.hu\/en\/#organization\"},\"potentialAction\":[{\"@type\":\"SearchAction\",\"target\":{\"@type\":\"EntryPoint\",\"urlTemplate\":\"https:\/\/excont.hu\/en\/?s={search_term_string}\"},\"query-input\":{\"@type\":\"PropertyValueSpecification\",\"valueRequired\":true,\"valueName\":\"search_term_string\"}}],\"inLanguage\":\"en-US\"},{\"@type\":\"Organization\",\"@id\":\"https:\/\/excont.hu\/en\/#organization\",\"name\":\"EXcont Container Ltd.\",\"url\":\"https:\/\/excont.hu\/en\/\",\"logo\":{\"@type\":\"ImageObject\",\"inLanguage\":\"en-US\",\"@id\":\"https:\/\/excont.hu\/en\/#\/schema\/logo\/image\/\",\"url\":\"https:\/\/excont.hu\/wp-content\/uploads\/favicon.png\",\"contentUrl\":\"https:\/\/excont.hu\/wp-content\/uploads\/favicon.png\",\"width\":150,\"height\":150,\"caption\":\"EXcont Container Ltd.\"},\"image\":{\"@id\":\"https:\/\/excont.hu\/en\/#\/schema\/logo\/image\/\"}}]}<\/script>\n<!-- \/ Yoast SEO plugin. -->","yoast_head_json":{"title":"Doubledoor 20' shipping container | EXcont Container","robots":{"index":"index","follow":"follow","max-snippet":"max-snippet:-1","max-image-preview":"max-image-preview:large","max-video-preview":"max-video-preview:-1"},"canonical":"https:\/\/excont.hu\/en\/stock\/doubledoor-20-shipping-container\/","og_locale":"en_US","og_type":"article","og_title":"Doubledoor 20' shipping container | EXcont Container","og_description":"Elad\u00e1sra k\u00edn\u00e1ljuk \u00faj\/egyutas ISO 20\u2032 tengeri rakt\u00e1rkont\u00e9nereinket, k\u00fcl\u00f6nb\u00f6z\u0151 sz\u00ednekben. A kont\u00e9nerek mindk\u00e9t v\u00e9g\u00e9n gy\u00e1ri ajt\u00f3 A sz\u00ednv\u00e1laszt\u00e9k mindig az aktu\u00e1lis el\u00e9rhet\u0151s\u00e9gt\u0151l f\u00fcgg. M\u00e9retek: K\u00fcls\u0151 Hossz\u00fas\u00e1g Sz\u00e9less\u00e9g Magass\u00e1g 6058 mm 2438 mm 2591 mm Bels\u0151 Hossz\u00fas\u00e1g Sz\u00e9less\u00e9g Magass\u00e1g 5844 mm 2352 [\u2026]","og_url":"https:\/\/excont.hu\/en\/stock\/doubledoor-20-shipping-container\/","og_site_name":"EXcont Container","article_modified_time":"2024-03-20T21:36:14+00:00","og_image":[{"width":1800,"height":1350,"url":"https:\/\/excont.hu\/wp-content\/uploads\/dupla-vegajtos-20-tengeri-raktarkontener-04.jpg","type":"image\/jpeg"}],"twitter_card":"summary_large_image","twitter_misc":{"Est. reading time":"1 minute"},"schema":{"@context":"https:\/\/schema.org","@graph":[{"@type":"WebPage","@id":"https:\/\/excont.hu\/en\/stock\/doubledoor-20-shipping-container\/","url":"https:\/\/excont.hu\/en\/stock\/doubledoor-20-shipping-container\/","name":"Doubledoor 20' shipping container | EXcont Container","isPartOf":{"@id":"https:\/\/excont.hu\/en\/#website"},"primaryImageOfPage":{"@id":"https:\/\/excont.hu\/en\/stock\/doubledoor-20-shipping-container\/#primaryimage"},"image":{"@id":"https:\/\/excont.hu\/en\/stock\/doubledoor-20-shipping-container\/#primaryimage"},"thumbnailUrl":"https:\/\/excont.hu\/wp-content\/uploads\/dupla-vegajtos-20-tengeri-raktarkontener-04.jpg","datePublished":"2024-03-20T19:42:36+00:00","dateModified":"2024-03-20T21:36:14+00:00","breadcrumb":{"@id":"https:\/\/excont.hu\/en\/stock\/doubledoor-20-shipping-container\/#breadcrumb"},"inLanguage":"en-US","potentialAction":[{"@type":"ReadAction","target":["https:\/\/excont.hu\/en\/stock\/doubledoor-20-shipping-container\/"]}]},{"@type":"ImageObject","inLanguage":"en-US","@id":"https:\/\/excont.hu\/en\/stock\/doubledoor-20-shipping-container\/#primaryimage","url":"https:\/\/excont.hu\/wp-content\/uploads\/dupla-vegajtos-20-tengeri-raktarkontener-04.jpg","contentUrl":"https:\/\/excont.hu\/wp-content\/uploads\/dupla-vegajtos-20-tengeri-raktarkontener-04.jpg","width":1800,"height":1350},{"@type":"BreadcrumbList","@id":"https:\/\/excont.hu\/en\/stock\/doubledoor-20-shipping-container\/#breadcrumb","itemListElement":[{"@type":"ListItem","position":1,"name":"Home","item":"https:\/\/excont.hu\/en\/"},{"@type":"ListItem","position":2,"name":"Stock","item":"https:\/\/excont.hu\/en\/stock\/"},{"@type":"ListItem","position":3,"name":"Doubledoor 20&#8242; shipping container"}]},{"@type":"WebSite","@id":"https:\/\/excont.hu\/en\/#website","url":"https:\/\/excont.hu\/en\/","name":"EXcont Container Kft.","description":"Solving your space shortage","publisher":{"@id":"https:\/\/excont.hu\/en\/#organization"},"potentialAction":[{"@type":"SearchAction","target":{"@type":"EntryPoint","urlTemplate":"https:\/\/excont.hu\/en\/?s={search_term_string}"},"query-input":{"@type":"PropertyValueSpecification","valueRequired":true,"valueName":"search_term_string"}}],"inLanguage":"en-US"},{"@type":"Organization","@id":"https:\/\/excont.hu\/en\/#organization","name":"EXcont Container Ltd.","url":"https:\/\/excont.hu\/en\/","logo":{"@type":"ImageObject","inLanguage":"en-US","@id":"https:\/\/excont.hu\/en\/#\/schema\/logo\/image\/","url":"https:\/\/excont.hu\/wp-content\/uploads\/favicon.png","contentUrl":"https:\/\/excont.hu\/wp-content\/uploads\/favicon.png","width":150,"height":150,"caption":"EXcont Container Ltd."},"image":{"@id":"https:\/\/excont.hu\/en\/#\/schema\/logo\/image\/"}}]}},"_links":{"self":[{"href":"https:\/\/excont.hu\/en\/wp-json\/wp\/v2\/product\/41279","targetHints":{"allow":["GET"]}}],"collection":[{"href":"https:\/\/excont.hu\/en\/wp-json\/wp\/v2\/product"}],"about":[{"href":"https:\/\/excont.hu\/en\/wp-json\/wp\/v2\/types\/product"}],"wp:featuredmedia":[{"embeddable":true,"href":"https:\/\/excont.hu\/en\/wp-json\/wp\/v2\/media\/41132"}],"wp:attachment":[{"href":"https:\/\/excont.hu\/en\/wp-json\/wp\/v2\/media?parent=41279"}],"wp:term":[{"taxonomy":"product_brand","embeddable":true,"href":"https:\/\/excont.hu\/en\/wp-json\/wp\/v2\/product_brand?post=41279"},{"taxonomy":"product_cat","embeddable":true,"href":"https:\/\/excont.hu\/en\/wp-json\/wp\/v2\/product_cat?post=41279"},{"taxonomy":"product_tag","embeddable":true,"href":"https:\/\/excont.hu\/en\/wp-json\/wp\/v2\/product_tag?post=41279"}],"curies":[{"name":"wp","href":"https:\/\/api.w.org\/{rel}","templated":true}]}}