{"id":41035,"date":"2024-03-17T21:06:09","date_gmt":"2024-03-17T20:06:09","guid":{"rendered":"https:\/\/excont.hu\/?post_type=product&#038;p=41035"},"modified":"2024-03-20T21:01:20","modified_gmt":"2024-03-20T20:01:20","slug":"forest-fusion-extra-6x3m-office-container","status":"publish","type":"product","link":"https:\/\/excont.hu\/en\/stock\/forest-fusion-extra-6x3m-office-container\/","title":{"rendered":"Forest Fusion Extra 6x3m office container"},"content":{"rendered":"<p><b>Felszerelts\u00e9g:<\/b><\/p>\n<ul>\n<li>Hext: 2800mm\/Hint: 2520mm<\/li>\n<li>Alapter\u00fclet: 3m x 6,05m<\/li>\n<li>RAL 7016 keret<\/li>\n<li>Fahat\u00e1s\u00fa trap\u00e9zlemez oldalfal<\/li>\n<li>18mm-es feh\u00e9r b\u00fatorlap bels\u0151 bor\u00edt\u00e1s<\/li>\n<li>1db antracit sz\u00edn\u0171 900x1200mm-es red\u0151ny\u00f6s ablak melynek mindk\u00e9t fele nyithat\u00f3<\/li>\n<li>1db 550x550mm-es szaniterablak<\/li>\n<li>1db antracit keret\u0171 panor\u00e1ma \u00fcvegfal, a bej\u00e1rati ajt\u00f3val<\/li>\n<li>18mm-es v\u00edzt\u0171r\u0151 r\u00e9tegelt lemez padl\u00f3 + 2,5mm-es PVC bor\u00edt\u00e1s (350kg\/nm padl\u00f3 terhelhet\u0151s\u00e9g)<\/li>\n<li>5 p\u00f3lus\u00fa 32A bet\u00e1p<\/li>\n<li>6db konnektor + led vil\u00e1g\u00edt\u00e1s, kismegszak\u00edt\u00f3k \u00c9V rel\u00e9<\/li>\n<\/ul>\n<p>&nbsp;<\/p>\n<p><strong>V\u00e1laszthat\u00f3 extr\u00e1k\/fel\u00e1rak:<\/strong><\/p>\n<ul>\n<li>+ 2kW-os\u00a0 elektromos f\u0171t\u0151test<\/li>\n<li>+ kl\u00edma 2,5 kW vagy 3,2kW-os split, inverteres h\u0171t\u0151-f\u0171t\u0151<\/li>\n<li>+ meger\u0151s\u00edtett padl\u00f3 400Kg\/nm egyenletes terhel\u00e9sig: 135.000 forint+\u00c1fa\/kont\u00e9ner<\/li>\n<li>+ dupla sz\u00e1rny\u00fa ajt\u00f3: + 180.000 forint+\u00c1fa norm\u00e1l ajt\u00f3 helyett<\/li>\n<li>+ dupla sz\u00e1rny\u00fa ajt\u00f3: + 290.000 forint+\u00c1fa (norm\u00e1l ajt\u00f3 mell\u00e9 pluszban)<\/li>\n<li>+ mosd\u00f3: WC, meleg-vizes k\u00e9zmos\u00f3, szaniterablak, vil\u00e1g\u00edt\u00e1s, f\u0171t\u00e9s<\/li>\n<li>+ F\u00fcrd\u0151: WC, meleg-vizes k\u00e9zmos\u00f3(bojlerra k\u00f6tve), szaniterablak, vil\u00e1g\u00edt\u00e1s, f\u0171t\u00e9s, 80L bojler, Akril zuhanykabin,<\/li>\n<li>+ minikonyha: als\u00f3 szekr\u00e9ny, csepegtet\u0151 t\u00e1lc\u00e1s mosogat\u00f3, k\u00e9t r\u00f3zs\u00e1s f\u0151z\u0151lap v\u00edzmeleg\u00edt\u0151<\/li>\n<\/ul>\n","protected":false},"excerpt":{"rendered":"<p>Felszerelts\u00e9g: Hext: 2800mm\/Hint: 2520mm Alapter\u00fclet: 3m x 6,05m RAL 7016 keret Fahat\u00e1s\u00fa trap\u00e9zlemez oldalfal 18mm-es feh\u00e9r b\u00fatorlap bels\u0151 bor\u00edt\u00e1s 1db antracit sz\u00edn\u0171 900x1200mm-es red\u0151ny\u00f6s ablak melynek mindk\u00e9t fele nyithat\u00f3 1db 550x550mm-es szaniterablak 1db antracit keret\u0171 panor\u00e1ma \u00fcvegfal, a bej\u00e1rati ajt\u00f3val<span class=\"excerpt-hellip\"> [\u2026]<\/span><\/p>\n","protected":false},"featured_media":40952,"template":"","meta":[],"product_brand":[],"product_cat":[85],"product_tag":[],"class_list":{"0":"post-41035","1":"product","2":"type-product","3":"status-publish","4":"has-post-thumbnail","6":"product_cat-office-container","8":"first","9":"instock","10":"shipping-taxable","11":"purchasable","12":"product-type-simple"},"yoast_head":"<!-- This site is optimized with the Yoast SEO plugin v26.1.1 - https:\/\/yoast.com\/wordpress\/plugins\/seo\/ -->\n<title>Forest Fusion Extra 6x3m office container | EXcont Container<\/title>\n<meta name=\"robots\" content=\"index, follow, max-snippet:-1, max-image-preview:large, max-video-preview:-1\" \/>\n<link rel=\"canonical\" href=\"https:\/\/excont.hu\/en\/stock\/forest-fusion-extra-6x3m-office-container\/\" \/>\n<meta property=\"og:locale\" content=\"en_US\" \/>\n<meta property=\"og:type\" content=\"article\" \/>\n<meta property=\"og:title\" content=\"Forest Fusion Extra 6x3m office container | EXcont Container\" \/>\n<meta property=\"og:description\" content=\"Felszerelts\u00e9g: Hext: 2800mm\/Hint: 2520mm Alapter\u00fclet: 3m x 6,05m RAL 7016 keret Fahat\u00e1s\u00fa trap\u00e9zlemez oldalfal 18mm-es feh\u00e9r b\u00fatorlap bels\u0151 bor\u00edt\u00e1s 1db antracit sz\u00edn\u0171 900x1200mm-es red\u0151ny\u00f6s ablak melynek mindk\u00e9t fele nyithat\u00f3 1db 550x550mm-es szaniterablak 1db antracit keret\u0171 panor\u00e1ma \u00fcvegfal, a bej\u00e1rati ajt\u00f3val [\u2026]\" \/>\n<meta property=\"og:url\" content=\"https:\/\/excont.hu\/en\/stock\/forest-fusion-extra-6x3m-office-container\/\" \/>\n<meta property=\"og:site_name\" content=\"EXcont Container\" \/>\n<meta property=\"article:modified_time\" content=\"2024-03-20T20:01:20+00:00\" \/>\n<meta property=\"og:image\" content=\"https:\/\/excont.hu\/wp-content\/uploads\/forest-fusion-extra-6x3m-irodakontener-01.jpg\" \/>\n\t<meta property=\"og:image:width\" content=\"2000\" \/>\n\t<meta property=\"og:image:height\" content=\"1500\" \/>\n\t<meta property=\"og:image:type\" content=\"image\/jpeg\" \/>\n<meta name=\"twitter:card\" content=\"summary_large_image\" \/>\n<meta name=\"twitter:label1\" content=\"Est. reading time\" \/>\n\t<meta name=\"twitter:data1\" content=\"1 minute\" \/>\n<script type=\"application\/ld+json\" class=\"yoast-schema-graph\">{\"@context\":\"https:\/\/schema.org\",\"@graph\":[{\"@type\":\"WebPage\",\"@id\":\"https:\/\/excont.hu\/en\/stock\/forest-fusion-extra-6x3m-office-container\/\",\"url\":\"https:\/\/excont.hu\/en\/stock\/forest-fusion-extra-6x3m-office-container\/\",\"name\":\"Forest Fusion Extra 6x3m office container | EXcont Container\",\"isPartOf\":{\"@id\":\"https:\/\/excont.hu\/en\/#website\"},\"primaryImageOfPage\":{\"@id\":\"https:\/\/excont.hu\/en\/stock\/forest-fusion-extra-6x3m-office-container\/#primaryimage\"},\"image\":{\"@id\":\"https:\/\/excont.hu\/en\/stock\/forest-fusion-extra-6x3m-office-container\/#primaryimage\"},\"thumbnailUrl\":\"https:\/\/excont.hu\/wp-content\/uploads\/forest-fusion-extra-6x3m-irodakontener-01.jpg\",\"datePublished\":\"2024-03-17T20:06:09+00:00\",\"dateModified\":\"2024-03-20T20:01:20+00:00\",\"breadcrumb\":{\"@id\":\"https:\/\/excont.hu\/en\/stock\/forest-fusion-extra-6x3m-office-container\/#breadcrumb\"},\"inLanguage\":\"en-US\",\"potentialAction\":[{\"@type\":\"ReadAction\",\"target\":[\"https:\/\/excont.hu\/en\/stock\/forest-fusion-extra-6x3m-office-container\/\"]}]},{\"@type\":\"ImageObject\",\"inLanguage\":\"en-US\",\"@id\":\"https:\/\/excont.hu\/en\/stock\/forest-fusion-extra-6x3m-office-container\/#primaryimage\",\"url\":\"https:\/\/excont.hu\/wp-content\/uploads\/forest-fusion-extra-6x3m-irodakontener-01.jpg\",\"contentUrl\":\"https:\/\/excont.hu\/wp-content\/uploads\/forest-fusion-extra-6x3m-irodakontener-01.jpg\",\"width\":2000,\"height\":1500},{\"@type\":\"BreadcrumbList\",\"@id\":\"https:\/\/excont.hu\/en\/stock\/forest-fusion-extra-6x3m-office-container\/#breadcrumb\",\"itemListElement\":[{\"@type\":\"ListItem\",\"position\":1,\"name\":\"Home\",\"item\":\"https:\/\/excont.hu\/en\/\"},{\"@type\":\"ListItem\",\"position\":2,\"name\":\"Stock\",\"item\":\"https:\/\/excont.hu\/en\/stock\/\"},{\"@type\":\"ListItem\",\"position\":3,\"name\":\"Forest Fusion Extra 6x3m office container\"}]},{\"@type\":\"WebSite\",\"@id\":\"https:\/\/excont.hu\/en\/#website\",\"url\":\"https:\/\/excont.hu\/en\/\",\"name\":\"EXcont Container Kft.\",\"description\":\"Solving your space shortage\",\"publisher\":{\"@id\":\"https:\/\/excont.hu\/en\/#organization\"},\"potentialAction\":[{\"@type\":\"SearchAction\",\"target\":{\"@type\":\"EntryPoint\",\"urlTemplate\":\"https:\/\/excont.hu\/en\/?s={search_term_string}\"},\"query-input\":{\"@type\":\"PropertyValueSpecification\",\"valueRequired\":true,\"valueName\":\"search_term_string\"}}],\"inLanguage\":\"en-US\"},{\"@type\":\"Organization\",\"@id\":\"https:\/\/excont.hu\/en\/#organization\",\"name\":\"EXcont Container Ltd.\",\"url\":\"https:\/\/excont.hu\/en\/\",\"logo\":{\"@type\":\"ImageObject\",\"inLanguage\":\"en-US\",\"@id\":\"https:\/\/excont.hu\/en\/#\/schema\/logo\/image\/\",\"url\":\"https:\/\/excont.hu\/wp-content\/uploads\/favicon.png\",\"contentUrl\":\"https:\/\/excont.hu\/wp-content\/uploads\/favicon.png\",\"width\":150,\"height\":150,\"caption\":\"EXcont Container Ltd.\"},\"image\":{\"@id\":\"https:\/\/excont.hu\/en\/#\/schema\/logo\/image\/\"}}]}<\/script>\n<!-- \/ Yoast SEO plugin. -->","yoast_head_json":{"title":"Forest Fusion Extra 6x3m office container | EXcont Container","robots":{"index":"index","follow":"follow","max-snippet":"max-snippet:-1","max-image-preview":"max-image-preview:large","max-video-preview":"max-video-preview:-1"},"canonical":"https:\/\/excont.hu\/en\/stock\/forest-fusion-extra-6x3m-office-container\/","og_locale":"en_US","og_type":"article","og_title":"Forest Fusion Extra 6x3m office container | EXcont Container","og_description":"Felszerelts\u00e9g: Hext: 2800mm\/Hint: 2520mm Alapter\u00fclet: 3m x 6,05m RAL 7016 keret Fahat\u00e1s\u00fa trap\u00e9zlemez oldalfal 18mm-es feh\u00e9r b\u00fatorlap bels\u0151 bor\u00edt\u00e1s 1db antracit sz\u00edn\u0171 900x1200mm-es red\u0151ny\u00f6s ablak melynek mindk\u00e9t fele nyithat\u00f3 1db 550x550mm-es szaniterablak 1db antracit keret\u0171 panor\u00e1ma \u00fcvegfal, a bej\u00e1rati ajt\u00f3val [\u2026]","og_url":"https:\/\/excont.hu\/en\/stock\/forest-fusion-extra-6x3m-office-container\/","og_site_name":"EXcont Container","article_modified_time":"2024-03-20T20:01:20+00:00","og_image":[{"width":2000,"height":1500,"url":"https:\/\/excont.hu\/wp-content\/uploads\/forest-fusion-extra-6x3m-irodakontener-01.jpg","type":"image\/jpeg"}],"twitter_card":"summary_large_image","twitter_misc":{"Est. reading time":"1 minute"},"schema":{"@context":"https:\/\/schema.org","@graph":[{"@type":"WebPage","@id":"https:\/\/excont.hu\/en\/stock\/forest-fusion-extra-6x3m-office-container\/","url":"https:\/\/excont.hu\/en\/stock\/forest-fusion-extra-6x3m-office-container\/","name":"Forest Fusion Extra 6x3m office container | EXcont Container","isPartOf":{"@id":"https:\/\/excont.hu\/en\/#website"},"primaryImageOfPage":{"@id":"https:\/\/excont.hu\/en\/stock\/forest-fusion-extra-6x3m-office-container\/#primaryimage"},"image":{"@id":"https:\/\/excont.hu\/en\/stock\/forest-fusion-extra-6x3m-office-container\/#primaryimage"},"thumbnailUrl":"https:\/\/excont.hu\/wp-content\/uploads\/forest-fusion-extra-6x3m-irodakontener-01.jpg","datePublished":"2024-03-17T20:06:09+00:00","dateModified":"2024-03-20T20:01:20+00:00","breadcrumb":{"@id":"https:\/\/excont.hu\/en\/stock\/forest-fusion-extra-6x3m-office-container\/#breadcrumb"},"inLanguage":"en-US","potentialAction":[{"@type":"ReadAction","target":["https:\/\/excont.hu\/en\/stock\/forest-fusion-extra-6x3m-office-container\/"]}]},{"@type":"ImageObject","inLanguage":"en-US","@id":"https:\/\/excont.hu\/en\/stock\/forest-fusion-extra-6x3m-office-container\/#primaryimage","url":"https:\/\/excont.hu\/wp-content\/uploads\/forest-fusion-extra-6x3m-irodakontener-01.jpg","contentUrl":"https:\/\/excont.hu\/wp-content\/uploads\/forest-fusion-extra-6x3m-irodakontener-01.jpg","width":2000,"height":1500},{"@type":"BreadcrumbList","@id":"https:\/\/excont.hu\/en\/stock\/forest-fusion-extra-6x3m-office-container\/#breadcrumb","itemListElement":[{"@type":"ListItem","position":1,"name":"Home","item":"https:\/\/excont.hu\/en\/"},{"@type":"ListItem","position":2,"name":"Stock","item":"https:\/\/excont.hu\/en\/stock\/"},{"@type":"ListItem","position":3,"name":"Forest Fusion Extra 6x3m office container"}]},{"@type":"WebSite","@id":"https:\/\/excont.hu\/en\/#website","url":"https:\/\/excont.hu\/en\/","name":"EXcont Container Kft.","description":"Solving your space shortage","publisher":{"@id":"https:\/\/excont.hu\/en\/#organization"},"potentialAction":[{"@type":"SearchAction","target":{"@type":"EntryPoint","urlTemplate":"https:\/\/excont.hu\/en\/?s={search_term_string}"},"query-input":{"@type":"PropertyValueSpecification","valueRequired":true,"valueName":"search_term_string"}}],"inLanguage":"en-US"},{"@type":"Organization","@id":"https:\/\/excont.hu\/en\/#organization","name":"EXcont Container Ltd.","url":"https:\/\/excont.hu\/en\/","logo":{"@type":"ImageObject","inLanguage":"en-US","@id":"https:\/\/excont.hu\/en\/#\/schema\/logo\/image\/","url":"https:\/\/excont.hu\/wp-content\/uploads\/favicon.png","contentUrl":"https:\/\/excont.hu\/wp-content\/uploads\/favicon.png","width":150,"height":150,"caption":"EXcont Container Ltd."},"image":{"@id":"https:\/\/excont.hu\/en\/#\/schema\/logo\/image\/"}}]}},"_links":{"self":[{"href":"https:\/\/excont.hu\/en\/wp-json\/wp\/v2\/product\/41035","targetHints":{"allow":["GET"]}}],"collection":[{"href":"https:\/\/excont.hu\/en\/wp-json\/wp\/v2\/product"}],"about":[{"href":"https:\/\/excont.hu\/en\/wp-json\/wp\/v2\/types\/product"}],"wp:featuredmedia":[{"embeddable":true,"href":"https:\/\/excont.hu\/en\/wp-json\/wp\/v2\/media\/40952"}],"wp:attachment":[{"href":"https:\/\/excont.hu\/en\/wp-json\/wp\/v2\/media?parent=41035"}],"wp:term":[{"taxonomy":"product_brand","embeddable":true,"href":"https:\/\/excont.hu\/en\/wp-json\/wp\/v2\/product_brand?post=41035"},{"taxonomy":"product_cat","embeddable":true,"href":"https:\/\/excont.hu\/en\/wp-json\/wp\/v2\/product_cat?post=41035"},{"taxonomy":"product_tag","embeddable":true,"href":"https:\/\/excont.hu\/en\/wp-json\/wp\/v2\/product_tag?post=41035"}],"curies":[{"name":"wp","href":"https:\/\/api.w.org\/{rel}","templated":true}]}}