{"id":40942,"date":"2024-03-17T20:57:22","date_gmt":"2024-03-17T19:57:22","guid":{"rendered":"https:\/\/excont.hu\/?post_type=product&#038;p=40942"},"modified":"2024-03-23T15:39:22","modified_gmt":"2024-03-23T14:39:22","slug":"forest-fusion-20-office-container","status":"publish","type":"product","link":"https:\/\/excont.hu\/en\/stock\/forest-fusion-20-office-container\/","title":{"rendered":"Forest Fusion 20&#8242; office container"},"content":{"rendered":"<p><strong>Felszerelts\u00e9g:<\/strong><\/p>\n<ul>\n<li>Hext: 2590mm\/Hint: 2350mm<\/li>\n<li>Alapter\u00fclet: 6000x2400mm<\/li>\n<li>RAL 7016 keret<\/li>\n<li>Fahat\u00e1s\u00fa szendvicspanel oldalfal<\/li>\n<li>2db antracit sz\u00edn\u0171 1000x1200mm-es red\u0151ny\u00f6s ablak melynek mindk\u00e9t fele nyithat\u00f3.<\/li>\n<li>40mm-es PUR szigetel\u00e9s\u0171, antracit sz\u00edn\u0171, 900x2000mm nagys\u00e1g\u00fa m\u0171anyag ajt\u00f3<\/li>\n<li>18mm-es OSB padl\u00f3 + 2,5mm-es PVC bor\u00edt\u00e1s (350kg\/nm padl\u00f3 terhelhet\u0151s\u00e9g)<\/li>\n<li>5 p\u00f3lus\u00fa 32A bet\u00e1p<\/li>\n<li>3db konnektor + led vil\u00e1g\u00edt\u00e1s, kismegszak\u00edt\u00f3k \u00c9V rel\u00e9<\/li>\n<\/ul>\n<p>&nbsp;<\/p>\n<p><strong>Mennyezet szerkezete<\/strong><\/p>\n<ul>\n<li>Keret: 3 mm-es horganyzott csavart profil + 10x35x50x35x10 mm-es U alak\u00fa horganyzott profil (7 db a 240&#215;600 cm-es modellekhez) (115 cm-es peri\u00f3dus)<\/li>\n<li>Szigetel\u00e9s: 50 mm-es szendvicspanel (f\u00e9mlemez + 45 mm, 14-16 s\u0171r\u0171s\u00e9g\u0171 EPS + f\u00e9mlemez) + Trap\u00e9z f\u00e9mlemez<\/li>\n<\/ul>\n<p><strong>K\u00fcls\u0151 \u00e9s bels\u0151 falak<\/strong><\/p>\n<ul>\n<li>Bels\u0151 falszerkezet: 50 mm-es szendvicspanel (f\u00e9mlemez + 45 mm, 14-16 s\u0171r\u0171s\u00e9g\u0171 EPS + f\u00e9mlemez) + Trap\u00e9z f\u00e9mlemez<\/li>\n<li>K\u00fcls\u0151 falszerkezet: 50 mm-es szendvicspanel (f\u00e9mlemez + 45 mm, 14-16 s\u0171r\u0171s\u00e9g\u0171 EPS + f\u00e9mlemez) + Trap\u00e9z f\u00e9mlemez<\/li>\n<\/ul>\n<p><strong>Alap<\/strong><\/p>\n<ul>\n<li>Magass\u00e1g: 2640 mm<\/li>\n<li>Keret: 3 mm-es horganyzott csavart profil + 10x50x70x50x15 mm-es omega alak\u00fa horganyzott profil (16 db a 240&#215;600 cm-es modellekhez) (42 cm-es peri\u00f3dus)<\/li>\n<li>Als\u00f3 szigetel\u00e9s: 50 mm-es szendvicspanel (f\u00e9mlemez + 45 mm, 14-16 s\u0171r\u0171s\u00e9g\u0171 EPS + f\u00e9mlemez) + Trap\u00e9z f\u00e9mlemez<\/li>\n<li>Burkolat: 2-2,5 mm PVC padl\u00f3burkolat<\/li>\n<li>Padl\u00f3burkolat: 18 mm-es OSB 3<\/li>\n<\/ul>\n","protected":false},"excerpt":{"rendered":"<p>Felszerelts\u00e9g: Hext: 2590mm\/Hint: 2350mm Alapter\u00fclet: 6000x2400mm RAL 7016 keret Fahat\u00e1s\u00fa szendvicspanel oldalfal 2db antracit sz\u00edn\u0171 1000x1200mm-es red\u0151ny\u00f6s ablak melynek mindk\u00e9t fele nyithat\u00f3. 40mm-es PUR szigetel\u00e9s\u0171, antracit sz\u00edn\u0171, 900x2000mm nagys\u00e1g\u00fa m\u0171anyag ajt\u00f3 18mm-es OSB padl\u00f3 + 2,5mm-es PVC bor\u00edt\u00e1s (350kg\/nm padl\u00f3<span class=\"excerpt-hellip\"> [\u2026]<\/span><\/p>\n","protected":false},"featured_media":40883,"template":"","meta":[],"product_brand":[],"product_cat":[85],"product_tag":[],"class_list":{"0":"post-40942","1":"product","2":"type-product","3":"status-publish","4":"has-post-thumbnail","6":"product_cat-office-container","8":"first","9":"instock","10":"shipping-taxable","11":"purchasable","12":"product-type-simple"},"yoast_head":"<!-- This site is optimized with the Yoast SEO plugin v26.1.1 - https:\/\/yoast.com\/wordpress\/plugins\/seo\/ -->\n<title>Forest Fusion 20&#039; office container | EXcont Container<\/title>\n<meta name=\"robots\" content=\"index, follow, max-snippet:-1, max-image-preview:large, max-video-preview:-1\" \/>\n<link rel=\"canonical\" href=\"https:\/\/excont.hu\/en\/stock\/forest-fusion-20-office-container\/\" \/>\n<meta property=\"og:locale\" content=\"en_US\" \/>\n<meta property=\"og:type\" content=\"article\" \/>\n<meta property=\"og:title\" content=\"Forest Fusion 20&#039; office container | EXcont Container\" \/>\n<meta property=\"og:description\" content=\"Felszerelts\u00e9g: Hext: 2590mm\/Hint: 2350mm Alapter\u00fclet: 6000x2400mm RAL 7016 keret Fahat\u00e1s\u00fa szendvicspanel oldalfal 2db antracit sz\u00edn\u0171 1000x1200mm-es red\u0151ny\u00f6s ablak melynek mindk\u00e9t fele nyithat\u00f3. 40mm-es PUR szigetel\u00e9s\u0171, antracit sz\u00edn\u0171, 900x2000mm nagys\u00e1g\u00fa m\u0171anyag ajt\u00f3 18mm-es OSB padl\u00f3 + 2,5mm-es PVC bor\u00edt\u00e1s (350kg\/nm padl\u00f3 [\u2026]\" \/>\n<meta property=\"og:url\" content=\"https:\/\/excont.hu\/en\/stock\/forest-fusion-20-office-container\/\" \/>\n<meta property=\"og:site_name\" content=\"EXcont Container\" \/>\n<meta property=\"article:modified_time\" content=\"2024-03-23T14:39:22+00:00\" \/>\n<meta property=\"og:image\" content=\"https:\/\/excont.hu\/wp-content\/uploads\/forest-fusion-20-irodakontener-04.jpg\" \/>\n\t<meta property=\"og:image:width\" content=\"2000\" \/>\n\t<meta property=\"og:image:height\" content=\"1500\" \/>\n\t<meta property=\"og:image:type\" content=\"image\/jpeg\" \/>\n<meta name=\"twitter:card\" content=\"summary_large_image\" \/>\n<meta name=\"twitter:label1\" content=\"Est. reading time\" \/>\n\t<meta name=\"twitter:data1\" content=\"2 minutes\" \/>\n<script type=\"application\/ld+json\" class=\"yoast-schema-graph\">{\"@context\":\"https:\/\/schema.org\",\"@graph\":[{\"@type\":\"WebPage\",\"@id\":\"https:\/\/excont.hu\/en\/stock\/forest-fusion-20-office-container\/\",\"url\":\"https:\/\/excont.hu\/en\/stock\/forest-fusion-20-office-container\/\",\"name\":\"Forest Fusion 20' office container | EXcont Container\",\"isPartOf\":{\"@id\":\"https:\/\/excont.hu\/en\/#website\"},\"primaryImageOfPage\":{\"@id\":\"https:\/\/excont.hu\/en\/stock\/forest-fusion-20-office-container\/#primaryimage\"},\"image\":{\"@id\":\"https:\/\/excont.hu\/en\/stock\/forest-fusion-20-office-container\/#primaryimage\"},\"thumbnailUrl\":\"https:\/\/excont.hu\/wp-content\/uploads\/forest-fusion-20-irodakontener-04.jpg\",\"datePublished\":\"2024-03-17T19:57:22+00:00\",\"dateModified\":\"2024-03-23T14:39:22+00:00\",\"breadcrumb\":{\"@id\":\"https:\/\/excont.hu\/en\/stock\/forest-fusion-20-office-container\/#breadcrumb\"},\"inLanguage\":\"en-US\",\"potentialAction\":[{\"@type\":\"ReadAction\",\"target\":[\"https:\/\/excont.hu\/en\/stock\/forest-fusion-20-office-container\/\"]}]},{\"@type\":\"ImageObject\",\"inLanguage\":\"en-US\",\"@id\":\"https:\/\/excont.hu\/en\/stock\/forest-fusion-20-office-container\/#primaryimage\",\"url\":\"https:\/\/excont.hu\/wp-content\/uploads\/forest-fusion-20-irodakontener-04.jpg\",\"contentUrl\":\"https:\/\/excont.hu\/wp-content\/uploads\/forest-fusion-20-irodakontener-04.jpg\",\"width\":2000,\"height\":1500},{\"@type\":\"BreadcrumbList\",\"@id\":\"https:\/\/excont.hu\/en\/stock\/forest-fusion-20-office-container\/#breadcrumb\",\"itemListElement\":[{\"@type\":\"ListItem\",\"position\":1,\"name\":\"Home\",\"item\":\"https:\/\/excont.hu\/en\/\"},{\"@type\":\"ListItem\",\"position\":2,\"name\":\"Stock\",\"item\":\"https:\/\/excont.hu\/en\/stock\/\"},{\"@type\":\"ListItem\",\"position\":3,\"name\":\"Forest Fusion 20&#8242; office container\"}]},{\"@type\":\"WebSite\",\"@id\":\"https:\/\/excont.hu\/en\/#website\",\"url\":\"https:\/\/excont.hu\/en\/\",\"name\":\"EXcont Container Kft.\",\"description\":\"Solving your space shortage\",\"publisher\":{\"@id\":\"https:\/\/excont.hu\/en\/#organization\"},\"potentialAction\":[{\"@type\":\"SearchAction\",\"target\":{\"@type\":\"EntryPoint\",\"urlTemplate\":\"https:\/\/excont.hu\/en\/?s={search_term_string}\"},\"query-input\":{\"@type\":\"PropertyValueSpecification\",\"valueRequired\":true,\"valueName\":\"search_term_string\"}}],\"inLanguage\":\"en-US\"},{\"@type\":\"Organization\",\"@id\":\"https:\/\/excont.hu\/en\/#organization\",\"name\":\"EXcont Container Ltd.\",\"url\":\"https:\/\/excont.hu\/en\/\",\"logo\":{\"@type\":\"ImageObject\",\"inLanguage\":\"en-US\",\"@id\":\"https:\/\/excont.hu\/en\/#\/schema\/logo\/image\/\",\"url\":\"https:\/\/excont.hu\/wp-content\/uploads\/favicon.png\",\"contentUrl\":\"https:\/\/excont.hu\/wp-content\/uploads\/favicon.png\",\"width\":150,\"height\":150,\"caption\":\"EXcont Container Ltd.\"},\"image\":{\"@id\":\"https:\/\/excont.hu\/en\/#\/schema\/logo\/image\/\"}}]}<\/script>\n<!-- \/ Yoast SEO plugin. -->","yoast_head_json":{"title":"Forest Fusion 20' office container | EXcont Container","robots":{"index":"index","follow":"follow","max-snippet":"max-snippet:-1","max-image-preview":"max-image-preview:large","max-video-preview":"max-video-preview:-1"},"canonical":"https:\/\/excont.hu\/en\/stock\/forest-fusion-20-office-container\/","og_locale":"en_US","og_type":"article","og_title":"Forest Fusion 20' office container | EXcont Container","og_description":"Felszerelts\u00e9g: Hext: 2590mm\/Hint: 2350mm Alapter\u00fclet: 6000x2400mm RAL 7016 keret Fahat\u00e1s\u00fa szendvicspanel oldalfal 2db antracit sz\u00edn\u0171 1000x1200mm-es red\u0151ny\u00f6s ablak melynek mindk\u00e9t fele nyithat\u00f3. 40mm-es PUR szigetel\u00e9s\u0171, antracit sz\u00edn\u0171, 900x2000mm nagys\u00e1g\u00fa m\u0171anyag ajt\u00f3 18mm-es OSB padl\u00f3 + 2,5mm-es PVC bor\u00edt\u00e1s (350kg\/nm padl\u00f3 [\u2026]","og_url":"https:\/\/excont.hu\/en\/stock\/forest-fusion-20-office-container\/","og_site_name":"EXcont Container","article_modified_time":"2024-03-23T14:39:22+00:00","og_image":[{"width":2000,"height":1500,"url":"https:\/\/excont.hu\/wp-content\/uploads\/forest-fusion-20-irodakontener-04.jpg","type":"image\/jpeg"}],"twitter_card":"summary_large_image","twitter_misc":{"Est. reading time":"2 minutes"},"schema":{"@context":"https:\/\/schema.org","@graph":[{"@type":"WebPage","@id":"https:\/\/excont.hu\/en\/stock\/forest-fusion-20-office-container\/","url":"https:\/\/excont.hu\/en\/stock\/forest-fusion-20-office-container\/","name":"Forest Fusion 20' office container | EXcont Container","isPartOf":{"@id":"https:\/\/excont.hu\/en\/#website"},"primaryImageOfPage":{"@id":"https:\/\/excont.hu\/en\/stock\/forest-fusion-20-office-container\/#primaryimage"},"image":{"@id":"https:\/\/excont.hu\/en\/stock\/forest-fusion-20-office-container\/#primaryimage"},"thumbnailUrl":"https:\/\/excont.hu\/wp-content\/uploads\/forest-fusion-20-irodakontener-04.jpg","datePublished":"2024-03-17T19:57:22+00:00","dateModified":"2024-03-23T14:39:22+00:00","breadcrumb":{"@id":"https:\/\/excont.hu\/en\/stock\/forest-fusion-20-office-container\/#breadcrumb"},"inLanguage":"en-US","potentialAction":[{"@type":"ReadAction","target":["https:\/\/excont.hu\/en\/stock\/forest-fusion-20-office-container\/"]}]},{"@type":"ImageObject","inLanguage":"en-US","@id":"https:\/\/excont.hu\/en\/stock\/forest-fusion-20-office-container\/#primaryimage","url":"https:\/\/excont.hu\/wp-content\/uploads\/forest-fusion-20-irodakontener-04.jpg","contentUrl":"https:\/\/excont.hu\/wp-content\/uploads\/forest-fusion-20-irodakontener-04.jpg","width":2000,"height":1500},{"@type":"BreadcrumbList","@id":"https:\/\/excont.hu\/en\/stock\/forest-fusion-20-office-container\/#breadcrumb","itemListElement":[{"@type":"ListItem","position":1,"name":"Home","item":"https:\/\/excont.hu\/en\/"},{"@type":"ListItem","position":2,"name":"Stock","item":"https:\/\/excont.hu\/en\/stock\/"},{"@type":"ListItem","position":3,"name":"Forest Fusion 20&#8242; office container"}]},{"@type":"WebSite","@id":"https:\/\/excont.hu\/en\/#website","url":"https:\/\/excont.hu\/en\/","name":"EXcont Container Kft.","description":"Solving your space shortage","publisher":{"@id":"https:\/\/excont.hu\/en\/#organization"},"potentialAction":[{"@type":"SearchAction","target":{"@type":"EntryPoint","urlTemplate":"https:\/\/excont.hu\/en\/?s={search_term_string}"},"query-input":{"@type":"PropertyValueSpecification","valueRequired":true,"valueName":"search_term_string"}}],"inLanguage":"en-US"},{"@type":"Organization","@id":"https:\/\/excont.hu\/en\/#organization","name":"EXcont Container Ltd.","url":"https:\/\/excont.hu\/en\/","logo":{"@type":"ImageObject","inLanguage":"en-US","@id":"https:\/\/excont.hu\/en\/#\/schema\/logo\/image\/","url":"https:\/\/excont.hu\/wp-content\/uploads\/favicon.png","contentUrl":"https:\/\/excont.hu\/wp-content\/uploads\/favicon.png","width":150,"height":150,"caption":"EXcont Container Ltd."},"image":{"@id":"https:\/\/excont.hu\/en\/#\/schema\/logo\/image\/"}}]}},"_links":{"self":[{"href":"https:\/\/excont.hu\/en\/wp-json\/wp\/v2\/product\/40942","targetHints":{"allow":["GET"]}}],"collection":[{"href":"https:\/\/excont.hu\/en\/wp-json\/wp\/v2\/product"}],"about":[{"href":"https:\/\/excont.hu\/en\/wp-json\/wp\/v2\/types\/product"}],"wp:featuredmedia":[{"embeddable":true,"href":"https:\/\/excont.hu\/en\/wp-json\/wp\/v2\/media\/40883"}],"wp:attachment":[{"href":"https:\/\/excont.hu\/en\/wp-json\/wp\/v2\/media?parent=40942"}],"wp:term":[{"taxonomy":"product_brand","embeddable":true,"href":"https:\/\/excont.hu\/en\/wp-json\/wp\/v2\/product_brand?post=40942"},{"taxonomy":"product_cat","embeddable":true,"href":"https:\/\/excont.hu\/en\/wp-json\/wp\/v2\/product_cat?post=40942"},{"taxonomy":"product_tag","embeddable":true,"href":"https:\/\/excont.hu\/en\/wp-json\/wp\/v2\/product_tag?post=40942"}],"curies":[{"name":"wp","href":"https:\/\/api.w.org\/{rel}","templated":true}]}}