{"id":40867,"date":"2024-03-17T20:41:38","date_gmt":"2024-03-17T19:41:38","guid":{"rendered":"https:\/\/excont.hu\/?post_type=product&#038;p=40867"},"modified":"2024-03-23T15:35:58","modified_gmt":"2024-03-23T14:35:58","slug":"double-office-container-with-panoramic-glazing","status":"publish","type":"product","link":"https:\/\/excont.hu\/en\/stock\/double-office-container-with-panoramic-glazing\/","title":{"rendered":"Double office container with panoramic glazing"},"content":{"rendered":"<p><strong>Felszerelts\u00e9g:<\/strong><\/p>\n<ul>\n<li>Hext: 2800mm\/Hint: 2510mm<\/li>\n<li>RAL 7016 keret<\/li>\n<li>RAL 7035 oldalfal sz\u00edn k\u00edv\u00fcl<\/li>\n<li>18mm juhar dekor b\u00fatorlap bels\u0151 bor\u00edt\u00e1s<\/li>\n<li>rajzon jel\u00f6lt panor\u00e1ma \u00fcvegez\u00e9st m\u0171anyag tokban thermo \u00fcveggel (teljes hossz\u00fa oldalon fix, kiv\u00e9ve az ajt\u00f3)<\/li>\n<li>rajzon jel\u00f6lt 230V-osaljzatokat<\/li>\n<li>1db 900\/2480mm-es teli \u00fcveges m\u0171anyag tokos bej\u00e1rati ajt\u00f3t<\/li>\n<li>2db 750\/2050mm szigetelt lemez ajt\u00f3<\/li>\n<li>V\u00edz\u00e1ll\u00f3 TEGO padl\u00f3 (impregn\u00e1lt r\u00e9tegelt lemez, kiv\u00e1l\u00f3 terhelhet\u0151s\u00e9g \u00e9s kit\u0171n\u0151 v\u00edz\u00e1ll\u00f3s\u00e1g) + PVC bor\u00edt\u00e1s<\/li>\n<li>2,5kW-os gree kl\u00edma helysz\u00edni kisz\u00e1ll\u00e1ssal (Szolnokon szerelve)<\/li>\n<li>250kg\/nm terhelhet\u0151s\u00e9g<\/li>\n<li>mosd\u00f3: WC, meleg-vizes k\u00e9zmos\u00f3, szaniterablak (550\/550mm buk\u00f3thermo \u00fcveges), led vil\u00e1g\u00edt\u00e1s, f\u0171t\u00e9s (v\u00e1laszfal a mosd\u00f3 \u00e9s WC k\u00f6z\u00f6tt)<\/li>\n<li>elektromoss\u00e1g: 32A 5 p\u00f3lus\u00fa bet\u00e1p, bels\u0151 eloszt\u00f3 doboz \u00c9V rel\u00e9vel \u00e9s kismegszak\u00edt\u00f3kkal, led armat\u00far\u00e1k<\/li>\n<li><em><strong>sz\u00e1ll\u00edt\u00e1s+helysz\u00edni \u00f6sszeszerel\u00e9s szintezett, el\u0151k\u00e9sz\u00edtett fel\u00fcleten, h\u00e1l\u00f3zati r\u00e1k\u00f6t\u00e9st \u00e9s \u00e9rint\u00e9sv\u00e9delmi m\u00e9r\u00e9st nem v\u00e1llalunk<\/strong><\/em><\/li>\n<\/ul>\n<p>&nbsp;<\/p>\n<p><strong>M\u0171szaki le\u00edr\u00e1s:<\/strong><\/p>\n<ul>\n<li>ISO szabv\u00e1nynak megfelel\u0151 sarokkialak\u00edt\u00e1s\u00fa, 3 mm szerkezeti vastags\u00e1g\u00fa hengerelt profilb\u00f3l k\u00e9sz\u00fclt \u00f6nhord\u00f3 ac\u00e9lszerkezet.<\/li>\n<li>A tet\u0151szerkezet csapad\u00e9kv\u00edz elvezet\u00e9s\u00e9t szolg\u00e1l\u00f3 csatorn\u00e1kkal van ell\u00e1tva, amelyek a vizet oszlopokba vezetik.<\/li>\n<\/ul>\n<p><strong>M\u00e9retek (kont\u00e9nerenk\u00e9nt)<\/strong><\/p>\n<ul>\n<li>Hossz: 6055 mm<\/li>\n<li>Sz\u00e9less\u00e9g: 2450 mm<\/li>\n<li>Magass\u00e1g: 2800 mm<\/li>\n<li>Bels\u0151 magass\u00e1g: 2510 mm<\/li>\n<\/ul>\n<p><strong>A padl\u00f3szerkezet r\u00e9tegei alulr\u00f3l felfel\u00e9<\/strong><\/p>\n<ul>\n<li>0,5 mm vastag horganyzott lemez<\/li>\n<li>100 mm vastag h\u0151szigetel\u0151 k\u0151zetgyapot<\/li>\n<li>A<span style=\"font-size: 10.0pt;\">nti-kondenz f\u00f3lia<\/span><\/li>\n<li>18 mm vastag v\u00edz\u00e1ll\u00f3 pr\u00e9selt r\u00e9tegelt lemez<\/li>\n<li>PVC sz\u0151nyeg<\/li>\n<\/ul>\n<p><strong>Az oldalfalak r\u00e9tegei k\u00edv\u00fclr\u0151l befel\u00e9<\/strong><\/p>\n<ul>\n<li>elektrosztatikus mez\u0151ben festett, horganyzott trap\u00e9zlemez<\/li>\n<li>50 mm vastag h\u0151szigetel\u0151 \u00e1sv\u00e1nygyapot<\/li>\n<li>Anti-kondenz f\u00f3lia -k\u00fcl\u00f6nb\u00f6z\u0151 sz\u00edn\u0171 lamin\u00e1lt faforg\u00e1cslap<\/li>\n<\/ul>\n<p><strong>A tet\u0151szerkezet r\u00e9tegei alulr\u00f3l felfel\u00e9<\/strong><\/p>\n<ul>\n<li>feh\u00e9r lamin\u00e1lt faforg\u00e1cslap<\/li>\n<li>anti-kondenz f\u00f3lia<\/li>\n<li>100 mm vastag h\u0151szigetel\u0151 \u00e1sv\u00e1nygyapot<\/li>\n<li>0,5 mm vastag horganyzott lemez<\/li>\n<\/ul>\n","protected":false},"excerpt":{"rendered":"<p>Felszerelts\u00e9g: Hext: 2800mm\/Hint: 2510mm RAL 7016 keret RAL 7035 oldalfal sz\u00edn k\u00edv\u00fcl 18mm juhar dekor b\u00fatorlap bels\u0151 bor\u00edt\u00e1s rajzon jel\u00f6lt panor\u00e1ma \u00fcvegez\u00e9st m\u0171anyag tokban thermo \u00fcveggel (teljes hossz\u00fa oldalon fix, kiv\u00e9ve az ajt\u00f3) rajzon jel\u00f6lt 230V-osaljzatokat 1db 900\/2480mm-es teli \u00fcveges<span class=\"excerpt-hellip\"> [\u2026]<\/span><\/p>\n","protected":false},"featured_media":40838,"template":"","meta":[],"product_brand":[],"product_cat":[85],"product_tag":[],"class_list":{"0":"post-40867","1":"product","2":"type-product","3":"status-publish","4":"has-post-thumbnail","6":"product_cat-office-container","8":"first","9":"instock","10":"shipping-taxable","11":"purchasable","12":"product-type-simple"},"yoast_head":"<!-- This site is optimized with the Yoast SEO plugin v26.1.1 - https:\/\/yoast.com\/wordpress\/plugins\/seo\/ -->\n<title>Double office container with panoramic glazing | EXcont Container<\/title>\n<meta name=\"robots\" content=\"index, follow, max-snippet:-1, max-image-preview:large, max-video-preview:-1\" \/>\n<link rel=\"canonical\" href=\"https:\/\/excont.hu\/en\/stock\/double-office-container-with-panoramic-glazing\/\" \/>\n<meta property=\"og:locale\" content=\"en_US\" \/>\n<meta property=\"og:type\" content=\"article\" \/>\n<meta property=\"og:title\" content=\"Double office container with panoramic glazing | EXcont Container\" \/>\n<meta property=\"og:description\" content=\"Felszerelts\u00e9g: Hext: 2800mm\/Hint: 2510mm RAL 7016 keret RAL 7035 oldalfal sz\u00edn k\u00edv\u00fcl 18mm juhar dekor b\u00fatorlap bels\u0151 bor\u00edt\u00e1s rajzon jel\u00f6lt panor\u00e1ma \u00fcvegez\u00e9st m\u0171anyag tokban thermo \u00fcveggel (teljes hossz\u00fa oldalon fix, kiv\u00e9ve az ajt\u00f3) rajzon jel\u00f6lt 230V-osaljzatokat 1db 900\/2480mm-es teli \u00fcveges [\u2026]\" \/>\n<meta property=\"og:url\" content=\"https:\/\/excont.hu\/en\/stock\/double-office-container-with-panoramic-glazing\/\" \/>\n<meta property=\"og:site_name\" content=\"EXcont Container\" \/>\n<meta property=\"article:modified_time\" content=\"2024-03-23T14:35:58+00:00\" \/>\n<meta property=\"og:image\" content=\"https:\/\/excont.hu\/wp-content\/uploads\/dupla-irodakontener-panorama-uvegezessel-10.jpg\" \/>\n\t<meta property=\"og:image:width\" content=\"1600\" \/>\n\t<meta property=\"og:image:height\" content=\"1200\" \/>\n\t<meta property=\"og:image:type\" content=\"image\/jpeg\" \/>\n<meta name=\"twitter:card\" content=\"summary_large_image\" \/>\n<meta name=\"twitter:label1\" content=\"Est. reading time\" \/>\n\t<meta name=\"twitter:data1\" content=\"2 minutes\" \/>\n<script type=\"application\/ld+json\" class=\"yoast-schema-graph\">{\"@context\":\"https:\/\/schema.org\",\"@graph\":[{\"@type\":\"WebPage\",\"@id\":\"https:\/\/excont.hu\/en\/stock\/double-office-container-with-panoramic-glazing\/\",\"url\":\"https:\/\/excont.hu\/en\/stock\/double-office-container-with-panoramic-glazing\/\",\"name\":\"Double office container with panoramic glazing | EXcont Container\",\"isPartOf\":{\"@id\":\"https:\/\/excont.hu\/en\/#website\"},\"primaryImageOfPage\":{\"@id\":\"https:\/\/excont.hu\/en\/stock\/double-office-container-with-panoramic-glazing\/#primaryimage\"},\"image\":{\"@id\":\"https:\/\/excont.hu\/en\/stock\/double-office-container-with-panoramic-glazing\/#primaryimage\"},\"thumbnailUrl\":\"https:\/\/excont.hu\/wp-content\/uploads\/dupla-irodakontener-panorama-uvegezessel-10.jpg\",\"datePublished\":\"2024-03-17T19:41:38+00:00\",\"dateModified\":\"2024-03-23T14:35:58+00:00\",\"breadcrumb\":{\"@id\":\"https:\/\/excont.hu\/en\/stock\/double-office-container-with-panoramic-glazing\/#breadcrumb\"},\"inLanguage\":\"en-US\",\"potentialAction\":[{\"@type\":\"ReadAction\",\"target\":[\"https:\/\/excont.hu\/en\/stock\/double-office-container-with-panoramic-glazing\/\"]}]},{\"@type\":\"ImageObject\",\"inLanguage\":\"en-US\",\"@id\":\"https:\/\/excont.hu\/en\/stock\/double-office-container-with-panoramic-glazing\/#primaryimage\",\"url\":\"https:\/\/excont.hu\/wp-content\/uploads\/dupla-irodakontener-panorama-uvegezessel-10.jpg\",\"contentUrl\":\"https:\/\/excont.hu\/wp-content\/uploads\/dupla-irodakontener-panorama-uvegezessel-10.jpg\",\"width\":1600,\"height\":1200},{\"@type\":\"BreadcrumbList\",\"@id\":\"https:\/\/excont.hu\/en\/stock\/double-office-container-with-panoramic-glazing\/#breadcrumb\",\"itemListElement\":[{\"@type\":\"ListItem\",\"position\":1,\"name\":\"Home\",\"item\":\"https:\/\/excont.hu\/en\/\"},{\"@type\":\"ListItem\",\"position\":2,\"name\":\"Stock\",\"item\":\"https:\/\/excont.hu\/en\/stock\/\"},{\"@type\":\"ListItem\",\"position\":3,\"name\":\"Double office container with panoramic glazing\"}]},{\"@type\":\"WebSite\",\"@id\":\"https:\/\/excont.hu\/en\/#website\",\"url\":\"https:\/\/excont.hu\/en\/\",\"name\":\"EXcont Container Kft.\",\"description\":\"Solving your space shortage\",\"publisher\":{\"@id\":\"https:\/\/excont.hu\/en\/#organization\"},\"potentialAction\":[{\"@type\":\"SearchAction\",\"target\":{\"@type\":\"EntryPoint\",\"urlTemplate\":\"https:\/\/excont.hu\/en\/?s={search_term_string}\"},\"query-input\":{\"@type\":\"PropertyValueSpecification\",\"valueRequired\":true,\"valueName\":\"search_term_string\"}}],\"inLanguage\":\"en-US\"},{\"@type\":\"Organization\",\"@id\":\"https:\/\/excont.hu\/en\/#organization\",\"name\":\"EXcont Container Ltd.\",\"url\":\"https:\/\/excont.hu\/en\/\",\"logo\":{\"@type\":\"ImageObject\",\"inLanguage\":\"en-US\",\"@id\":\"https:\/\/excont.hu\/en\/#\/schema\/logo\/image\/\",\"url\":\"https:\/\/excont.hu\/wp-content\/uploads\/favicon.png\",\"contentUrl\":\"https:\/\/excont.hu\/wp-content\/uploads\/favicon.png\",\"width\":150,\"height\":150,\"caption\":\"EXcont Container Ltd.\"},\"image\":{\"@id\":\"https:\/\/excont.hu\/en\/#\/schema\/logo\/image\/\"}}]}<\/script>\n<!-- \/ Yoast SEO plugin. -->","yoast_head_json":{"title":"Double office container with panoramic glazing | EXcont Container","robots":{"index":"index","follow":"follow","max-snippet":"max-snippet:-1","max-image-preview":"max-image-preview:large","max-video-preview":"max-video-preview:-1"},"canonical":"https:\/\/excont.hu\/en\/stock\/double-office-container-with-panoramic-glazing\/","og_locale":"en_US","og_type":"article","og_title":"Double office container with panoramic glazing | EXcont Container","og_description":"Felszerelts\u00e9g: Hext: 2800mm\/Hint: 2510mm RAL 7016 keret RAL 7035 oldalfal sz\u00edn k\u00edv\u00fcl 18mm juhar dekor b\u00fatorlap bels\u0151 bor\u00edt\u00e1s rajzon jel\u00f6lt panor\u00e1ma \u00fcvegez\u00e9st m\u0171anyag tokban thermo \u00fcveggel (teljes hossz\u00fa oldalon fix, kiv\u00e9ve az ajt\u00f3) rajzon jel\u00f6lt 230V-osaljzatokat 1db 900\/2480mm-es teli \u00fcveges [\u2026]","og_url":"https:\/\/excont.hu\/en\/stock\/double-office-container-with-panoramic-glazing\/","og_site_name":"EXcont Container","article_modified_time":"2024-03-23T14:35:58+00:00","og_image":[{"width":1600,"height":1200,"url":"https:\/\/excont.hu\/wp-content\/uploads\/dupla-irodakontener-panorama-uvegezessel-10.jpg","type":"image\/jpeg"}],"twitter_card":"summary_large_image","twitter_misc":{"Est. reading time":"2 minutes"},"schema":{"@context":"https:\/\/schema.org","@graph":[{"@type":"WebPage","@id":"https:\/\/excont.hu\/en\/stock\/double-office-container-with-panoramic-glazing\/","url":"https:\/\/excont.hu\/en\/stock\/double-office-container-with-panoramic-glazing\/","name":"Double office container with panoramic glazing | EXcont Container","isPartOf":{"@id":"https:\/\/excont.hu\/en\/#website"},"primaryImageOfPage":{"@id":"https:\/\/excont.hu\/en\/stock\/double-office-container-with-panoramic-glazing\/#primaryimage"},"image":{"@id":"https:\/\/excont.hu\/en\/stock\/double-office-container-with-panoramic-glazing\/#primaryimage"},"thumbnailUrl":"https:\/\/excont.hu\/wp-content\/uploads\/dupla-irodakontener-panorama-uvegezessel-10.jpg","datePublished":"2024-03-17T19:41:38+00:00","dateModified":"2024-03-23T14:35:58+00:00","breadcrumb":{"@id":"https:\/\/excont.hu\/en\/stock\/double-office-container-with-panoramic-glazing\/#breadcrumb"},"inLanguage":"en-US","potentialAction":[{"@type":"ReadAction","target":["https:\/\/excont.hu\/en\/stock\/double-office-container-with-panoramic-glazing\/"]}]},{"@type":"ImageObject","inLanguage":"en-US","@id":"https:\/\/excont.hu\/en\/stock\/double-office-container-with-panoramic-glazing\/#primaryimage","url":"https:\/\/excont.hu\/wp-content\/uploads\/dupla-irodakontener-panorama-uvegezessel-10.jpg","contentUrl":"https:\/\/excont.hu\/wp-content\/uploads\/dupla-irodakontener-panorama-uvegezessel-10.jpg","width":1600,"height":1200},{"@type":"BreadcrumbList","@id":"https:\/\/excont.hu\/en\/stock\/double-office-container-with-panoramic-glazing\/#breadcrumb","itemListElement":[{"@type":"ListItem","position":1,"name":"Home","item":"https:\/\/excont.hu\/en\/"},{"@type":"ListItem","position":2,"name":"Stock","item":"https:\/\/excont.hu\/en\/stock\/"},{"@type":"ListItem","position":3,"name":"Double office container with panoramic glazing"}]},{"@type":"WebSite","@id":"https:\/\/excont.hu\/en\/#website","url":"https:\/\/excont.hu\/en\/","name":"EXcont Container Kft.","description":"Solving your space shortage","publisher":{"@id":"https:\/\/excont.hu\/en\/#organization"},"potentialAction":[{"@type":"SearchAction","target":{"@type":"EntryPoint","urlTemplate":"https:\/\/excont.hu\/en\/?s={search_term_string}"},"query-input":{"@type":"PropertyValueSpecification","valueRequired":true,"valueName":"search_term_string"}}],"inLanguage":"en-US"},{"@type":"Organization","@id":"https:\/\/excont.hu\/en\/#organization","name":"EXcont Container Ltd.","url":"https:\/\/excont.hu\/en\/","logo":{"@type":"ImageObject","inLanguage":"en-US","@id":"https:\/\/excont.hu\/en\/#\/schema\/logo\/image\/","url":"https:\/\/excont.hu\/wp-content\/uploads\/favicon.png","contentUrl":"https:\/\/excont.hu\/wp-content\/uploads\/favicon.png","width":150,"height":150,"caption":"EXcont Container Ltd."},"image":{"@id":"https:\/\/excont.hu\/en\/#\/schema\/logo\/image\/"}}]}},"_links":{"self":[{"href":"https:\/\/excont.hu\/en\/wp-json\/wp\/v2\/product\/40867","targetHints":{"allow":["GET"]}}],"collection":[{"href":"https:\/\/excont.hu\/en\/wp-json\/wp\/v2\/product"}],"about":[{"href":"https:\/\/excont.hu\/en\/wp-json\/wp\/v2\/types\/product"}],"wp:featuredmedia":[{"embeddable":true,"href":"https:\/\/excont.hu\/en\/wp-json\/wp\/v2\/media\/40838"}],"wp:attachment":[{"href":"https:\/\/excont.hu\/en\/wp-json\/wp\/v2\/media?parent=40867"}],"wp:term":[{"taxonomy":"product_brand","embeddable":true,"href":"https:\/\/excont.hu\/en\/wp-json\/wp\/v2\/product_brand?post=40867"},{"taxonomy":"product_cat","embeddable":true,"href":"https:\/\/excont.hu\/en\/wp-json\/wp\/v2\/product_cat?post=40867"},{"taxonomy":"product_tag","embeddable":true,"href":"https:\/\/excont.hu\/en\/wp-json\/wp\/v2\/product_tag?post=40867"}],"curies":[{"name":"wp","href":"https:\/\/api.w.org\/{rel}","templated":true}]}}