{"id":18815,"date":"2021-04-06T07:26:52","date_gmt":"2021-04-06T06:27:29","guid":{"rendered":"https:\/\/excont.hu\/?post_type=product&#038;p=18815"},"modified":"2024-03-20T21:51:02","modified_gmt":"2024-03-20T20:51:02","slug":"new-10-office-container-with-pur-panel-design","status":"publish","type":"product","link":"https:\/\/excont.hu\/en\/stock\/new-10-office-container-with-pur-panel-design\/","title":{"rendered":"New 10&#8242; office container with PUR panel design"},"content":{"rendered":"<p>R\u00f6vid hat\u00e1rid\u0151vel rendelhet\u0151 a k\u00e9peken l\u00e1that\u00f3 \u00faj 10\u2032 irodakont\u00e9ner.<\/p>\n<p><strong>M\u0171szaki le\u00edr\u00e1s<\/strong><\/p>\n<p><strong>M\u00e9retei:<\/strong><\/p>\n<ul>\n<li>sz\u00e9less\u00e9g: 2435mm<\/li>\n<li>hossz\u00fas\u00e1g: 3000mm<\/li>\n<li>magass\u00e1g: 2590mm<\/li>\n<li>belmagass\u00e1g: 2350mm<\/li>\n<\/ul>\n<p><strong>Szigetel\u00e9s:<\/strong><\/p>\n<ul>\n<li>oldalfalak: 60mm PUR panel<\/li>\n<li>tet\u0151: 40mm PUR panel +80mm k\u0151zetgyapot<\/li>\n<li>padl\u00f3: 50mm k\u0151zetgyapot<\/li>\n<\/ul>\n<p><strong>Elektromos csatlakoz\u00e1s<\/strong>: 5 p\u00f3lus\u00fa 32A<br \/>\n<strong>Padozati terhelhet\u0151s\u00e9g<\/strong>: 200kg\/nm<br \/>\n<strong>Halmozhat\u00f3<\/strong><\/p>\n<p><strong>Felszerelts\u00e9g:<\/strong><\/p>\n<ul>\n<li>1x900x1200mm thermo, buk\u00f3-ny\u00edl\u00f3 ablak, red\u0151nnyel szerelve (ig\u00e9ny eset\u00e9n k\u00e9rhet\u0151 2 vagy 3 ablakkal is, ak\u00e1r \u00e1tad\u00f3 ablakkal)<\/li>\n<li>1x900x2050mm szigetelt lemezajt\u00f3<\/li>\n<li>1x2kW-os elektromos f\u0171t\u0151test<\/li>\n<li>v\u00edz\u00e1ll\u00f3 r\u00e9tegelt lemez padl\u00f3+PVC bor\u00edt\u00e1s<\/li>\n<\/ul>\n<p><strong>Ig\u00e9ny eset\u00e9n b\u00e1rmilyen m\u00e9retben, elrendez\u00e9sben k\u00e9rhet\u0151k \u00faj irodakont\u00e9nereink:<\/strong><\/p>\n<ul>\n<li>PUR panel ide\u00e1lis olyan helyekre:<br \/>\n&#8211; ahol nagyobb p\u00e1ratartalom van,<br \/>\n-ahol moshat\u00f3 fel\u00fclet sz\u00fcks\u00e9ges<br \/>\n-ahol a bels\u0151 felhaszn\u00e1l\u00e1sb\u00f3l ered\u0151en v\u00edz \u00e9rheti a falakat. (zuhanyz\u00f3s kont\u00e9ner, konyha, b\u00fcf\u00e9, mosoda )<\/li>\n<li>nagyobb m\u00e9ret\u0171 kont\u00e9ner (ak\u00e1r 3x8m)<\/li>\n<li>kisebb m\u00e9ret\u0171 kont\u00e9ner, eg\u00e9szen a 1,5x2m alapter\u00fcletig<\/li>\n<li>nagyobb belmagass\u00e1ggal, ak\u00e1r 2540mm-ig<\/li>\n<li>t\u00f6bb kont\u00e9ner \u00f6ssze\u00e9p\u00edtve<\/li>\n<li>bels\u0151 v\u00e1laszfalakkal felszerelt kont\u00e9nerek<\/li>\n<li>vizesblokkal felszerelt kont\u00e9nerek<\/li>\n<\/ul>\n<p>R\u00e9szletesebb m\u0171szaki kialak\u00edt\u00e1s\u00e9rt, vagy egy\u00e9b egyedi elrendez\u00e9s\u00e9rt k\u00e9rje aj\u00e1nlatunkat!<\/p>\n","protected":false},"excerpt":{"rendered":"<p>R\u00f6vid hat\u00e1rid\u0151vel rendelhet\u0151 a k\u00e9peken l\u00e1that\u00f3 \u00faj 10\u2032 irodakont\u00e9ner. M\u0171szaki le\u00edr\u00e1s M\u00e9retei: sz\u00e9less\u00e9g: 2435mm hossz\u00fas\u00e1g: 3000mm magass\u00e1g: 2590mm belmagass\u00e1g: 2350mm Szigetel\u00e9s: oldalfalak: 60mm PUR panel tet\u0151: 40mm PUR panel +80mm k\u0151zetgyapot padl\u00f3: 50mm k\u0151zetgyapot Elektromos csatlakoz\u00e1s: 5 p\u00f3lus\u00fa 32A Padozati<span class=\"excerpt-hellip\"> [\u2026]<\/span><\/p>\n","protected":false},"featured_media":18765,"template":"","meta":[],"product_brand":[],"product_cat":[85],"product_tag":[],"class_list":{"0":"post-18815","1":"product","2":"type-product","3":"status-publish","4":"has-post-thumbnail","6":"product_cat-office-container","8":"first","9":"instock","10":"shipping-taxable","11":"purchasable","12":"product-type-simple"},"yoast_head":"<!-- This site is optimized with the Yoast SEO plugin v26.1.1 - https:\/\/yoast.com\/wordpress\/plugins\/seo\/ -->\n<title>New 10&#039; office container with PUR panel design | EXcont Container<\/title>\n<meta name=\"robots\" content=\"index, follow, max-snippet:-1, max-image-preview:large, max-video-preview:-1\" \/>\n<link rel=\"canonical\" href=\"https:\/\/excont.hu\/en\/stock\/new-10-office-container-with-pur-panel-design\/\" \/>\n<meta property=\"og:locale\" content=\"en_US\" \/>\n<meta property=\"og:type\" content=\"article\" \/>\n<meta property=\"og:title\" content=\"New 10&#039; office container with PUR panel design | EXcont Container\" \/>\n<meta property=\"og:description\" content=\"R\u00f6vid hat\u00e1rid\u0151vel rendelhet\u0151 a k\u00e9peken l\u00e1that\u00f3 \u00faj 10\u2032 irodakont\u00e9ner. M\u0171szaki le\u00edr\u00e1s M\u00e9retei: sz\u00e9less\u00e9g: 2435mm hossz\u00fas\u00e1g: 3000mm magass\u00e1g: 2590mm belmagass\u00e1g: 2350mm Szigetel\u00e9s: oldalfalak: 60mm PUR panel tet\u0151: 40mm PUR panel +80mm k\u0151zetgyapot padl\u00f3: 50mm k\u0151zetgyapot Elektromos csatlakoz\u00e1s: 5 p\u00f3lus\u00fa 32A Padozati [\u2026]\" \/>\n<meta property=\"og:url\" content=\"https:\/\/excont.hu\/en\/stock\/new-10-office-container-with-pur-panel-design\/\" \/>\n<meta property=\"og:site_name\" content=\"EXcont Container\" \/>\n<meta property=\"article:modified_time\" content=\"2024-03-20T20:51:02+00:00\" \/>\n<meta property=\"og:image\" content=\"https:\/\/excont.hu\/wp-content\/uploads\/20210126_094340_resized.jpg\" \/>\n\t<meta property=\"og:image:width\" content=\"1512\" \/>\n\t<meta property=\"og:image:height\" content=\"2016\" \/>\n\t<meta property=\"og:image:type\" content=\"image\/jpeg\" \/>\n<meta name=\"twitter:card\" content=\"summary_large_image\" \/>\n<meta name=\"twitter:label1\" content=\"Est. reading time\" \/>\n\t<meta name=\"twitter:data1\" content=\"1 minute\" \/>\n<script type=\"application\/ld+json\" class=\"yoast-schema-graph\">{\"@context\":\"https:\/\/schema.org\",\"@graph\":[{\"@type\":\"WebPage\",\"@id\":\"https:\/\/excont.hu\/en\/stock\/new-10-office-container-with-pur-panel-design\/\",\"url\":\"https:\/\/excont.hu\/en\/stock\/new-10-office-container-with-pur-panel-design\/\",\"name\":\"New 10' office container with PUR panel design | EXcont Container\",\"isPartOf\":{\"@id\":\"https:\/\/excont.hu\/en\/#website\"},\"primaryImageOfPage\":{\"@id\":\"https:\/\/excont.hu\/en\/stock\/new-10-office-container-with-pur-panel-design\/#primaryimage\"},\"image\":{\"@id\":\"https:\/\/excont.hu\/en\/stock\/new-10-office-container-with-pur-panel-design\/#primaryimage\"},\"thumbnailUrl\":\"https:\/\/excont.hu\/wp-content\/uploads\/20210126_094340_resized.jpg\",\"datePublished\":\"2021-04-06T06:27:29+00:00\",\"dateModified\":\"2024-03-20T20:51:02+00:00\",\"breadcrumb\":{\"@id\":\"https:\/\/excont.hu\/en\/stock\/new-10-office-container-with-pur-panel-design\/#breadcrumb\"},\"inLanguage\":\"en-US\",\"potentialAction\":[{\"@type\":\"ReadAction\",\"target\":[\"https:\/\/excont.hu\/en\/stock\/new-10-office-container-with-pur-panel-design\/\"]}]},{\"@type\":\"ImageObject\",\"inLanguage\":\"en-US\",\"@id\":\"https:\/\/excont.hu\/en\/stock\/new-10-office-container-with-pur-panel-design\/#primaryimage\",\"url\":\"https:\/\/excont.hu\/wp-content\/uploads\/20210126_094340_resized.jpg\",\"contentUrl\":\"https:\/\/excont.hu\/wp-content\/uploads\/20210126_094340_resized.jpg\",\"width\":1512,\"height\":2016},{\"@type\":\"BreadcrumbList\",\"@id\":\"https:\/\/excont.hu\/en\/stock\/new-10-office-container-with-pur-panel-design\/#breadcrumb\",\"itemListElement\":[{\"@type\":\"ListItem\",\"position\":1,\"name\":\"Home\",\"item\":\"https:\/\/excont.hu\/en\/\"},{\"@type\":\"ListItem\",\"position\":2,\"name\":\"Stock\",\"item\":\"https:\/\/excont.hu\/en\/stock\/\"},{\"@type\":\"ListItem\",\"position\":3,\"name\":\"New 10&#8242; office container with PUR panel design\"}]},{\"@type\":\"WebSite\",\"@id\":\"https:\/\/excont.hu\/en\/#website\",\"url\":\"https:\/\/excont.hu\/en\/\",\"name\":\"EXcont Container Kft.\",\"description\":\"Solving your space shortage\",\"publisher\":{\"@id\":\"https:\/\/excont.hu\/en\/#organization\"},\"potentialAction\":[{\"@type\":\"SearchAction\",\"target\":{\"@type\":\"EntryPoint\",\"urlTemplate\":\"https:\/\/excont.hu\/en\/?s={search_term_string}\"},\"query-input\":{\"@type\":\"PropertyValueSpecification\",\"valueRequired\":true,\"valueName\":\"search_term_string\"}}],\"inLanguage\":\"en-US\"},{\"@type\":\"Organization\",\"@id\":\"https:\/\/excont.hu\/en\/#organization\",\"name\":\"EXcont Container Ltd.\",\"url\":\"https:\/\/excont.hu\/en\/\",\"logo\":{\"@type\":\"ImageObject\",\"inLanguage\":\"en-US\",\"@id\":\"https:\/\/excont.hu\/en\/#\/schema\/logo\/image\/\",\"url\":\"https:\/\/excont.hu\/wp-content\/uploads\/favicon.png\",\"contentUrl\":\"https:\/\/excont.hu\/wp-content\/uploads\/favicon.png\",\"width\":150,\"height\":150,\"caption\":\"EXcont Container Ltd.\"},\"image\":{\"@id\":\"https:\/\/excont.hu\/en\/#\/schema\/logo\/image\/\"}}]}<\/script>\n<!-- \/ Yoast SEO plugin. -->","yoast_head_json":{"title":"New 10' office container with PUR panel design | EXcont Container","robots":{"index":"index","follow":"follow","max-snippet":"max-snippet:-1","max-image-preview":"max-image-preview:large","max-video-preview":"max-video-preview:-1"},"canonical":"https:\/\/excont.hu\/en\/stock\/new-10-office-container-with-pur-panel-design\/","og_locale":"en_US","og_type":"article","og_title":"New 10' office container with PUR panel design | EXcont Container","og_description":"R\u00f6vid hat\u00e1rid\u0151vel rendelhet\u0151 a k\u00e9peken l\u00e1that\u00f3 \u00faj 10\u2032 irodakont\u00e9ner. M\u0171szaki le\u00edr\u00e1s M\u00e9retei: sz\u00e9less\u00e9g: 2435mm hossz\u00fas\u00e1g: 3000mm magass\u00e1g: 2590mm belmagass\u00e1g: 2350mm Szigetel\u00e9s: oldalfalak: 60mm PUR panel tet\u0151: 40mm PUR panel +80mm k\u0151zetgyapot padl\u00f3: 50mm k\u0151zetgyapot Elektromos csatlakoz\u00e1s: 5 p\u00f3lus\u00fa 32A Padozati [\u2026]","og_url":"https:\/\/excont.hu\/en\/stock\/new-10-office-container-with-pur-panel-design\/","og_site_name":"EXcont Container","article_modified_time":"2024-03-20T20:51:02+00:00","og_image":[{"width":1512,"height":2016,"url":"https:\/\/excont.hu\/wp-content\/uploads\/20210126_094340_resized.jpg","type":"image\/jpeg"}],"twitter_card":"summary_large_image","twitter_misc":{"Est. reading time":"1 minute"},"schema":{"@context":"https:\/\/schema.org","@graph":[{"@type":"WebPage","@id":"https:\/\/excont.hu\/en\/stock\/new-10-office-container-with-pur-panel-design\/","url":"https:\/\/excont.hu\/en\/stock\/new-10-office-container-with-pur-panel-design\/","name":"New 10' office container with PUR panel design | EXcont Container","isPartOf":{"@id":"https:\/\/excont.hu\/en\/#website"},"primaryImageOfPage":{"@id":"https:\/\/excont.hu\/en\/stock\/new-10-office-container-with-pur-panel-design\/#primaryimage"},"image":{"@id":"https:\/\/excont.hu\/en\/stock\/new-10-office-container-with-pur-panel-design\/#primaryimage"},"thumbnailUrl":"https:\/\/excont.hu\/wp-content\/uploads\/20210126_094340_resized.jpg","datePublished":"2021-04-06T06:27:29+00:00","dateModified":"2024-03-20T20:51:02+00:00","breadcrumb":{"@id":"https:\/\/excont.hu\/en\/stock\/new-10-office-container-with-pur-panel-design\/#breadcrumb"},"inLanguage":"en-US","potentialAction":[{"@type":"ReadAction","target":["https:\/\/excont.hu\/en\/stock\/new-10-office-container-with-pur-panel-design\/"]}]},{"@type":"ImageObject","inLanguage":"en-US","@id":"https:\/\/excont.hu\/en\/stock\/new-10-office-container-with-pur-panel-design\/#primaryimage","url":"https:\/\/excont.hu\/wp-content\/uploads\/20210126_094340_resized.jpg","contentUrl":"https:\/\/excont.hu\/wp-content\/uploads\/20210126_094340_resized.jpg","width":1512,"height":2016},{"@type":"BreadcrumbList","@id":"https:\/\/excont.hu\/en\/stock\/new-10-office-container-with-pur-panel-design\/#breadcrumb","itemListElement":[{"@type":"ListItem","position":1,"name":"Home","item":"https:\/\/excont.hu\/en\/"},{"@type":"ListItem","position":2,"name":"Stock","item":"https:\/\/excont.hu\/en\/stock\/"},{"@type":"ListItem","position":3,"name":"New 10&#8242; office container with PUR panel design"}]},{"@type":"WebSite","@id":"https:\/\/excont.hu\/en\/#website","url":"https:\/\/excont.hu\/en\/","name":"EXcont Container Kft.","description":"Solving your space shortage","publisher":{"@id":"https:\/\/excont.hu\/en\/#organization"},"potentialAction":[{"@type":"SearchAction","target":{"@type":"EntryPoint","urlTemplate":"https:\/\/excont.hu\/en\/?s={search_term_string}"},"query-input":{"@type":"PropertyValueSpecification","valueRequired":true,"valueName":"search_term_string"}}],"inLanguage":"en-US"},{"@type":"Organization","@id":"https:\/\/excont.hu\/en\/#organization","name":"EXcont Container Ltd.","url":"https:\/\/excont.hu\/en\/","logo":{"@type":"ImageObject","inLanguage":"en-US","@id":"https:\/\/excont.hu\/en\/#\/schema\/logo\/image\/","url":"https:\/\/excont.hu\/wp-content\/uploads\/favicon.png","contentUrl":"https:\/\/excont.hu\/wp-content\/uploads\/favicon.png","width":150,"height":150,"caption":"EXcont Container Ltd."},"image":{"@id":"https:\/\/excont.hu\/en\/#\/schema\/logo\/image\/"}}]}},"_links":{"self":[{"href":"https:\/\/excont.hu\/en\/wp-json\/wp\/v2\/product\/18815","targetHints":{"allow":["GET"]}}],"collection":[{"href":"https:\/\/excont.hu\/en\/wp-json\/wp\/v2\/product"}],"about":[{"href":"https:\/\/excont.hu\/en\/wp-json\/wp\/v2\/types\/product"}],"wp:featuredmedia":[{"embeddable":true,"href":"https:\/\/excont.hu\/en\/wp-json\/wp\/v2\/media\/18765"}],"wp:attachment":[{"href":"https:\/\/excont.hu\/en\/wp-json\/wp\/v2\/media?parent=18815"}],"wp:term":[{"taxonomy":"product_brand","embeddable":true,"href":"https:\/\/excont.hu\/en\/wp-json\/wp\/v2\/product_brand?post=18815"},{"taxonomy":"product_cat","embeddable":true,"href":"https:\/\/excont.hu\/en\/wp-json\/wp\/v2\/product_cat?post=18815"},{"taxonomy":"product_tag","embeddable":true,"href":"https:\/\/excont.hu\/en\/wp-json\/wp\/v2\/product_tag?post=18815"}],"curies":[{"name":"wp","href":"https:\/\/api.w.org\/{rel}","templated":true}]}}