{"id":42507,"date":"2026-05-14T05:13:56","date_gmt":"2026-05-14T04:13:56","guid":{"rendered":"https:\/\/excont.hu\/?post_type=product&#038;p=42507"},"modified":"2026-05-15T09:49:00","modified_gmt":"2026-05-15T08:49:00","slug":"neuer-leichter-20-fus-burocontainer-mit-pur-isolierung-und-badezimmer","status":"publish","type":"product","link":"https:\/\/excont.hu\/de\/bestand\/neuer-leichter-20-fus-burocontainer-mit-pur-isolierung-und-badezimmer\/","title":{"rendered":"Neuer, leichter 20-Fu\u00df-B\u00fcrocontainer mit PUR-Isolierung und Badezimmer"},"content":{"rendered":"<p><b>Color:<\/b><\/p>\n<ul>\n<li>Frame color: RAL7016<\/li>\n<li>Panel color: RAL 9002<\/li>\n<\/ul>\n<p><b>Size:<\/b> 2.4mx5.98m<\/p>\n<p><strong>Height:<\/strong> 2.6m<\/p>\n<p>It has a fork pocket, can be moved with a small forklift<\/p>\n<p>&nbsp;<br \/>\n<b>Available with two types of insulation:<\/b><br \/>\n&nbsp;<\/p>\n<p><b>1. Affordable standard insulated design:<br \/>\n<\/b>(this can also be heated economically)<\/p>\n<ul>\n<li>50mm PUR side wall insulation<\/li>\n<li>100mm rockwool floor<\/li>\n<li>40mm PUR roof insulation<\/li>\n<li>2 pcs 100x120cm, split thermo windows with shutters that can be opened on both sides<\/li>\n<li>PVC door with cylinder lock<\/li>\n<li>Cement-bonded floor slab (concrete slab) + PVC covering<\/li>\n<li>3 sockets + lighting, miniature circuit breakers, RCD relay (can be ordered with more sockets if required)<\/li>\n<li>5-pole 32A power supply<\/li>\n<\/ul>\n<p>&nbsp;<\/p>\n<p><b>+ extra bathroom complete (included in the purchase price):<\/b><\/p>\n<ul>\n<li>Ceramic toilet<\/li>\n<li>Small ceramic washbasin on a cabinet<\/li>\n<li>80L boiler<\/li>\n<li>Acrylic shower cabin<\/li>\n<li>Sanitary window<\/li>\n<li>2kw sanitary heater<\/li>\n<\/ul>\n<p>&nbsp;<\/p>\n<p><b>2. More expensive, thicker insulated version: <\/b><\/p>\n<ul>\n<li>100mm PUR roof insulation<\/li>\n<\/ul>\n<p>&nbsp;<\/p>\n<p><b>+ Mini kitchen optional: 290,000 HUF + VAT<\/b><br \/>\n&nbsp;<\/p>\n","protected":false},"excerpt":{"rendered":"<p>Color: Frame color: RAL7016 Panel color: RAL 9002 Size: 2.4mx5.98m Height: 2.6m It has a fork pocket, can be moved with a small forklift &nbsp; Available with two types of insulation: &nbsp; 1. Affordable standard insulated design: (this can also<span class=\"excerpt-hellip\"> [\u2026]<\/span><\/p>\n","protected":false},"featured_media":42532,"template":"","meta":[],"product_brand":[],"product_cat":[158],"product_tag":[],"class_list":{"0":"post-42507","1":"product","2":"type-product","3":"status-publish","4":"has-post-thumbnail","6":"product_cat-burocontainer","8":"first","9":"instock","10":"sale","11":"shipping-taxable","12":"purchasable","13":"product-type-simple"},"yoast_head":"<!-- This site is optimized with the Yoast SEO plugin v27.6 - https:\/\/yoast.com\/product\/yoast-seo-wordpress\/ -->\n<title>Neuer, leichter 20-Fu\u00df-B\u00fcrocontainer mit PUR-Isolierung und Badezimmer | EXcont Container<\/title>\n<meta name=\"robots\" content=\"index, follow, max-snippet:-1, max-image-preview:large, max-video-preview:-1\" \/>\n<link rel=\"canonical\" href=\"https:\/\/excont.hu\/de\/bestand\/neuer-leichter-20-fus-burocontainer-mit-pur-isolierung-und-badezimmer\/\" \/>\n<meta property=\"og:locale\" content=\"de_DE\" \/>\n<meta property=\"og:type\" content=\"article\" \/>\n<meta property=\"og:title\" content=\"Neuer, leichter 20-Fu\u00df-B\u00fcrocontainer mit PUR-Isolierung und Badezimmer | EXcont Container\" \/>\n<meta property=\"og:description\" content=\"Color: Frame color: RAL7016 Panel color: RAL 9002 Size: 2.4mx5.98m Height: 2.6m It has a fork pocket, can be moved with a small forklift &nbsp; Available with two types of insulation: &nbsp; 1. Affordable standard insulated design: (this can also [\u2026]\" \/>\n<meta property=\"og:url\" content=\"https:\/\/excont.hu\/de\/bestand\/neuer-leichter-20-fus-burocontainer-mit-pur-isolierung-und-badezimmer\/\" \/>\n<meta property=\"og:site_name\" content=\"EXcont Container\" \/>\n<meta property=\"article:modified_time\" content=\"2026-05-15T08:49:00+00:00\" \/>\n<meta property=\"og:image\" content=\"https:\/\/excont.hu\/wp-content\/uploads\/pur-szigetelesu-uj-konnyuszerkezetes-20-irodakontener-furdovel-08.jpg\" \/>\n\t<meta property=\"og:image:width\" content=\"1600\" \/>\n\t<meta property=\"og:image:height\" content=\"1205\" \/>\n\t<meta property=\"og:image:type\" content=\"image\/jpeg\" \/>\n<meta name=\"twitter:card\" content=\"summary_large_image\" \/>\n<meta name=\"twitter:label1\" content=\"Gesch\u00e4tzte Lesezeit\" \/>\n\t<meta name=\"twitter:data1\" content=\"1\u00a0Minute\" \/>\n<script type=\"application\/ld+json\" class=\"yoast-schema-graph\">{\"@context\":\"https:\\\/\\\/schema.org\",\"@graph\":[{\"@type\":\"WebPage\",\"@id\":\"https:\\\/\\\/excont.hu\\\/de\\\/bestand\\\/neuer-leichter-20-fus-burocontainer-mit-pur-isolierung-und-badezimmer\\\/\",\"url\":\"https:\\\/\\\/excont.hu\\\/de\\\/bestand\\\/neuer-leichter-20-fus-burocontainer-mit-pur-isolierung-und-badezimmer\\\/\",\"name\":\"Neuer, leichter 20-Fu\u00df-B\u00fcrocontainer mit PUR-Isolierung und Badezimmer | EXcont Container\",\"isPartOf\":{\"@id\":\"https:\\\/\\\/excont.hu\\\/de\\\/#website\"},\"primaryImageOfPage\":{\"@id\":\"https:\\\/\\\/excont.hu\\\/de\\\/bestand\\\/neuer-leichter-20-fus-burocontainer-mit-pur-isolierung-und-badezimmer\\\/#primaryimage\"},\"image\":{\"@id\":\"https:\\\/\\\/excont.hu\\\/de\\\/bestand\\\/neuer-leichter-20-fus-burocontainer-mit-pur-isolierung-und-badezimmer\\\/#primaryimage\"},\"thumbnailUrl\":\"https:\\\/\\\/excont.hu\\\/wp-content\\\/uploads\\\/pur-szigetelesu-uj-konnyuszerkezetes-20-irodakontener-furdovel-08.jpg\",\"datePublished\":\"2026-05-14T04:13:56+00:00\",\"dateModified\":\"2026-05-15T08:49:00+00:00\",\"breadcrumb\":{\"@id\":\"https:\\\/\\\/excont.hu\\\/de\\\/bestand\\\/neuer-leichter-20-fus-burocontainer-mit-pur-isolierung-und-badezimmer\\\/#breadcrumb\"},\"inLanguage\":\"de\",\"potentialAction\":[{\"@type\":\"ReadAction\",\"target\":[\"https:\\\/\\\/excont.hu\\\/de\\\/bestand\\\/neuer-leichter-20-fus-burocontainer-mit-pur-isolierung-und-badezimmer\\\/\"]}]},{\"@type\":\"ImageObject\",\"inLanguage\":\"de\",\"@id\":\"https:\\\/\\\/excont.hu\\\/de\\\/bestand\\\/neuer-leichter-20-fus-burocontainer-mit-pur-isolierung-und-badezimmer\\\/#primaryimage\",\"url\":\"https:\\\/\\\/excont.hu\\\/wp-content\\\/uploads\\\/pur-szigetelesu-uj-konnyuszerkezetes-20-irodakontener-furdovel-08.jpg\",\"contentUrl\":\"https:\\\/\\\/excont.hu\\\/wp-content\\\/uploads\\\/pur-szigetelesu-uj-konnyuszerkezetes-20-irodakontener-furdovel-08.jpg\",\"width\":1600,\"height\":1205},{\"@type\":\"BreadcrumbList\",\"@id\":\"https:\\\/\\\/excont.hu\\\/de\\\/bestand\\\/neuer-leichter-20-fus-burocontainer-mit-pur-isolierung-und-badezimmer\\\/#breadcrumb\",\"itemListElement\":[{\"@type\":\"ListItem\",\"position\":1,\"name\":\"Home\",\"item\":\"https:\\\/\\\/excont.hu\\\/de\\\/\"},{\"@type\":\"ListItem\",\"position\":2,\"name\":\"Bestand\",\"item\":\"https:\\\/\\\/excont.hu\\\/de\\\/bestand\\\/\"},{\"@type\":\"ListItem\",\"position\":3,\"name\":\"Neuer, leichter 20-Fu\u00df-B\u00fcrocontainer mit PUR-Isolierung und Badezimmer\"}]},{\"@type\":\"WebSite\",\"@id\":\"https:\\\/\\\/excont.hu\\\/de\\\/#website\",\"url\":\"https:\\\/\\\/excont.hu\\\/de\\\/\",\"name\":\"EXcont Container Kft.\",\"description\":\"L\u00e9pjen ki a helyprobl\u00e9m\u00e1b\u00f3l\",\"publisher\":{\"@id\":\"https:\\\/\\\/excont.hu\\\/de\\\/#organization\"},\"potentialAction\":[{\"@type\":\"SearchAction\",\"target\":{\"@type\":\"EntryPoint\",\"urlTemplate\":\"https:\\\/\\\/excont.hu\\\/de\\\/?s={search_term_string}\"},\"query-input\":{\"@type\":\"PropertyValueSpecification\",\"valueRequired\":true,\"valueName\":\"search_term_string\"}}],\"inLanguage\":\"de\"},{\"@type\":\"Organization\",\"@id\":\"https:\\\/\\\/excont.hu\\\/de\\\/#organization\",\"name\":\"EXcont Container Ltd.\",\"url\":\"https:\\\/\\\/excont.hu\\\/de\\\/\",\"logo\":{\"@type\":\"ImageObject\",\"inLanguage\":\"de\",\"@id\":\"https:\\\/\\\/excont.hu\\\/de\\\/#\\\/schema\\\/logo\\\/image\\\/\",\"url\":\"https:\\\/\\\/excont.hu\\\/wp-content\\\/uploads\\\/favicon.png\",\"contentUrl\":\"https:\\\/\\\/excont.hu\\\/wp-content\\\/uploads\\\/favicon.png\",\"width\":150,\"height\":150,\"caption\":\"EXcont Container Ltd.\"},\"image\":{\"@id\":\"https:\\\/\\\/excont.hu\\\/de\\\/#\\\/schema\\\/logo\\\/image\\\/\"}}]}<\/script>\n<!-- \/ Yoast SEO plugin. -->","yoast_head_json":{"title":"Neuer, leichter 20-Fu\u00df-B\u00fcrocontainer mit PUR-Isolierung und Badezimmer | EXcont Container","robots":{"index":"index","follow":"follow","max-snippet":"max-snippet:-1","max-image-preview":"max-image-preview:large","max-video-preview":"max-video-preview:-1"},"canonical":"https:\/\/excont.hu\/de\/bestand\/neuer-leichter-20-fus-burocontainer-mit-pur-isolierung-und-badezimmer\/","og_locale":"de_DE","og_type":"article","og_title":"Neuer, leichter 20-Fu\u00df-B\u00fcrocontainer mit PUR-Isolierung und Badezimmer | EXcont Container","og_description":"Color: Frame color: RAL7016 Panel color: RAL 9002 Size: 2.4mx5.98m Height: 2.6m It has a fork pocket, can be moved with a small forklift &nbsp; Available with two types of insulation: &nbsp; 1. Affordable standard insulated design: (this can also [\u2026]","og_url":"https:\/\/excont.hu\/de\/bestand\/neuer-leichter-20-fus-burocontainer-mit-pur-isolierung-und-badezimmer\/","og_site_name":"EXcont Container","article_modified_time":"2026-05-15T08:49:00+00:00","og_image":[{"width":1600,"height":1205,"url":"https:\/\/excont.hu\/wp-content\/uploads\/pur-szigetelesu-uj-konnyuszerkezetes-20-irodakontener-furdovel-08.jpg","type":"image\/jpeg"}],"twitter_card":"summary_large_image","twitter_misc":{"Gesch\u00e4tzte Lesezeit":"1\u00a0Minute"},"schema":{"@context":"https:\/\/schema.org","@graph":[{"@type":"WebPage","@id":"https:\/\/excont.hu\/de\/bestand\/neuer-leichter-20-fus-burocontainer-mit-pur-isolierung-und-badezimmer\/","url":"https:\/\/excont.hu\/de\/bestand\/neuer-leichter-20-fus-burocontainer-mit-pur-isolierung-und-badezimmer\/","name":"Neuer, leichter 20-Fu\u00df-B\u00fcrocontainer mit PUR-Isolierung und Badezimmer | EXcont Container","isPartOf":{"@id":"https:\/\/excont.hu\/de\/#website"},"primaryImageOfPage":{"@id":"https:\/\/excont.hu\/de\/bestand\/neuer-leichter-20-fus-burocontainer-mit-pur-isolierung-und-badezimmer\/#primaryimage"},"image":{"@id":"https:\/\/excont.hu\/de\/bestand\/neuer-leichter-20-fus-burocontainer-mit-pur-isolierung-und-badezimmer\/#primaryimage"},"thumbnailUrl":"https:\/\/excont.hu\/wp-content\/uploads\/pur-szigetelesu-uj-konnyuszerkezetes-20-irodakontener-furdovel-08.jpg","datePublished":"2026-05-14T04:13:56+00:00","dateModified":"2026-05-15T08:49:00+00:00","breadcrumb":{"@id":"https:\/\/excont.hu\/de\/bestand\/neuer-leichter-20-fus-burocontainer-mit-pur-isolierung-und-badezimmer\/#breadcrumb"},"inLanguage":"de","potentialAction":[{"@type":"ReadAction","target":["https:\/\/excont.hu\/de\/bestand\/neuer-leichter-20-fus-burocontainer-mit-pur-isolierung-und-badezimmer\/"]}]},{"@type":"ImageObject","inLanguage":"de","@id":"https:\/\/excont.hu\/de\/bestand\/neuer-leichter-20-fus-burocontainer-mit-pur-isolierung-und-badezimmer\/#primaryimage","url":"https:\/\/excont.hu\/wp-content\/uploads\/pur-szigetelesu-uj-konnyuszerkezetes-20-irodakontener-furdovel-08.jpg","contentUrl":"https:\/\/excont.hu\/wp-content\/uploads\/pur-szigetelesu-uj-konnyuszerkezetes-20-irodakontener-furdovel-08.jpg","width":1600,"height":1205},{"@type":"BreadcrumbList","@id":"https:\/\/excont.hu\/de\/bestand\/neuer-leichter-20-fus-burocontainer-mit-pur-isolierung-und-badezimmer\/#breadcrumb","itemListElement":[{"@type":"ListItem","position":1,"name":"Home","item":"https:\/\/excont.hu\/de\/"},{"@type":"ListItem","position":2,"name":"Bestand","item":"https:\/\/excont.hu\/de\/bestand\/"},{"@type":"ListItem","position":3,"name":"Neuer, leichter 20-Fu\u00df-B\u00fcrocontainer mit PUR-Isolierung und Badezimmer"}]},{"@type":"WebSite","@id":"https:\/\/excont.hu\/de\/#website","url":"https:\/\/excont.hu\/de\/","name":"EXcont Container Kft.","description":"L\u00e9pjen ki a helyprobl\u00e9m\u00e1b\u00f3l","publisher":{"@id":"https:\/\/excont.hu\/de\/#organization"},"potentialAction":[{"@type":"SearchAction","target":{"@type":"EntryPoint","urlTemplate":"https:\/\/excont.hu\/de\/?s={search_term_string}"},"query-input":{"@type":"PropertyValueSpecification","valueRequired":true,"valueName":"search_term_string"}}],"inLanguage":"de"},{"@type":"Organization","@id":"https:\/\/excont.hu\/de\/#organization","name":"EXcont Container Ltd.","url":"https:\/\/excont.hu\/de\/","logo":{"@type":"ImageObject","inLanguage":"de","@id":"https:\/\/excont.hu\/de\/#\/schema\/logo\/image\/","url":"https:\/\/excont.hu\/wp-content\/uploads\/favicon.png","contentUrl":"https:\/\/excont.hu\/wp-content\/uploads\/favicon.png","width":150,"height":150,"caption":"EXcont Container Ltd."},"image":{"@id":"https:\/\/excont.hu\/de\/#\/schema\/logo\/image\/"}}]}},"_links":{"self":[{"href":"https:\/\/excont.hu\/de\/wp-json\/wp\/v2\/product\/42507","targetHints":{"allow":["GET"]}}],"collection":[{"href":"https:\/\/excont.hu\/de\/wp-json\/wp\/v2\/product"}],"about":[{"href":"https:\/\/excont.hu\/de\/wp-json\/wp\/v2\/types\/product"}],"wp:featuredmedia":[{"embeddable":true,"href":"https:\/\/excont.hu\/de\/wp-json\/wp\/v2\/media\/42532"}],"wp:attachment":[{"href":"https:\/\/excont.hu\/de\/wp-json\/wp\/v2\/media?parent=42507"}],"wp:term":[{"taxonomy":"product_brand","embeddable":true,"href":"https:\/\/excont.hu\/de\/wp-json\/wp\/v2\/product_brand?post=42507"},{"taxonomy":"product_cat","embeddable":true,"href":"https:\/\/excont.hu\/de\/wp-json\/wp\/v2\/product_cat?post=42507"},{"taxonomy":"product_tag","embeddable":true,"href":"https:\/\/excont.hu\/de\/wp-json\/wp\/v2\/product_tag?post=42507"}],"curies":[{"name":"wp","href":"https:\/\/api.w.org\/{rel}","templated":true}]}}