{"id":42441,"date":"2026-05-14T04:37:08","date_gmt":"2026-05-14T03:37:08","guid":{"rendered":"https:\/\/excont.hu\/?post_type=product&#038;p=42441"},"modified":"2026-05-14T04:55:45","modified_gmt":"2026-05-14T03:55:45","slug":"iso-40-hc-seefrachtcontainer-neuen-typs-002","status":"publish","type":"product","link":"https:\/\/excont.hu\/de\/bestand\/iso-40-hc-seefrachtcontainer-neuen-typs-002\/","title":{"rendered":"ISO 40\u2019 HC Seefrachtcontainer neuen Typs 002"},"content":{"rendered":"<p>We offer for sale our novel ISO 40\u2019HC sea storage containers. With short delivery time.<\/p>\n<p><strong>2021-2022 vintage<\/strong><br \/>\n&nbsp;<\/p>\n<p><strong>Dimensions:<\/strong><\/p>\n<table class=\"size-table\">\n<tbody>\n<tr>\n<td><strong>External<\/strong><\/td>\n<td>Length<br \/>\nWidth<br \/>\nHeight<\/td>\n<td>12192 mm<br \/>\n2438 mm<br \/>\n2896 mm<\/td>\n<\/tr>\n<tr>\n<td><strong>Interior<\/strong><\/td>\n<td>Length<br \/>\nWidth<br \/>\nHeight<\/td>\n<td>12032 mm<br \/>\n2352 mm<br \/>\n2690 mm<\/td>\n<\/tr>\n<\/tbody>\n<\/table>\n<p>&nbsp;<\/p>\n<p>Multiple identical pieces are available, immediately from stock.<\/p>\n<p>Ask for our favorable price quote for one or even more pieces!<\/p>\n<p>We offer discounted delivery of containers throughout the country.<\/p>\n","protected":false},"excerpt":{"rendered":"<p>We offer for sale our novel ISO 40\u2019HC sea storage containers. With short delivery time. 2021-2022 vintage &nbsp; Dimensions: External Length Width Height 12192 mm 2438 mm 2896 mm Interior Length Width Height 12032 mm 2352 mm 2690 mm &nbsp;<span class=\"excerpt-hellip\"> [\u2026]<\/span><\/p>\n","protected":false},"featured_media":42469,"template":"","meta":[],"product_brand":[],"product_cat":[157],"product_tag":[],"class_list":{"0":"post-42441","1":"product","2":"type-product","3":"status-publish","4":"has-post-thumbnail","6":"product_cat-lagercontainer","8":"first","9":"instock","10":"sale","11":"shipping-taxable","12":"purchasable","13":"product-type-simple"},"yoast_head":"<!-- This site is optimized with the Yoast SEO plugin v27.6 - https:\/\/yoast.com\/product\/yoast-seo-wordpress\/ -->\n<title>ISO 40\u2019 HC Seefrachtcontainer neuen Typs 002 | EXcont Container<\/title>\n<meta name=\"robots\" content=\"index, follow, max-snippet:-1, max-image-preview:large, max-video-preview:-1\" \/>\n<link rel=\"canonical\" href=\"https:\/\/excont.hu\/de\/bestand\/iso-40-hc-seefrachtcontainer-neuen-typs-002\/\" \/>\n<meta property=\"og:locale\" content=\"de_DE\" \/>\n<meta property=\"og:type\" content=\"article\" \/>\n<meta property=\"og:title\" content=\"ISO 40\u2019 HC Seefrachtcontainer neuen Typs 002 | EXcont Container\" \/>\n<meta property=\"og:description\" content=\"We offer for sale our novel ISO 40\u2019HC sea storage containers. With short delivery time. 2021-2022 vintage &nbsp; Dimensions: External Length Width Height 12192 mm 2438 mm 2896 mm Interior Length Width Height 12032 mm 2352 mm 2690 mm &nbsp; [\u2026]\" \/>\n<meta property=\"og:url\" content=\"https:\/\/excont.hu\/de\/bestand\/iso-40-hc-seefrachtcontainer-neuen-typs-002\/\" \/>\n<meta property=\"og:site_name\" content=\"EXcont Container\" \/>\n<meta property=\"article:modified_time\" content=\"2026-05-14T03:55:45+00:00\" \/>\n<meta property=\"og:image\" content=\"https:\/\/excont.hu\/wp-content\/uploads\/iso-40-hc-ujszeru-tengeri-raktarkontener-002-06.jpeg\" \/>\n\t<meta property=\"og:image:width\" content=\"1500\" \/>\n\t<meta property=\"og:image:height\" content=\"1125\" \/>\n\t<meta property=\"og:image:type\" content=\"image\/jpeg\" \/>\n<meta name=\"twitter:card\" content=\"summary_large_image\" \/>\n<meta name=\"twitter:label1\" content=\"Gesch\u00e4tzte Lesezeit\" \/>\n\t<meta name=\"twitter:data1\" content=\"1\u00a0Minute\" \/>\n<script type=\"application\/ld+json\" class=\"yoast-schema-graph\">{\"@context\":\"https:\\\/\\\/schema.org\",\"@graph\":[{\"@type\":\"WebPage\",\"@id\":\"https:\\\/\\\/excont.hu\\\/de\\\/bestand\\\/iso-40-hc-seefrachtcontainer-neuen-typs-002\\\/\",\"url\":\"https:\\\/\\\/excont.hu\\\/de\\\/bestand\\\/iso-40-hc-seefrachtcontainer-neuen-typs-002\\\/\",\"name\":\"ISO 40\u2019 HC Seefrachtcontainer neuen Typs 002 | EXcont Container\",\"isPartOf\":{\"@id\":\"https:\\\/\\\/excont.hu\\\/de\\\/#website\"},\"primaryImageOfPage\":{\"@id\":\"https:\\\/\\\/excont.hu\\\/de\\\/bestand\\\/iso-40-hc-seefrachtcontainer-neuen-typs-002\\\/#primaryimage\"},\"image\":{\"@id\":\"https:\\\/\\\/excont.hu\\\/de\\\/bestand\\\/iso-40-hc-seefrachtcontainer-neuen-typs-002\\\/#primaryimage\"},\"thumbnailUrl\":\"https:\\\/\\\/excont.hu\\\/wp-content\\\/uploads\\\/iso-40-hc-ujszeru-tengeri-raktarkontener-002-06.jpeg\",\"datePublished\":\"2026-05-14T03:37:08+00:00\",\"dateModified\":\"2026-05-14T03:55:45+00:00\",\"breadcrumb\":{\"@id\":\"https:\\\/\\\/excont.hu\\\/de\\\/bestand\\\/iso-40-hc-seefrachtcontainer-neuen-typs-002\\\/#breadcrumb\"},\"inLanguage\":\"de\",\"potentialAction\":[{\"@type\":\"ReadAction\",\"target\":[\"https:\\\/\\\/excont.hu\\\/de\\\/bestand\\\/iso-40-hc-seefrachtcontainer-neuen-typs-002\\\/\"]}]},{\"@type\":\"ImageObject\",\"inLanguage\":\"de\",\"@id\":\"https:\\\/\\\/excont.hu\\\/de\\\/bestand\\\/iso-40-hc-seefrachtcontainer-neuen-typs-002\\\/#primaryimage\",\"url\":\"https:\\\/\\\/excont.hu\\\/wp-content\\\/uploads\\\/iso-40-hc-ujszeru-tengeri-raktarkontener-002-06.jpeg\",\"contentUrl\":\"https:\\\/\\\/excont.hu\\\/wp-content\\\/uploads\\\/iso-40-hc-ujszeru-tengeri-raktarkontener-002-06.jpeg\",\"width\":1500,\"height\":1125},{\"@type\":\"BreadcrumbList\",\"@id\":\"https:\\\/\\\/excont.hu\\\/de\\\/bestand\\\/iso-40-hc-seefrachtcontainer-neuen-typs-002\\\/#breadcrumb\",\"itemListElement\":[{\"@type\":\"ListItem\",\"position\":1,\"name\":\"Home\",\"item\":\"https:\\\/\\\/excont.hu\\\/de\\\/\"},{\"@type\":\"ListItem\",\"position\":2,\"name\":\"Bestand\",\"item\":\"https:\\\/\\\/excont.hu\\\/de\\\/bestand\\\/\"},{\"@type\":\"ListItem\",\"position\":3,\"name\":\"ISO 40\u2019 HC Seefrachtcontainer neuen Typs 002\"}]},{\"@type\":\"WebSite\",\"@id\":\"https:\\\/\\\/excont.hu\\\/de\\\/#website\",\"url\":\"https:\\\/\\\/excont.hu\\\/de\\\/\",\"name\":\"EXcont Container Kft.\",\"description\":\"L\u00e9pjen ki a helyprobl\u00e9m\u00e1b\u00f3l\",\"publisher\":{\"@id\":\"https:\\\/\\\/excont.hu\\\/de\\\/#organization\"},\"potentialAction\":[{\"@type\":\"SearchAction\",\"target\":{\"@type\":\"EntryPoint\",\"urlTemplate\":\"https:\\\/\\\/excont.hu\\\/de\\\/?s={search_term_string}\"},\"query-input\":{\"@type\":\"PropertyValueSpecification\",\"valueRequired\":true,\"valueName\":\"search_term_string\"}}],\"inLanguage\":\"de\"},{\"@type\":\"Organization\",\"@id\":\"https:\\\/\\\/excont.hu\\\/de\\\/#organization\",\"name\":\"EXcont Container Ltd.\",\"url\":\"https:\\\/\\\/excont.hu\\\/de\\\/\",\"logo\":{\"@type\":\"ImageObject\",\"inLanguage\":\"de\",\"@id\":\"https:\\\/\\\/excont.hu\\\/de\\\/#\\\/schema\\\/logo\\\/image\\\/\",\"url\":\"https:\\\/\\\/excont.hu\\\/wp-content\\\/uploads\\\/favicon.png\",\"contentUrl\":\"https:\\\/\\\/excont.hu\\\/wp-content\\\/uploads\\\/favicon.png\",\"width\":150,\"height\":150,\"caption\":\"EXcont Container Ltd.\"},\"image\":{\"@id\":\"https:\\\/\\\/excont.hu\\\/de\\\/#\\\/schema\\\/logo\\\/image\\\/\"}}]}<\/script>\n<!-- \/ Yoast SEO plugin. -->","yoast_head_json":{"title":"ISO 40\u2019 HC Seefrachtcontainer neuen Typs 002 | EXcont Container","robots":{"index":"index","follow":"follow","max-snippet":"max-snippet:-1","max-image-preview":"max-image-preview:large","max-video-preview":"max-video-preview:-1"},"canonical":"https:\/\/excont.hu\/de\/bestand\/iso-40-hc-seefrachtcontainer-neuen-typs-002\/","og_locale":"de_DE","og_type":"article","og_title":"ISO 40\u2019 HC Seefrachtcontainer neuen Typs 002 | EXcont Container","og_description":"We offer for sale our novel ISO 40\u2019HC sea storage containers. With short delivery time. 2021-2022 vintage &nbsp; Dimensions: External Length Width Height 12192 mm 2438 mm 2896 mm Interior Length Width Height 12032 mm 2352 mm 2690 mm &nbsp; [\u2026]","og_url":"https:\/\/excont.hu\/de\/bestand\/iso-40-hc-seefrachtcontainer-neuen-typs-002\/","og_site_name":"EXcont Container","article_modified_time":"2026-05-14T03:55:45+00:00","og_image":[{"width":1500,"height":1125,"url":"https:\/\/excont.hu\/wp-content\/uploads\/iso-40-hc-ujszeru-tengeri-raktarkontener-002-06.jpeg","type":"image\/jpeg"}],"twitter_card":"summary_large_image","twitter_misc":{"Gesch\u00e4tzte Lesezeit":"1\u00a0Minute"},"schema":{"@context":"https:\/\/schema.org","@graph":[{"@type":"WebPage","@id":"https:\/\/excont.hu\/de\/bestand\/iso-40-hc-seefrachtcontainer-neuen-typs-002\/","url":"https:\/\/excont.hu\/de\/bestand\/iso-40-hc-seefrachtcontainer-neuen-typs-002\/","name":"ISO 40\u2019 HC Seefrachtcontainer neuen Typs 002 | EXcont Container","isPartOf":{"@id":"https:\/\/excont.hu\/de\/#website"},"primaryImageOfPage":{"@id":"https:\/\/excont.hu\/de\/bestand\/iso-40-hc-seefrachtcontainer-neuen-typs-002\/#primaryimage"},"image":{"@id":"https:\/\/excont.hu\/de\/bestand\/iso-40-hc-seefrachtcontainer-neuen-typs-002\/#primaryimage"},"thumbnailUrl":"https:\/\/excont.hu\/wp-content\/uploads\/iso-40-hc-ujszeru-tengeri-raktarkontener-002-06.jpeg","datePublished":"2026-05-14T03:37:08+00:00","dateModified":"2026-05-14T03:55:45+00:00","breadcrumb":{"@id":"https:\/\/excont.hu\/de\/bestand\/iso-40-hc-seefrachtcontainer-neuen-typs-002\/#breadcrumb"},"inLanguage":"de","potentialAction":[{"@type":"ReadAction","target":["https:\/\/excont.hu\/de\/bestand\/iso-40-hc-seefrachtcontainer-neuen-typs-002\/"]}]},{"@type":"ImageObject","inLanguage":"de","@id":"https:\/\/excont.hu\/de\/bestand\/iso-40-hc-seefrachtcontainer-neuen-typs-002\/#primaryimage","url":"https:\/\/excont.hu\/wp-content\/uploads\/iso-40-hc-ujszeru-tengeri-raktarkontener-002-06.jpeg","contentUrl":"https:\/\/excont.hu\/wp-content\/uploads\/iso-40-hc-ujszeru-tengeri-raktarkontener-002-06.jpeg","width":1500,"height":1125},{"@type":"BreadcrumbList","@id":"https:\/\/excont.hu\/de\/bestand\/iso-40-hc-seefrachtcontainer-neuen-typs-002\/#breadcrumb","itemListElement":[{"@type":"ListItem","position":1,"name":"Home","item":"https:\/\/excont.hu\/de\/"},{"@type":"ListItem","position":2,"name":"Bestand","item":"https:\/\/excont.hu\/de\/bestand\/"},{"@type":"ListItem","position":3,"name":"ISO 40\u2019 HC Seefrachtcontainer neuen Typs 002"}]},{"@type":"WebSite","@id":"https:\/\/excont.hu\/de\/#website","url":"https:\/\/excont.hu\/de\/","name":"EXcont Container Kft.","description":"L\u00e9pjen ki a helyprobl\u00e9m\u00e1b\u00f3l","publisher":{"@id":"https:\/\/excont.hu\/de\/#organization"},"potentialAction":[{"@type":"SearchAction","target":{"@type":"EntryPoint","urlTemplate":"https:\/\/excont.hu\/de\/?s={search_term_string}"},"query-input":{"@type":"PropertyValueSpecification","valueRequired":true,"valueName":"search_term_string"}}],"inLanguage":"de"},{"@type":"Organization","@id":"https:\/\/excont.hu\/de\/#organization","name":"EXcont Container Ltd.","url":"https:\/\/excont.hu\/de\/","logo":{"@type":"ImageObject","inLanguage":"de","@id":"https:\/\/excont.hu\/de\/#\/schema\/logo\/image\/","url":"https:\/\/excont.hu\/wp-content\/uploads\/favicon.png","contentUrl":"https:\/\/excont.hu\/wp-content\/uploads\/favicon.png","width":150,"height":150,"caption":"EXcont Container Ltd."},"image":{"@id":"https:\/\/excont.hu\/de\/#\/schema\/logo\/image\/"}}]}},"_links":{"self":[{"href":"https:\/\/excont.hu\/de\/wp-json\/wp\/v2\/product\/42441","targetHints":{"allow":["GET"]}}],"collection":[{"href":"https:\/\/excont.hu\/de\/wp-json\/wp\/v2\/product"}],"about":[{"href":"https:\/\/excont.hu\/de\/wp-json\/wp\/v2\/types\/product"}],"wp:featuredmedia":[{"embeddable":true,"href":"https:\/\/excont.hu\/de\/wp-json\/wp\/v2\/media\/42469"}],"wp:attachment":[{"href":"https:\/\/excont.hu\/de\/wp-json\/wp\/v2\/media?parent=42441"}],"wp:term":[{"taxonomy":"product_brand","embeddable":true,"href":"https:\/\/excont.hu\/de\/wp-json\/wp\/v2\/product_brand?post=42441"},{"taxonomy":"product_cat","embeddable":true,"href":"https:\/\/excont.hu\/de\/wp-json\/wp\/v2\/product_cat?post=42441"},{"taxonomy":"product_tag","embeddable":true,"href":"https:\/\/excont.hu\/de\/wp-json\/wp\/v2\/product_tag?post=42441"}],"curies":[{"name":"wp","href":"https:\/\/api.w.org\/{rel}","templated":true}]}}