{"id":40207,"date":"2020-03-13T23:22:02","date_gmt":"2020-03-13T22:22:02","guid":{"rendered":"https:\/\/excont.hu\/keszlet\/20-uj-karmento-tartalykontener\/"},"modified":"2024-03-20T22:09:31","modified_gmt":"2024-03-20T21:09:31","slug":"neu-20-container-mit-gitterrostboden-und-auffangbecken-001","status":"publish","type":"product","link":"https:\/\/excont.hu\/de\/bestand\/neu-20-container-mit-gitterrostboden-und-auffangbecken-001\/","title":{"rendered":"Neu 20\u00b4 Container mit Gitterrostboden und Auffangbecken 001"},"content":{"rendered":"<p><strong>Technische Beschreibung:<\/strong><\/p>\n<ul>\n<li>Gr\u00f6\u00dfe: Standard, 20\u00b4<\/li>\n<li>Auffangbecken mit herausnehmbarem Gitterrostboden<\/li>\n<li>bei Bedarf sind auch mehrere T\u00fcren oder Seitent\u00fcr sowie passiver Bel\u00fcftung und Elektroinstallation bestellbar.<\/li>\n<\/ul>\n<p>&nbsp;<\/p>\n<p>Lieferzeit: innerhalb 2-3 Wochen!<\/p>\n","protected":false},"excerpt":{"rendered":"<p>Technische Beschreibung: Gr\u00f6\u00dfe: Standard, 20\u00b4 Auffangbecken mit herausnehmbarem Gitterrostboden bei Bedarf sind auch mehrere T\u00fcren oder Seitent\u00fcr sowie passiver Bel\u00fcftung und Elektroinstallation bestellbar. &nbsp; Lieferzeit: innerhalb 2-3 Wochen!<\/p>\n","protected":false},"featured_media":40208,"template":"","meta":[],"product_brand":[],"product_cat":[159],"product_tag":[],"class_list":{"0":"post-40207","1":"product","2":"type-product","3":"status-publish","4":"has-post-thumbnail","6":"product_cat-spezialcontainer","8":"first","9":"instock","10":"shipping-taxable","11":"purchasable","12":"product-type-simple"},"yoast_head":"<!-- This site is optimized with the Yoast SEO plugin v26.1.1 - https:\/\/yoast.com\/wordpress\/plugins\/seo\/ -->\n<title>Neu 20\u00b4 Container mit Gitterrostboden und Auffangbecken 001 | EXcont Container<\/title>\n<meta name=\"robots\" content=\"index, follow, max-snippet:-1, max-image-preview:large, max-video-preview:-1\" \/>\n<link rel=\"canonical\" href=\"https:\/\/excont.hu\/de\/bestand\/neu-20-container-mit-gitterrostboden-und-auffangbecken-001\/\" \/>\n<meta property=\"og:locale\" content=\"de_DE\" \/>\n<meta property=\"og:type\" content=\"article\" \/>\n<meta property=\"og:title\" content=\"Neu 20\u00b4 Container mit Gitterrostboden und Auffangbecken 001 | EXcont Container\" \/>\n<meta property=\"og:description\" content=\"Technische Beschreibung: Gr\u00f6\u00dfe: Standard, 20\u00b4 Auffangbecken mit herausnehmbarem Gitterrostboden bei Bedarf sind auch mehrere T\u00fcren oder Seitent\u00fcr sowie passiver Bel\u00fcftung und Elektroinstallation bestellbar. &nbsp; Lieferzeit: innerhalb 2-3 Wochen!\" \/>\n<meta property=\"og:url\" content=\"https:\/\/excont.hu\/de\/bestand\/neu-20-container-mit-gitterrostboden-und-auffangbecken-001\/\" \/>\n<meta property=\"og:site_name\" content=\"EXcont Container\" \/>\n<meta property=\"article:modified_time\" content=\"2024-03-20T21:09:31+00:00\" \/>\n<meta property=\"og:image\" content=\"https:\/\/excont.hu\/wp-content\/uploads\/container1603.jpg\" \/>\n\t<meta property=\"og:image:width\" content=\"1190\" \/>\n\t<meta property=\"og:image:height\" content=\"893\" \/>\n\t<meta property=\"og:image:type\" content=\"image\/jpeg\" \/>\n<meta name=\"twitter:card\" content=\"summary_large_image\" \/>\n<meta name=\"twitter:label1\" content=\"Gesch\u00e4tzte Lesezeit\" \/>\n\t<meta name=\"twitter:data1\" content=\"1\u00a0Minute\" \/>\n<script type=\"application\/ld+json\" class=\"yoast-schema-graph\">{\"@context\":\"https:\/\/schema.org\",\"@graph\":[{\"@type\":\"WebPage\",\"@id\":\"https:\/\/excont.hu\/de\/bestand\/neu-20-container-mit-gitterrostboden-und-auffangbecken-001\/\",\"url\":\"https:\/\/excont.hu\/de\/bestand\/neu-20-container-mit-gitterrostboden-und-auffangbecken-001\/\",\"name\":\"Neu 20\u00b4 Container mit Gitterrostboden und Auffangbecken 001 | EXcont Container\",\"isPartOf\":{\"@id\":\"https:\/\/excont.hu\/de\/#website\"},\"primaryImageOfPage\":{\"@id\":\"https:\/\/excont.hu\/de\/bestand\/neu-20-container-mit-gitterrostboden-und-auffangbecken-001\/#primaryimage\"},\"image\":{\"@id\":\"https:\/\/excont.hu\/de\/bestand\/neu-20-container-mit-gitterrostboden-und-auffangbecken-001\/#primaryimage\"},\"thumbnailUrl\":\"https:\/\/excont.hu\/wp-content\/uploads\/container1603.jpg\",\"datePublished\":\"2020-03-13T22:22:02+00:00\",\"dateModified\":\"2024-03-20T21:09:31+00:00\",\"breadcrumb\":{\"@id\":\"https:\/\/excont.hu\/de\/bestand\/neu-20-container-mit-gitterrostboden-und-auffangbecken-001\/#breadcrumb\"},\"inLanguage\":\"de\",\"potentialAction\":[{\"@type\":\"ReadAction\",\"target\":[\"https:\/\/excont.hu\/de\/bestand\/neu-20-container-mit-gitterrostboden-und-auffangbecken-001\/\"]}]},{\"@type\":\"ImageObject\",\"inLanguage\":\"de\",\"@id\":\"https:\/\/excont.hu\/de\/bestand\/neu-20-container-mit-gitterrostboden-und-auffangbecken-001\/#primaryimage\",\"url\":\"https:\/\/excont.hu\/wp-content\/uploads\/container1603.jpg\",\"contentUrl\":\"https:\/\/excont.hu\/wp-content\/uploads\/container1603.jpg\",\"width\":1190,\"height\":893},{\"@type\":\"BreadcrumbList\",\"@id\":\"https:\/\/excont.hu\/de\/bestand\/neu-20-container-mit-gitterrostboden-und-auffangbecken-001\/#breadcrumb\",\"itemListElement\":[{\"@type\":\"ListItem\",\"position\":1,\"name\":\"Home\",\"item\":\"https:\/\/excont.hu\/de\/\"},{\"@type\":\"ListItem\",\"position\":2,\"name\":\"Bestand\",\"item\":\"https:\/\/excont.hu\/de\/bestand\/\"},{\"@type\":\"ListItem\",\"position\":3,\"name\":\"Neu 20\u00b4 Container mit Gitterrostboden und Auffangbecken 001\"}]},{\"@type\":\"WebSite\",\"@id\":\"https:\/\/excont.hu\/de\/#website\",\"url\":\"https:\/\/excont.hu\/de\/\",\"name\":\"EXcont Container Kft.\",\"description\":\"L\u00e9pjen ki a helyprobl\u00e9m\u00e1b\u00f3l\",\"publisher\":{\"@id\":\"https:\/\/excont.hu\/de\/#organization\"},\"potentialAction\":[{\"@type\":\"SearchAction\",\"target\":{\"@type\":\"EntryPoint\",\"urlTemplate\":\"https:\/\/excont.hu\/de\/?s={search_term_string}\"},\"query-input\":{\"@type\":\"PropertyValueSpecification\",\"valueRequired\":true,\"valueName\":\"search_term_string\"}}],\"inLanguage\":\"de\"},{\"@type\":\"Organization\",\"@id\":\"https:\/\/excont.hu\/de\/#organization\",\"name\":\"EXcont Container Ltd.\",\"url\":\"https:\/\/excont.hu\/de\/\",\"logo\":{\"@type\":\"ImageObject\",\"inLanguage\":\"de\",\"@id\":\"https:\/\/excont.hu\/de\/#\/schema\/logo\/image\/\",\"url\":\"https:\/\/excont.hu\/wp-content\/uploads\/favicon.png\",\"contentUrl\":\"https:\/\/excont.hu\/wp-content\/uploads\/favicon.png\",\"width\":150,\"height\":150,\"caption\":\"EXcont Container Ltd.\"},\"image\":{\"@id\":\"https:\/\/excont.hu\/de\/#\/schema\/logo\/image\/\"}}]}<\/script>\n<!-- \/ Yoast SEO plugin. -->","yoast_head_json":{"title":"Neu 20\u00b4 Container mit Gitterrostboden und Auffangbecken 001 | EXcont Container","robots":{"index":"index","follow":"follow","max-snippet":"max-snippet:-1","max-image-preview":"max-image-preview:large","max-video-preview":"max-video-preview:-1"},"canonical":"https:\/\/excont.hu\/de\/bestand\/neu-20-container-mit-gitterrostboden-und-auffangbecken-001\/","og_locale":"de_DE","og_type":"article","og_title":"Neu 20\u00b4 Container mit Gitterrostboden und Auffangbecken 001 | EXcont Container","og_description":"Technische Beschreibung: Gr\u00f6\u00dfe: Standard, 20\u00b4 Auffangbecken mit herausnehmbarem Gitterrostboden bei Bedarf sind auch mehrere T\u00fcren oder Seitent\u00fcr sowie passiver Bel\u00fcftung und Elektroinstallation bestellbar. &nbsp; Lieferzeit: innerhalb 2-3 Wochen!","og_url":"https:\/\/excont.hu\/de\/bestand\/neu-20-container-mit-gitterrostboden-und-auffangbecken-001\/","og_site_name":"EXcont Container","article_modified_time":"2024-03-20T21:09:31+00:00","og_image":[{"width":1190,"height":893,"url":"https:\/\/excont.hu\/wp-content\/uploads\/container1603.jpg","type":"image\/jpeg"}],"twitter_card":"summary_large_image","twitter_misc":{"Gesch\u00e4tzte Lesezeit":"1\u00a0Minute"},"schema":{"@context":"https:\/\/schema.org","@graph":[{"@type":"WebPage","@id":"https:\/\/excont.hu\/de\/bestand\/neu-20-container-mit-gitterrostboden-und-auffangbecken-001\/","url":"https:\/\/excont.hu\/de\/bestand\/neu-20-container-mit-gitterrostboden-und-auffangbecken-001\/","name":"Neu 20\u00b4 Container mit Gitterrostboden und Auffangbecken 001 | EXcont Container","isPartOf":{"@id":"https:\/\/excont.hu\/de\/#website"},"primaryImageOfPage":{"@id":"https:\/\/excont.hu\/de\/bestand\/neu-20-container-mit-gitterrostboden-und-auffangbecken-001\/#primaryimage"},"image":{"@id":"https:\/\/excont.hu\/de\/bestand\/neu-20-container-mit-gitterrostboden-und-auffangbecken-001\/#primaryimage"},"thumbnailUrl":"https:\/\/excont.hu\/wp-content\/uploads\/container1603.jpg","datePublished":"2020-03-13T22:22:02+00:00","dateModified":"2024-03-20T21:09:31+00:00","breadcrumb":{"@id":"https:\/\/excont.hu\/de\/bestand\/neu-20-container-mit-gitterrostboden-und-auffangbecken-001\/#breadcrumb"},"inLanguage":"de","potentialAction":[{"@type":"ReadAction","target":["https:\/\/excont.hu\/de\/bestand\/neu-20-container-mit-gitterrostboden-und-auffangbecken-001\/"]}]},{"@type":"ImageObject","inLanguage":"de","@id":"https:\/\/excont.hu\/de\/bestand\/neu-20-container-mit-gitterrostboden-und-auffangbecken-001\/#primaryimage","url":"https:\/\/excont.hu\/wp-content\/uploads\/container1603.jpg","contentUrl":"https:\/\/excont.hu\/wp-content\/uploads\/container1603.jpg","width":1190,"height":893},{"@type":"BreadcrumbList","@id":"https:\/\/excont.hu\/de\/bestand\/neu-20-container-mit-gitterrostboden-und-auffangbecken-001\/#breadcrumb","itemListElement":[{"@type":"ListItem","position":1,"name":"Home","item":"https:\/\/excont.hu\/de\/"},{"@type":"ListItem","position":2,"name":"Bestand","item":"https:\/\/excont.hu\/de\/bestand\/"},{"@type":"ListItem","position":3,"name":"Neu 20\u00b4 Container mit Gitterrostboden und Auffangbecken 001"}]},{"@type":"WebSite","@id":"https:\/\/excont.hu\/de\/#website","url":"https:\/\/excont.hu\/de\/","name":"EXcont Container Kft.","description":"L\u00e9pjen ki a helyprobl\u00e9m\u00e1b\u00f3l","publisher":{"@id":"https:\/\/excont.hu\/de\/#organization"},"potentialAction":[{"@type":"SearchAction","target":{"@type":"EntryPoint","urlTemplate":"https:\/\/excont.hu\/de\/?s={search_term_string}"},"query-input":{"@type":"PropertyValueSpecification","valueRequired":true,"valueName":"search_term_string"}}],"inLanguage":"de"},{"@type":"Organization","@id":"https:\/\/excont.hu\/de\/#organization","name":"EXcont Container Ltd.","url":"https:\/\/excont.hu\/de\/","logo":{"@type":"ImageObject","inLanguage":"de","@id":"https:\/\/excont.hu\/de\/#\/schema\/logo\/image\/","url":"https:\/\/excont.hu\/wp-content\/uploads\/favicon.png","contentUrl":"https:\/\/excont.hu\/wp-content\/uploads\/favicon.png","width":150,"height":150,"caption":"EXcont Container Ltd."},"image":{"@id":"https:\/\/excont.hu\/de\/#\/schema\/logo\/image\/"}}]}},"_links":{"self":[{"href":"https:\/\/excont.hu\/de\/wp-json\/wp\/v2\/product\/40207","targetHints":{"allow":["GET"]}}],"collection":[{"href":"https:\/\/excont.hu\/de\/wp-json\/wp\/v2\/product"}],"about":[{"href":"https:\/\/excont.hu\/de\/wp-json\/wp\/v2\/types\/product"}],"wp:featuredmedia":[{"embeddable":true,"href":"https:\/\/excont.hu\/de\/wp-json\/wp\/v2\/media\/40208"}],"wp:attachment":[{"href":"https:\/\/excont.hu\/de\/wp-json\/wp\/v2\/media?parent=40207"}],"wp:term":[{"taxonomy":"product_brand","embeddable":true,"href":"https:\/\/excont.hu\/de\/wp-json\/wp\/v2\/product_brand?post=40207"},{"taxonomy":"product_cat","embeddable":true,"href":"https:\/\/excont.hu\/de\/wp-json\/wp\/v2\/product_cat?post=40207"},{"taxonomy":"product_tag","embeddable":true,"href":"https:\/\/excont.hu\/de\/wp-json\/wp\/v2\/product_tag?post=40207"}],"curies":[{"name":"wp","href":"https:\/\/api.w.org\/{rel}","templated":true}]}}