{"id":40155,"date":"2020-01-13T19:14:09","date_gmt":"2020-01-13T18:14:09","guid":{"rendered":"https:\/\/excont.hu\/keszlet\/uj-10-szigetelt-irodakontener\/"},"modified":"2024-03-20T22:13:39","modified_gmt":"2024-03-20T21:13:39","slug":"neu-10-buerocontainer-gedaemmt","status":"publish","type":"product","link":"https:\/\/excont.hu\/de\/bestand\/neu-10-buerocontainer-gedaemmt\/","title":{"rendered":"Neu 10\u00b4 B\u00fcrocontainer, ged\u00e4mmt"},"content":{"rendered":"<p>Zu Verkaufen \u2013 aus dem Lagerbestand direkt lieferbar ist der neue 10\u00b4 B\u00fcrocontainer auf den Bildern.<\/p>\n<p><strong>Technische Beschreibung<\/strong><\/p>\n<p><strong>Ma\u00dfe:<\/strong><\/p>\n<ul>\n<li>Breite: 2435 mm<\/li>\n<li>L\u00e4nge: 3000 mm<\/li>\n<li>Au\u00dfenh\u00f6he: 2590 mm<\/li>\n<li>Innenh\u00f6he: 2350 mm<\/li>\n<\/ul>\n<p><strong>D\u00e4mmung:<\/strong><\/p>\n<p>W\u00e4nde: 50 mm Steinwolle<\/p>\n<p>Dach: 120 mm Steinwolle<\/p>\n<p>Boden: 50 mm Steinwolle<\/p>\n<p><strong>Elektroinstallation: <\/strong>32A, 5-polig<br \/>\n<strong>Belastbarkeit: <\/strong>200 kg\/qm<br \/>\n<strong>Stapelbar<\/strong><\/p>\n<p><strong>Ausstattung:<\/strong><\/p>\n<p>2 x 900 x 1200 mm Standard-Kunststofffenster, Dreh-\/Kippfenster, inkl. Rollladen<\/p>\n<p>1 x 900 x 2050 mm Stahlau\u00dfent\u00fcr (ZK), ged\u00e4mmt<\/p>\n<p>1 x 2 kW Elektroheizk\u00f6rper<\/p>\n<p><strong>Bei Bedarf sind unsere neuen B\u00fcrocontainer auch mit Wunschma\u00dfen und abweichende Grundriss bestellbar.<\/strong><\/p>\n<p>extragro\u00dfer Container (bis zu 3000 x 8000 mm)<\/p>\n<p>extrakleiner Container (1500 x 2000 mm)<\/p>\n<p>mit erweiterter Innenh\u00f6he von bis zu 2540 mm<\/p>\n<p>mehrere Container zu einer Einheit (z. B. Gro\u00dfraumb\u00fcro) zusammenmontiert<\/p>\n<p>mit Innentrennw\u00e4nden ausgestattete Container<\/p>\n<p>mit Wasseranschluss ausgestattete Container<\/p>\n<p>&nbsp;<\/p>\n<p>Fragen Sie nach unserem individuellen Angebot f\u00fcr mehr technische oder bauliche Ausstattung und f\u00fcr variable Montagem\u00f6glichkeiten.<\/p>\n","protected":false},"excerpt":{"rendered":"<p>Zu Verkaufen \u2013 aus dem Lagerbestand direkt lieferbar ist der neue 10\u00b4 B\u00fcrocontainer auf den Bildern. Technische Beschreibung Ma\u00dfe: Breite: 2435 mm L\u00e4nge: 3000 mm Au\u00dfenh\u00f6he: 2590 mm Innenh\u00f6he: 2350 mm D\u00e4mmung: W\u00e4nde: 50 mm Steinwolle Dach: 120 mm Steinwolle<span class=\"excerpt-hellip\"> [\u2026]<\/span><\/p>\n","protected":false},"featured_media":40156,"template":"","meta":[],"product_brand":[],"product_cat":[158],"product_tag":[],"class_list":{"0":"post-40155","1":"product","2":"type-product","3":"status-publish","4":"has-post-thumbnail","6":"product_cat-burocontainer","8":"first","9":"instock","10":"shipping-taxable","11":"purchasable","12":"product-type-simple"},"yoast_head":"<!-- This site is optimized with the Yoast SEO plugin v26.1.1 - https:\/\/yoast.com\/wordpress\/plugins\/seo\/ -->\n<title>Neu 10\u00b4 B\u00fcrocontainer, ged\u00e4mmt | EXcont Container<\/title>\n<meta name=\"robots\" content=\"index, follow, max-snippet:-1, max-image-preview:large, max-video-preview:-1\" \/>\n<link rel=\"canonical\" href=\"https:\/\/excont.hu\/de\/bestand\/neu-10-buerocontainer-gedaemmt\/\" \/>\n<meta property=\"og:locale\" content=\"de_DE\" \/>\n<meta property=\"og:type\" content=\"article\" \/>\n<meta property=\"og:title\" content=\"Neu 10\u00b4 B\u00fcrocontainer, ged\u00e4mmt | EXcont Container\" \/>\n<meta property=\"og:description\" content=\"Zu Verkaufen \u2013 aus dem Lagerbestand direkt lieferbar ist der neue 10\u00b4 B\u00fcrocontainer auf den Bildern. Technische Beschreibung Ma\u00dfe: Breite: 2435 mm L\u00e4nge: 3000 mm Au\u00dfenh\u00f6he: 2590 mm Innenh\u00f6he: 2350 mm D\u00e4mmung: W\u00e4nde: 50 mm Steinwolle Dach: 120 mm Steinwolle [\u2026]\" \/>\n<meta property=\"og:url\" content=\"https:\/\/excont.hu\/de\/bestand\/neu-10-buerocontainer-gedaemmt\/\" \/>\n<meta property=\"og:site_name\" content=\"EXcont Container\" \/>\n<meta property=\"article:modified_time\" content=\"2024-03-20T21:13:39+00:00\" \/>\n<meta property=\"og:image\" content=\"https:\/\/excont.hu\/wp-content\/uploads\/container1201-scaled.jpg\" \/>\n\t<meta property=\"og:image:width\" content=\"1920\" \/>\n\t<meta property=\"og:image:height\" content=\"2560\" \/>\n\t<meta property=\"og:image:type\" content=\"image\/jpeg\" \/>\n<meta name=\"twitter:card\" content=\"summary_large_image\" \/>\n<meta name=\"twitter:label1\" content=\"Gesch\u00e4tzte Lesezeit\" \/>\n\t<meta name=\"twitter:data1\" content=\"1\u00a0Minute\" \/>\n<script type=\"application\/ld+json\" class=\"yoast-schema-graph\">{\"@context\":\"https:\/\/schema.org\",\"@graph\":[{\"@type\":\"WebPage\",\"@id\":\"https:\/\/excont.hu\/de\/bestand\/neu-10-buerocontainer-gedaemmt\/\",\"url\":\"https:\/\/excont.hu\/de\/bestand\/neu-10-buerocontainer-gedaemmt\/\",\"name\":\"Neu 10\u00b4 B\u00fcrocontainer, ged\u00e4mmt | EXcont Container\",\"isPartOf\":{\"@id\":\"https:\/\/excont.hu\/de\/#website\"},\"primaryImageOfPage\":{\"@id\":\"https:\/\/excont.hu\/de\/bestand\/neu-10-buerocontainer-gedaemmt\/#primaryimage\"},\"image\":{\"@id\":\"https:\/\/excont.hu\/de\/bestand\/neu-10-buerocontainer-gedaemmt\/#primaryimage\"},\"thumbnailUrl\":\"https:\/\/excont.hu\/wp-content\/uploads\/container1201-scaled.jpg\",\"datePublished\":\"2020-01-13T18:14:09+00:00\",\"dateModified\":\"2024-03-20T21:13:39+00:00\",\"breadcrumb\":{\"@id\":\"https:\/\/excont.hu\/de\/bestand\/neu-10-buerocontainer-gedaemmt\/#breadcrumb\"},\"inLanguage\":\"de\",\"potentialAction\":[{\"@type\":\"ReadAction\",\"target\":[\"https:\/\/excont.hu\/de\/bestand\/neu-10-buerocontainer-gedaemmt\/\"]}]},{\"@type\":\"ImageObject\",\"inLanguage\":\"de\",\"@id\":\"https:\/\/excont.hu\/de\/bestand\/neu-10-buerocontainer-gedaemmt\/#primaryimage\",\"url\":\"https:\/\/excont.hu\/wp-content\/uploads\/container1201-scaled.jpg\",\"contentUrl\":\"https:\/\/excont.hu\/wp-content\/uploads\/container1201-scaled.jpg\",\"width\":1920,\"height\":2560},{\"@type\":\"BreadcrumbList\",\"@id\":\"https:\/\/excont.hu\/de\/bestand\/neu-10-buerocontainer-gedaemmt\/#breadcrumb\",\"itemListElement\":[{\"@type\":\"ListItem\",\"position\":1,\"name\":\"Home\",\"item\":\"https:\/\/excont.hu\/de\/\"},{\"@type\":\"ListItem\",\"position\":2,\"name\":\"Bestand\",\"item\":\"https:\/\/excont.hu\/de\/bestand\/\"},{\"@type\":\"ListItem\",\"position\":3,\"name\":\"Neu 10\u00b4 B\u00fcrocontainer, ged\u00e4mmt\"}]},{\"@type\":\"WebSite\",\"@id\":\"https:\/\/excont.hu\/de\/#website\",\"url\":\"https:\/\/excont.hu\/de\/\",\"name\":\"EXcont Container Kft.\",\"description\":\"L\u00e9pjen ki a helyprobl\u00e9m\u00e1b\u00f3l\",\"publisher\":{\"@id\":\"https:\/\/excont.hu\/de\/#organization\"},\"potentialAction\":[{\"@type\":\"SearchAction\",\"target\":{\"@type\":\"EntryPoint\",\"urlTemplate\":\"https:\/\/excont.hu\/de\/?s={search_term_string}\"},\"query-input\":{\"@type\":\"PropertyValueSpecification\",\"valueRequired\":true,\"valueName\":\"search_term_string\"}}],\"inLanguage\":\"de\"},{\"@type\":\"Organization\",\"@id\":\"https:\/\/excont.hu\/de\/#organization\",\"name\":\"EXcont Container Ltd.\",\"url\":\"https:\/\/excont.hu\/de\/\",\"logo\":{\"@type\":\"ImageObject\",\"inLanguage\":\"de\",\"@id\":\"https:\/\/excont.hu\/de\/#\/schema\/logo\/image\/\",\"url\":\"https:\/\/excont.hu\/wp-content\/uploads\/favicon.png\",\"contentUrl\":\"https:\/\/excont.hu\/wp-content\/uploads\/favicon.png\",\"width\":150,\"height\":150,\"caption\":\"EXcont Container Ltd.\"},\"image\":{\"@id\":\"https:\/\/excont.hu\/de\/#\/schema\/logo\/image\/\"}}]}<\/script>\n<!-- \/ Yoast SEO plugin. -->","yoast_head_json":{"title":"Neu 10\u00b4 B\u00fcrocontainer, ged\u00e4mmt | EXcont Container","robots":{"index":"index","follow":"follow","max-snippet":"max-snippet:-1","max-image-preview":"max-image-preview:large","max-video-preview":"max-video-preview:-1"},"canonical":"https:\/\/excont.hu\/de\/bestand\/neu-10-buerocontainer-gedaemmt\/","og_locale":"de_DE","og_type":"article","og_title":"Neu 10\u00b4 B\u00fcrocontainer, ged\u00e4mmt | EXcont Container","og_description":"Zu Verkaufen \u2013 aus dem Lagerbestand direkt lieferbar ist der neue 10\u00b4 B\u00fcrocontainer auf den Bildern. Technische Beschreibung Ma\u00dfe: Breite: 2435 mm L\u00e4nge: 3000 mm Au\u00dfenh\u00f6he: 2590 mm Innenh\u00f6he: 2350 mm D\u00e4mmung: W\u00e4nde: 50 mm Steinwolle Dach: 120 mm Steinwolle [\u2026]","og_url":"https:\/\/excont.hu\/de\/bestand\/neu-10-buerocontainer-gedaemmt\/","og_site_name":"EXcont Container","article_modified_time":"2024-03-20T21:13:39+00:00","og_image":[{"width":1920,"height":2560,"url":"https:\/\/excont.hu\/wp-content\/uploads\/container1201-scaled.jpg","type":"image\/jpeg"}],"twitter_card":"summary_large_image","twitter_misc":{"Gesch\u00e4tzte Lesezeit":"1\u00a0Minute"},"schema":{"@context":"https:\/\/schema.org","@graph":[{"@type":"WebPage","@id":"https:\/\/excont.hu\/de\/bestand\/neu-10-buerocontainer-gedaemmt\/","url":"https:\/\/excont.hu\/de\/bestand\/neu-10-buerocontainer-gedaemmt\/","name":"Neu 10\u00b4 B\u00fcrocontainer, ged\u00e4mmt | EXcont Container","isPartOf":{"@id":"https:\/\/excont.hu\/de\/#website"},"primaryImageOfPage":{"@id":"https:\/\/excont.hu\/de\/bestand\/neu-10-buerocontainer-gedaemmt\/#primaryimage"},"image":{"@id":"https:\/\/excont.hu\/de\/bestand\/neu-10-buerocontainer-gedaemmt\/#primaryimage"},"thumbnailUrl":"https:\/\/excont.hu\/wp-content\/uploads\/container1201-scaled.jpg","datePublished":"2020-01-13T18:14:09+00:00","dateModified":"2024-03-20T21:13:39+00:00","breadcrumb":{"@id":"https:\/\/excont.hu\/de\/bestand\/neu-10-buerocontainer-gedaemmt\/#breadcrumb"},"inLanguage":"de","potentialAction":[{"@type":"ReadAction","target":["https:\/\/excont.hu\/de\/bestand\/neu-10-buerocontainer-gedaemmt\/"]}]},{"@type":"ImageObject","inLanguage":"de","@id":"https:\/\/excont.hu\/de\/bestand\/neu-10-buerocontainer-gedaemmt\/#primaryimage","url":"https:\/\/excont.hu\/wp-content\/uploads\/container1201-scaled.jpg","contentUrl":"https:\/\/excont.hu\/wp-content\/uploads\/container1201-scaled.jpg","width":1920,"height":2560},{"@type":"BreadcrumbList","@id":"https:\/\/excont.hu\/de\/bestand\/neu-10-buerocontainer-gedaemmt\/#breadcrumb","itemListElement":[{"@type":"ListItem","position":1,"name":"Home","item":"https:\/\/excont.hu\/de\/"},{"@type":"ListItem","position":2,"name":"Bestand","item":"https:\/\/excont.hu\/de\/bestand\/"},{"@type":"ListItem","position":3,"name":"Neu 10\u00b4 B\u00fcrocontainer, ged\u00e4mmt"}]},{"@type":"WebSite","@id":"https:\/\/excont.hu\/de\/#website","url":"https:\/\/excont.hu\/de\/","name":"EXcont Container Kft.","description":"L\u00e9pjen ki a helyprobl\u00e9m\u00e1b\u00f3l","publisher":{"@id":"https:\/\/excont.hu\/de\/#organization"},"potentialAction":[{"@type":"SearchAction","target":{"@type":"EntryPoint","urlTemplate":"https:\/\/excont.hu\/de\/?s={search_term_string}"},"query-input":{"@type":"PropertyValueSpecification","valueRequired":true,"valueName":"search_term_string"}}],"inLanguage":"de"},{"@type":"Organization","@id":"https:\/\/excont.hu\/de\/#organization","name":"EXcont Container Ltd.","url":"https:\/\/excont.hu\/de\/","logo":{"@type":"ImageObject","inLanguage":"de","@id":"https:\/\/excont.hu\/de\/#\/schema\/logo\/image\/","url":"https:\/\/excont.hu\/wp-content\/uploads\/favicon.png","contentUrl":"https:\/\/excont.hu\/wp-content\/uploads\/favicon.png","width":150,"height":150,"caption":"EXcont Container Ltd."},"image":{"@id":"https:\/\/excont.hu\/de\/#\/schema\/logo\/image\/"}}]}},"_links":{"self":[{"href":"https:\/\/excont.hu\/de\/wp-json\/wp\/v2\/product\/40155","targetHints":{"allow":["GET"]}}],"collection":[{"href":"https:\/\/excont.hu\/de\/wp-json\/wp\/v2\/product"}],"about":[{"href":"https:\/\/excont.hu\/de\/wp-json\/wp\/v2\/types\/product"}],"wp:featuredmedia":[{"embeddable":true,"href":"https:\/\/excont.hu\/de\/wp-json\/wp\/v2\/media\/40156"}],"wp:attachment":[{"href":"https:\/\/excont.hu\/de\/wp-json\/wp\/v2\/media?parent=40155"}],"wp:term":[{"taxonomy":"product_brand","embeddable":true,"href":"https:\/\/excont.hu\/de\/wp-json\/wp\/v2\/product_brand?post=40155"},{"taxonomy":"product_cat","embeddable":true,"href":"https:\/\/excont.hu\/de\/wp-json\/wp\/v2\/product_cat?post=40155"},{"taxonomy":"product_tag","embeddable":true,"href":"https:\/\/excont.hu\/de\/wp-json\/wp\/v2\/product_tag?post=40155"}],"curies":[{"name":"wp","href":"https:\/\/api.w.org\/{rel}","templated":true}]}}