{"id":40003,"date":"2022-01-24T21:09:05","date_gmt":"2022-01-24T20:09:05","guid":{"rendered":"https:\/\/excont.hu\/keszlet\/uj-egyutas-iso-20-tengeri-raktarkontener-3\/"},"modified":"2024-04-15T12:41:20","modified_gmt":"2024-04-15T11:41:20","slug":"neu-one-way-iso-20-dc-seecontainer-004","status":"publish","type":"product","link":"https:\/\/excont.hu\/de\/bestand\/neu-one-way-iso-20-dc-seecontainer-004\/","title":{"rendered":"Neu\/One-way ISO 20\u2019 DC Seecontainer 004"},"content":{"rendered":"<p>Zu Verkaufen \u2013 mehrere neue ISO 20\u2019 Seecontainer, one-way, in verschiedenen Farbvarianten.<\/p>\n<p><strong>Gr\u00f6\u00dfen:<\/strong><\/p>\n<table class=\"size-table\">\n<tbody>\n<tr>\n<td><strong>Extern<\/strong><\/td>\n<td>L\u00e4nge<br \/>\nBreite<br \/>\nH\u00f6he<\/td>\n<td>6058 mm<br \/>\n2438 mm<br \/>\n2591 mm<\/td>\n<\/tr>\n<tr>\n<td><strong>Intern<\/strong><\/td>\n<td>L\u00e4nge<br \/>\nBreite<br \/>\nH\u00f6he<\/td>\n<td>5844 mm<br \/>\n2352 mm<br \/>\n2393 mm<\/td>\n<\/tr>\n<tr>\n<td><strong>T\u00fcr \u00f6ffnen<\/strong><\/td>\n<td>Breite<br \/>\nH\u00f6he<\/td>\n<td>2340 mm<br \/>\n2280 mm<\/td>\n<\/tr>\n<\/tbody>\n<\/table>\n<p>&nbsp;<\/p>\n<p>Die Farbauswahl ist stets von den aktuellen Verf\u00fcgbarkeiten abh\u00e4ngig.<\/p>\n<p>Nach Vorbestellung ist jede gew\u00fcnschte Farbe lieferbar. Aber der sofort lieferbare Lagerbestand \u00e4ndert sich stetig hinsichtlich der Farbauswahl. Fragen Sie nach unserer aktuellen Preisliste f\u00fcr weitere Informationen.<\/p>\n<p>Mehrere Einheiten in mehreren Farben sind aus dem Bestand direkt lieferbar: RAL 5010\/5013\/6028\/7035\/1015\/7016 (die Farbpalette kann sich jedoch jederzeit \u00e4ndern).<\/p>\n<p>Fragen Sie nach unserem individuellen Angebot f\u00fcr ein St\u00fcck oder auch f\u00fcr gr\u00f6\u00dfere Mengen!<\/p>\n<p>Wir \u00fcbernehmen gern den kosteng\u00fcnstigen, landesweiten Transport der Container.<\/p>\n<div id=\"gtx-trans\" style=\"position: absolute; left: 44px; top: 304.5px;\">\n<div class=\"gtx-trans-icon\"><\/div>\n<\/div>\n","protected":false},"excerpt":{"rendered":"<p>Zu Verkaufen \u2013 mehrere neue ISO 20\u2019 Seecontainer, one-way, in verschiedenen Farbvarianten. Gr\u00f6\u00dfen: Extern L\u00e4nge Breite H\u00f6he 6058 mm 2438 mm 2591 mm Intern L\u00e4nge Breite H\u00f6he 5844 mm 2352 mm 2393 mm T\u00fcr \u00f6ffnen Breite H\u00f6he 2340 mm 2280<span class=\"excerpt-hellip\"> [\u2026]<\/span><\/p>\n","protected":false},"featured_media":40004,"template":"","meta":[],"product_brand":[],"product_cat":[157],"product_tag":[],"class_list":{"0":"post-40003","1":"product","2":"type-product","3":"status-publish","4":"has-post-thumbnail","6":"product_cat-lagercontainer","8":"first","9":"instock","10":"sale","11":"shipping-taxable","12":"purchasable","13":"product-type-simple"},"yoast_head":"<!-- This site is optimized with the Yoast SEO plugin v26.1.1 - https:\/\/yoast.com\/wordpress\/plugins\/seo\/ -->\n<title>Neu\/One-way ISO 20\u2019 DC Seecontainer 004 | EXcont Container<\/title>\n<meta name=\"robots\" content=\"index, follow, max-snippet:-1, max-image-preview:large, max-video-preview:-1\" \/>\n<link rel=\"canonical\" href=\"https:\/\/excont.hu\/de\/bestand\/neu-one-way-iso-20-dc-seecontainer-004\/\" \/>\n<meta property=\"og:locale\" content=\"de_DE\" \/>\n<meta property=\"og:type\" content=\"article\" \/>\n<meta property=\"og:title\" content=\"Neu\/One-way ISO 20\u2019 DC Seecontainer 004 | EXcont Container\" \/>\n<meta property=\"og:description\" content=\"Zu Verkaufen \u2013 mehrere neue ISO 20\u2019 Seecontainer, one-way, in verschiedenen Farbvarianten. Gr\u00f6\u00dfen: Extern L\u00e4nge Breite H\u00f6he 6058 mm 2438 mm 2591 mm Intern L\u00e4nge Breite H\u00f6he 5844 mm 2352 mm 2393 mm T\u00fcr \u00f6ffnen Breite H\u00f6he 2340 mm 2280 [\u2026]\" \/>\n<meta property=\"og:url\" content=\"https:\/\/excont.hu\/de\/bestand\/neu-one-way-iso-20-dc-seecontainer-004\/\" \/>\n<meta property=\"og:site_name\" content=\"EXcont Container\" \/>\n<meta property=\"article:modified_time\" content=\"2024-04-15T11:41:20+00:00\" \/>\n<meta property=\"og:image\" content=\"https:\/\/excont.hu\/wp-content\/uploads\/container3301.jpg\" \/>\n\t<meta property=\"og:image:width\" content=\"1600\" \/>\n\t<meta property=\"og:image:height\" content=\"1200\" \/>\n\t<meta property=\"og:image:type\" content=\"image\/jpeg\" \/>\n<meta name=\"twitter:card\" content=\"summary_large_image\" \/>\n<meta name=\"twitter:label1\" content=\"Gesch\u00e4tzte Lesezeit\" \/>\n\t<meta name=\"twitter:data1\" content=\"1\u00a0Minute\" \/>\n<script type=\"application\/ld+json\" class=\"yoast-schema-graph\">{\"@context\":\"https:\/\/schema.org\",\"@graph\":[{\"@type\":\"WebPage\",\"@id\":\"https:\/\/excont.hu\/de\/bestand\/neu-one-way-iso-20-dc-seecontainer-004\/\",\"url\":\"https:\/\/excont.hu\/de\/bestand\/neu-one-way-iso-20-dc-seecontainer-004\/\",\"name\":\"Neu\/One-way ISO 20\u2019 DC Seecontainer 004 | EXcont Container\",\"isPartOf\":{\"@id\":\"https:\/\/excont.hu\/de\/#website\"},\"primaryImageOfPage\":{\"@id\":\"https:\/\/excont.hu\/de\/bestand\/neu-one-way-iso-20-dc-seecontainer-004\/#primaryimage\"},\"image\":{\"@id\":\"https:\/\/excont.hu\/de\/bestand\/neu-one-way-iso-20-dc-seecontainer-004\/#primaryimage\"},\"thumbnailUrl\":\"https:\/\/excont.hu\/wp-content\/uploads\/container3301.jpg\",\"datePublished\":\"2022-01-24T20:09:05+00:00\",\"dateModified\":\"2024-04-15T11:41:20+00:00\",\"breadcrumb\":{\"@id\":\"https:\/\/excont.hu\/de\/bestand\/neu-one-way-iso-20-dc-seecontainer-004\/#breadcrumb\"},\"inLanguage\":\"de\",\"potentialAction\":[{\"@type\":\"ReadAction\",\"target\":[\"https:\/\/excont.hu\/de\/bestand\/neu-one-way-iso-20-dc-seecontainer-004\/\"]}]},{\"@type\":\"ImageObject\",\"inLanguage\":\"de\",\"@id\":\"https:\/\/excont.hu\/de\/bestand\/neu-one-way-iso-20-dc-seecontainer-004\/#primaryimage\",\"url\":\"https:\/\/excont.hu\/wp-content\/uploads\/container3301.jpg\",\"contentUrl\":\"https:\/\/excont.hu\/wp-content\/uploads\/container3301.jpg\",\"width\":1600,\"height\":1200},{\"@type\":\"BreadcrumbList\",\"@id\":\"https:\/\/excont.hu\/de\/bestand\/neu-one-way-iso-20-dc-seecontainer-004\/#breadcrumb\",\"itemListElement\":[{\"@type\":\"ListItem\",\"position\":1,\"name\":\"Home\",\"item\":\"https:\/\/excont.hu\/de\/\"},{\"@type\":\"ListItem\",\"position\":2,\"name\":\"Bestand\",\"item\":\"https:\/\/excont.hu\/de\/bestand\/\"},{\"@type\":\"ListItem\",\"position\":3,\"name\":\"Neu\/One-way ISO 20\u2019 DC Seecontainer 004\"}]},{\"@type\":\"WebSite\",\"@id\":\"https:\/\/excont.hu\/de\/#website\",\"url\":\"https:\/\/excont.hu\/de\/\",\"name\":\"EXcont Container Kft.\",\"description\":\"L\u00e9pjen ki a helyprobl\u00e9m\u00e1b\u00f3l\",\"publisher\":{\"@id\":\"https:\/\/excont.hu\/de\/#organization\"},\"potentialAction\":[{\"@type\":\"SearchAction\",\"target\":{\"@type\":\"EntryPoint\",\"urlTemplate\":\"https:\/\/excont.hu\/de\/?s={search_term_string}\"},\"query-input\":{\"@type\":\"PropertyValueSpecification\",\"valueRequired\":true,\"valueName\":\"search_term_string\"}}],\"inLanguage\":\"de\"},{\"@type\":\"Organization\",\"@id\":\"https:\/\/excont.hu\/de\/#organization\",\"name\":\"EXcont Container Ltd.\",\"url\":\"https:\/\/excont.hu\/de\/\",\"logo\":{\"@type\":\"ImageObject\",\"inLanguage\":\"de\",\"@id\":\"https:\/\/excont.hu\/de\/#\/schema\/logo\/image\/\",\"url\":\"https:\/\/excont.hu\/wp-content\/uploads\/favicon.png\",\"contentUrl\":\"https:\/\/excont.hu\/wp-content\/uploads\/favicon.png\",\"width\":150,\"height\":150,\"caption\":\"EXcont Container Ltd.\"},\"image\":{\"@id\":\"https:\/\/excont.hu\/de\/#\/schema\/logo\/image\/\"}}]}<\/script>\n<!-- \/ Yoast SEO plugin. -->","yoast_head_json":{"title":"Neu\/One-way ISO 20\u2019 DC Seecontainer 004 | EXcont Container","robots":{"index":"index","follow":"follow","max-snippet":"max-snippet:-1","max-image-preview":"max-image-preview:large","max-video-preview":"max-video-preview:-1"},"canonical":"https:\/\/excont.hu\/de\/bestand\/neu-one-way-iso-20-dc-seecontainer-004\/","og_locale":"de_DE","og_type":"article","og_title":"Neu\/One-way ISO 20\u2019 DC Seecontainer 004 | EXcont Container","og_description":"Zu Verkaufen \u2013 mehrere neue ISO 20\u2019 Seecontainer, one-way, in verschiedenen Farbvarianten. Gr\u00f6\u00dfen: Extern L\u00e4nge Breite H\u00f6he 6058 mm 2438 mm 2591 mm Intern L\u00e4nge Breite H\u00f6he 5844 mm 2352 mm 2393 mm T\u00fcr \u00f6ffnen Breite H\u00f6he 2340 mm 2280 [\u2026]","og_url":"https:\/\/excont.hu\/de\/bestand\/neu-one-way-iso-20-dc-seecontainer-004\/","og_site_name":"EXcont Container","article_modified_time":"2024-04-15T11:41:20+00:00","og_image":[{"width":1600,"height":1200,"url":"https:\/\/excont.hu\/wp-content\/uploads\/container3301.jpg","type":"image\/jpeg"}],"twitter_card":"summary_large_image","twitter_misc":{"Gesch\u00e4tzte Lesezeit":"1\u00a0Minute"},"schema":{"@context":"https:\/\/schema.org","@graph":[{"@type":"WebPage","@id":"https:\/\/excont.hu\/de\/bestand\/neu-one-way-iso-20-dc-seecontainer-004\/","url":"https:\/\/excont.hu\/de\/bestand\/neu-one-way-iso-20-dc-seecontainer-004\/","name":"Neu\/One-way ISO 20\u2019 DC Seecontainer 004 | EXcont Container","isPartOf":{"@id":"https:\/\/excont.hu\/de\/#website"},"primaryImageOfPage":{"@id":"https:\/\/excont.hu\/de\/bestand\/neu-one-way-iso-20-dc-seecontainer-004\/#primaryimage"},"image":{"@id":"https:\/\/excont.hu\/de\/bestand\/neu-one-way-iso-20-dc-seecontainer-004\/#primaryimage"},"thumbnailUrl":"https:\/\/excont.hu\/wp-content\/uploads\/container3301.jpg","datePublished":"2022-01-24T20:09:05+00:00","dateModified":"2024-04-15T11:41:20+00:00","breadcrumb":{"@id":"https:\/\/excont.hu\/de\/bestand\/neu-one-way-iso-20-dc-seecontainer-004\/#breadcrumb"},"inLanguage":"de","potentialAction":[{"@type":"ReadAction","target":["https:\/\/excont.hu\/de\/bestand\/neu-one-way-iso-20-dc-seecontainer-004\/"]}]},{"@type":"ImageObject","inLanguage":"de","@id":"https:\/\/excont.hu\/de\/bestand\/neu-one-way-iso-20-dc-seecontainer-004\/#primaryimage","url":"https:\/\/excont.hu\/wp-content\/uploads\/container3301.jpg","contentUrl":"https:\/\/excont.hu\/wp-content\/uploads\/container3301.jpg","width":1600,"height":1200},{"@type":"BreadcrumbList","@id":"https:\/\/excont.hu\/de\/bestand\/neu-one-way-iso-20-dc-seecontainer-004\/#breadcrumb","itemListElement":[{"@type":"ListItem","position":1,"name":"Home","item":"https:\/\/excont.hu\/de\/"},{"@type":"ListItem","position":2,"name":"Bestand","item":"https:\/\/excont.hu\/de\/bestand\/"},{"@type":"ListItem","position":3,"name":"Neu\/One-way ISO 20\u2019 DC Seecontainer 004"}]},{"@type":"WebSite","@id":"https:\/\/excont.hu\/de\/#website","url":"https:\/\/excont.hu\/de\/","name":"EXcont Container Kft.","description":"L\u00e9pjen ki a helyprobl\u00e9m\u00e1b\u00f3l","publisher":{"@id":"https:\/\/excont.hu\/de\/#organization"},"potentialAction":[{"@type":"SearchAction","target":{"@type":"EntryPoint","urlTemplate":"https:\/\/excont.hu\/de\/?s={search_term_string}"},"query-input":{"@type":"PropertyValueSpecification","valueRequired":true,"valueName":"search_term_string"}}],"inLanguage":"de"},{"@type":"Organization","@id":"https:\/\/excont.hu\/de\/#organization","name":"EXcont Container Ltd.","url":"https:\/\/excont.hu\/de\/","logo":{"@type":"ImageObject","inLanguage":"de","@id":"https:\/\/excont.hu\/de\/#\/schema\/logo\/image\/","url":"https:\/\/excont.hu\/wp-content\/uploads\/favicon.png","contentUrl":"https:\/\/excont.hu\/wp-content\/uploads\/favicon.png","width":150,"height":150,"caption":"EXcont Container Ltd."},"image":{"@id":"https:\/\/excont.hu\/de\/#\/schema\/logo\/image\/"}}]}},"_links":{"self":[{"href":"https:\/\/excont.hu\/de\/wp-json\/wp\/v2\/product\/40003","targetHints":{"allow":["GET"]}}],"collection":[{"href":"https:\/\/excont.hu\/de\/wp-json\/wp\/v2\/product"}],"about":[{"href":"https:\/\/excont.hu\/de\/wp-json\/wp\/v2\/types\/product"}],"wp:featuredmedia":[{"embeddable":true,"href":"https:\/\/excont.hu\/de\/wp-json\/wp\/v2\/media\/40004"}],"wp:attachment":[{"href":"https:\/\/excont.hu\/de\/wp-json\/wp\/v2\/media?parent=40003"}],"wp:term":[{"taxonomy":"product_brand","embeddable":true,"href":"https:\/\/excont.hu\/de\/wp-json\/wp\/v2\/product_brand?post=40003"},{"taxonomy":"product_cat","embeddable":true,"href":"https:\/\/excont.hu\/de\/wp-json\/wp\/v2\/product_cat?post=40003"},{"taxonomy":"product_tag","embeddable":true,"href":"https:\/\/excont.hu\/de\/wp-json\/wp\/v2\/product_tag?post=40003"}],"curies":[{"name":"wp","href":"https:\/\/api.w.org\/{rel}","templated":true}]}}